{"id":132,"date":"2019-03-06T17:54:04","date_gmt":"2019-03-06T16:54:04","guid":{"rendered":"http:\/\/sports-custom.com\/base\/?page_id=132"},"modified":"2025-12-08T16:36:37","modified_gmt":"2025-12-08T15:36:37","slug":"qui-sommes-nous","status":"publish","type":"page","link":"https:\/\/sports-custom.com\/CentraleSupelec\/qui-sommes-nous\/","title":{"rendered":"Qui sommes-nous ?"},"content":{"rendered":"<div class=\"wpb-content-wrapper\"><p>[vc_row css=\u00a0\u00bb.vc_custom_1554061720747{padding-top: 25px !important;}\u00a0\u00bb][vc_column][vc_column_text css=\u00a0\u00bb\u00a0\u00bb]<img loading=\"lazy\" decoding=\"async\" class=\"alignnone size-full wp-image-225 aligncenter\" src=\"http:\/\/sports-custom.com\/base\/wp-content\/uploads\/sites\/2\/2019\/03\/qsn.jpg\" alt=\"\" width=\"200\" height=\"271\" \/><\/p>\n<p style=\"text-align: center;\">La soci\u00e9t\u00e9 Sports Custom \/ MisteRugby est une entreprise familiale Fran\u00e7aise cr\u00e9\u00e9e en 2006 par deux fr\u00e8res rugbymen.<\/p>\n<p style=\"text-align: center;\">Nous sommes sp\u00e9cialis\u00e9s dans l\u2019 \u00e9quipement des clubs tout sport confondu en France, Europe, US et Afrique.<\/p>\n<p style=\"text-align: center;\">Plus de 600 clubs, f\u00e9d\u00e9rations, \u00e9coles et soci\u00e9t\u00e9s nous font confiance.<\/p>\n<p>[\/vc_column_text][\/vc_column][\/vc_row]<\/p>\n<\/div>","protected":false},"excerpt":{"rendered":"<p>[vc_row css=\u00a0\u00bb.vc_custom_1554061720747{padding-top: 25px !important;}\u00a0\u00bb][vc_column][vc_column_text css=\u00a0\u00bb\u00a0\u00bb] La soci\u00e9t\u00e9 Sports Custom \/ MisteRugby est une entreprise familiale Fran\u00e7aise cr\u00e9\u00e9e en 2006 par deux fr\u00e8res rugbymen. Nous sommes sp\u00e9cialis\u00e9s dans l\u2019 \u00e9quipement des clubs tout sport confondu en France, Europe, US et Afrique. Plus de 600 clubs, f\u00e9d\u00e9rations, \u00e9coles et soci\u00e9t\u00e9s nous font confiance. [\/vc_column_text][\/vc_column][\/vc_row]<\/p>\n","protected":false},"author":1,"featured_media":0,"parent":0,"menu_order":0,"comment_status":"closed","ping_status":"closed","template":"template-fullwidth.php","meta":{"footnotes":""},"class_list":["post-132","page","type-page","status-publish","hentry"],"yoast_head":"<!-- This site is optimized with the Yoast SEO plugin v26.9 - https:\/\/yoast.com\/product\/yoast-seo-wordpress\/ -->\n<title>Qui sommes-nous ? - centralesupelec<\/title>\n<meta name=\"robots\" content=\"noindex, follow, max-snippet:-1, max-image-preview:large, max-video-preview:-1\" \/>\n<meta property=\"og:locale\" content=\"fr_FR\" \/>\n<meta property=\"og:type\" content=\"article\" \/>\n<meta property=\"og:title\" content=\"Qui sommes-nous ? - centralesupelec\" \/>\n<meta property=\"og:description\" content=\"[vc_row css=\u00a0\u00bb.vc_custom_1554061720747{padding-top: 25px !important;}\u00a0\u00bb][vc_column][vc_column_text css=\u00a0\u00bb\u00a0\u00bb] La soci\u00e9t\u00e9 Sports Custom \/ MisteRugby est une entreprise familiale Fran\u00e7aise cr\u00e9\u00e9e en 2006 par deux fr\u00e8res rugbymen. Nous sommes sp\u00e9cialis\u00e9s dans l\u2019 \u00e9quipement des clubs tout sport confondu en France, Europe, US et Afrique. Plus de 600 clubs, f\u00e9d\u00e9rations, \u00e9coles et soci\u00e9t\u00e9s nous font confiance. [\/vc_column_text][\/vc_column][\/vc_row]\" \/>\n<meta property=\"og:url\" content=\"https:\/\/sports-custom.com\/CentraleSupelec\/qui-sommes-nous\/\" \/>\n<meta property=\"og:site_name\" content=\"centralesupelec\" \/>\n<meta property=\"article:modified_time\" content=\"2025-12-08T15:36:37+00:00\" \/>\n<meta property=\"og:image\" content=\"https:\/\/sports-custom.com\/CentraleSupelec\/wp-content\/uploads\/sites\/54\/2019\/03\/qsn.jpg\" \/>\n\t<meta property=\"og:image:width\" content=\"200\" \/>\n\t<meta property=\"og:image:height\" content=\"271\" \/>\n\t<meta property=\"og:image:type\" content=\"image\/jpeg\" \/>\n<meta name=\"twitter:card\" content=\"summary_large_image\" \/>\n<meta name=\"twitter:label1\" content=\"Dur\u00e9e de lecture estim\u00e9e\" \/>\n\t<meta name=\"twitter:data1\" content=\"1 minute\" \/>\n<script type=\"application\/ld+json\" class=\"yoast-schema-graph\">{\"@context\":\"https:\/\/schema.org\",\"@graph\":[{\"@type\":\"WebPage\",\"@id\":\"https:\/\/sports-custom.com\/CentraleSupelec\/qui-sommes-nous\/\",\"url\":\"https:\/\/sports-custom.com\/CentraleSupelec\/qui-sommes-nous\/\",\"name\":\"Qui sommes-nous ? - centralesupelec\",\"isPartOf\":{\"@id\":\"https:\/\/sports-custom.com\/CentraleSupelec\/#website\"},\"primaryImageOfPage\":{\"@id\":\"https:\/\/sports-custom.com\/CentraleSupelec\/qui-sommes-nous\/#primaryimage\"},\"image\":{\"@id\":\"https:\/\/sports-custom.com\/CentraleSupelec\/qui-sommes-nous\/#primaryimage\"},\"thumbnailUrl\":\"http:\/\/sports-custom.com\/base\/wp-content\/uploads\/sites\/2\/2019\/03\/qsn.jpg\",\"datePublished\":\"2019-03-06T16:54:04+00:00\",\"dateModified\":\"2025-12-08T15:36:37+00:00\",\"breadcrumb\":{\"@id\":\"https:\/\/sports-custom.com\/CentraleSupelec\/qui-sommes-nous\/#breadcrumb\"},\"inLanguage\":\"fr-FR\",\"potentialAction\":[{\"@type\":\"ReadAction\",\"target\":[\"https:\/\/sports-custom.com\/CentraleSupelec\/qui-sommes-nous\/\"]}]},{\"@type\":\"ImageObject\",\"inLanguage\":\"fr-FR\",\"@id\":\"https:\/\/sports-custom.com\/CentraleSupelec\/qui-sommes-nous\/#primaryimage\",\"url\":\"http:\/\/sports-custom.com\/base\/wp-content\/uploads\/sites\/2\/2019\/03\/qsn.jpg\",\"contentUrl\":\"http:\/\/sports-custom.com\/base\/wp-content\/uploads\/sites\/2\/2019\/03\/qsn.jpg\"},{\"@type\":\"BreadcrumbList\",\"@id\":\"https:\/\/sports-custom.com\/CentraleSupelec\/qui-sommes-nous\/#breadcrumb\",\"itemListElement\":[{\"@type\":\"ListItem\",\"position\":1,\"name\":\"Accueil\",\"item\":\"https:\/\/sports-custom.com\/CentraleSupelec\/\"},{\"@type\":\"ListItem\",\"position\":2,\"name\":\"Qui sommes-nous ?\"}]},{\"@type\":\"WebSite\",\"@id\":\"https:\/\/sports-custom.com\/CentraleSupelec\/#website\",\"url\":\"https:\/\/sports-custom.com\/CentraleSupelec\/\",\"name\":\"centralesupelec\",\"description\":\"\",\"publisher\":{\"@id\":\"https:\/\/sports-custom.com\/CentraleSupelec\/#organization\"},\"potentialAction\":[{\"@type\":\"SearchAction\",\"target\":{\"@type\":\"EntryPoint\",\"urlTemplate\":\"https:\/\/sports-custom.com\/CentraleSupelec\/?s={search_term_string}\"},\"query-input\":{\"@type\":\"PropertyValueSpecification\",\"valueRequired\":true,\"valueName\":\"search_term_string\"}}],\"inLanguage\":\"fr-FR\"},{\"@type\":\"Organization\",\"@id\":\"https:\/\/sports-custom.com\/CentraleSupelec\/#organization\",\"name\":\"centralesupelec\",\"url\":\"https:\/\/sports-custom.com\/CentraleSupelec\/\",\"logo\":{\"@type\":\"ImageObject\",\"inLanguage\":\"fr-FR\",\"@id\":\"https:\/\/sports-custom.com\/CentraleSupelec\/#\/schema\/logo\/image\/\",\"url\":\"https:\/\/sports-custom.com\/CentraleSupelec\/wp-content\/uploads\/sites\/54\/2021\/10\/cropped-Sans-titre-4.jpg\",\"contentUrl\":\"https:\/\/sports-custom.com\/CentraleSupelec\/wp-content\/uploads\/sites\/54\/2021\/10\/cropped-Sans-titre-4.jpg\",\"width\":736,\"height\":385,\"caption\":\"centralesupelec\"},\"image\":{\"@id\":\"https:\/\/sports-custom.com\/CentraleSupelec\/#\/schema\/logo\/image\/\"}}]}<\/script>\n<!-- \/ Yoast SEO plugin. -->","yoast_head_json":{"title":"Qui sommes-nous ? - centralesupelec","robots":{"index":"noindex","follow":"follow","max-snippet":"max-snippet:-1","max-image-preview":"max-image-preview:large","max-video-preview":"max-video-preview:-1"},"og_locale":"fr_FR","og_type":"article","og_title":"Qui sommes-nous ? - centralesupelec","og_description":"[vc_row css=\u00a0\u00bb.vc_custom_1554061720747{padding-top: 25px !important;}\u00a0\u00bb][vc_column][vc_column_text css=\u00a0\u00bb\u00a0\u00bb] La soci\u00e9t\u00e9 Sports Custom \/ MisteRugby est une entreprise familiale Fran\u00e7aise cr\u00e9\u00e9e en 2006 par deux fr\u00e8res rugbymen. Nous sommes sp\u00e9cialis\u00e9s dans l\u2019 \u00e9quipement des clubs tout sport confondu en France, Europe, US et Afrique. Plus de 600 clubs, f\u00e9d\u00e9rations, \u00e9coles et soci\u00e9t\u00e9s nous font confiance. [\/vc_column_text][\/vc_column][\/vc_row]","og_url":"https:\/\/sports-custom.com\/CentraleSupelec\/qui-sommes-nous\/","og_site_name":"centralesupelec","article_modified_time":"2025-12-08T15:36:37+00:00","og_image":[{"width":200,"height":271,"url":"https:\/\/sports-custom.com\/CentraleSupelec\/wp-content\/uploads\/sites\/54\/2019\/03\/qsn.jpg","type":"image\/jpeg"}],"twitter_card":"summary_large_image","twitter_misc":{"Dur\u00e9e de lecture estim\u00e9e":"1 minute"},"schema":{"@context":"https:\/\/schema.org","@graph":[{"@type":"WebPage","@id":"https:\/\/sports-custom.com\/CentraleSupelec\/qui-sommes-nous\/","url":"https:\/\/sports-custom.com\/CentraleSupelec\/qui-sommes-nous\/","name":"Qui sommes-nous ? - centralesupelec","isPartOf":{"@id":"https:\/\/sports-custom.com\/CentraleSupelec\/#website"},"primaryImageOfPage":{"@id":"https:\/\/sports-custom.com\/CentraleSupelec\/qui-sommes-nous\/#primaryimage"},"image":{"@id":"https:\/\/sports-custom.com\/CentraleSupelec\/qui-sommes-nous\/#primaryimage"},"thumbnailUrl":"http:\/\/sports-custom.com\/base\/wp-content\/uploads\/sites\/2\/2019\/03\/qsn.jpg","datePublished":"2019-03-06T16:54:04+00:00","dateModified":"2025-12-08T15:36:37+00:00","breadcrumb":{"@id":"https:\/\/sports-custom.com\/CentraleSupelec\/qui-sommes-nous\/#breadcrumb"},"inLanguage":"fr-FR","potentialAction":[{"@type":"ReadAction","target":["https:\/\/sports-custom.com\/CentraleSupelec\/qui-sommes-nous\/"]}]},{"@type":"ImageObject","inLanguage":"fr-FR","@id":"https:\/\/sports-custom.com\/CentraleSupelec\/qui-sommes-nous\/#primaryimage","url":"http:\/\/sports-custom.com\/base\/wp-content\/uploads\/sites\/2\/2019\/03\/qsn.jpg","contentUrl":"http:\/\/sports-custom.com\/base\/wp-content\/uploads\/sites\/2\/2019\/03\/qsn.jpg"},{"@type":"BreadcrumbList","@id":"https:\/\/sports-custom.com\/CentraleSupelec\/qui-sommes-nous\/#breadcrumb","itemListElement":[{"@type":"ListItem","position":1,"name":"Accueil","item":"https:\/\/sports-custom.com\/CentraleSupelec\/"},{"@type":"ListItem","position":2,"name":"Qui sommes-nous ?"}]},{"@type":"WebSite","@id":"https:\/\/sports-custom.com\/CentraleSupelec\/#website","url":"https:\/\/sports-custom.com\/CentraleSupelec\/","name":"centralesupelec","description":"","publisher":{"@id":"https:\/\/sports-custom.com\/CentraleSupelec\/#organization"},"potentialAction":[{"@type":"SearchAction","target":{"@type":"EntryPoint","urlTemplate":"https:\/\/sports-custom.com\/CentraleSupelec\/?s={search_term_string}"},"query-input":{"@type":"PropertyValueSpecification","valueRequired":true,"valueName":"search_term_string"}}],"inLanguage":"fr-FR"},{"@type":"Organization","@id":"https:\/\/sports-custom.com\/CentraleSupelec\/#organization","name":"centralesupelec","url":"https:\/\/sports-custom.com\/CentraleSupelec\/","logo":{"@type":"ImageObject","inLanguage":"fr-FR","@id":"https:\/\/sports-custom.com\/CentraleSupelec\/#\/schema\/logo\/image\/","url":"https:\/\/sports-custom.com\/CentraleSupelec\/wp-content\/uploads\/sites\/54\/2021\/10\/cropped-Sans-titre-4.jpg","contentUrl":"https:\/\/sports-custom.com\/CentraleSupelec\/wp-content\/uploads\/sites\/54\/2021\/10\/cropped-Sans-titre-4.jpg","width":736,"height":385,"caption":"centralesupelec"},"image":{"@id":"https:\/\/sports-custom.com\/CentraleSupelec\/#\/schema\/logo\/image\/"}}]}},"_links":{"self":[{"href":"https:\/\/sports-custom.com\/CentraleSupelec\/wp-json\/wp\/v2\/pages\/132","targetHints":{"allow":["GET"]}}],"collection":[{"href":"https:\/\/sports-custom.com\/CentraleSupelec\/wp-json\/wp\/v2\/pages"}],"about":[{"href":"https:\/\/sports-custom.com\/CentraleSupelec\/wp-json\/wp\/v2\/types\/page"}],"author":[{"embeddable":true,"href":"https:\/\/sports-custom.com\/CentraleSupelec\/wp-json\/wp\/v2\/users\/1"}],"replies":[{"embeddable":true,"href":"https:\/\/sports-custom.com\/CentraleSupelec\/wp-json\/wp\/v2\/comments?post=132"}],"version-history":[{"count":6,"href":"https:\/\/sports-custom.com\/CentraleSupelec\/wp-json\/wp\/v2\/pages\/132\/revisions"}],"predecessor-version":[{"id":2102,"href":"https:\/\/sports-custom.com\/CentraleSupelec\/wp-json\/wp\/v2\/pages\/132\/revisions\/2102"}],"wp:attachment":[{"href":"https:\/\/sports-custom.com\/CentraleSupelec\/wp-json\/wp\/v2\/media?parent=132"}],"curies":[{"name":"wp","href":"https:\/\/api.w.org\/{rel}","templated":true}]}}