{"id":2140,"date":"2026-02-09T10:59:50","date_gmt":"2026-02-09T09:59:50","guid":{"rendered":"https:\/\/sports-custom.com\/CentraleSupelec\/?post_type=product&#038;p=2140"},"modified":"2026-02-09T11:01:06","modified_gmt":"2026-02-09T10:01:06","slug":"veste-zippee-mizuno-gris-femme-modele-fz-hoodie","status":"publish","type":"product","link":"https:\/\/sports-custom.com\/CentraleSupelec\/produit\/veste-zippee-mizuno-gris-femme-modele-fz-hoodie\/","title":{"rendered":"Veste zipp\u00e9e Mizuno gris femme \u2013 mod\u00e8le FZ HOODIE"},"content":{"rendered":"","protected":false},"excerpt":{"rendered":"<ul>\n<li>80% coton \u2013 20% polyester<\/li>\n<li>veste avec zip complet<\/li>\n<li>poches lat\u00e9rales kangourou<\/li>\n<li>mati\u00e8re molleton 280 gr<\/li>\n<li>logo CS en transfert<\/li>\n<li>coupe f\u00e9minine cintr\u00e9e<\/li>\n<\/ul>\n","protected":false},"featured_media":2148,"template":"","meta":[],"product_brand":[],"product_cat":[39],"product_tag":[],"class_list":{"0":"post-2140","1":"product","2":"type-product","3":"status-publish","4":"has-post-thumbnail","6":"product_cat-homme","8":"first","9":"instock","10":"taxable","11":"shipping-taxable","12":"purchasable","13":"product-type-variable"},"yoast_head":"<!-- This site is optimized with the Yoast SEO plugin v26.9 - https:\/\/yoast.com\/product\/yoast-seo-wordpress\/ -->\n<title>Veste zipp\u00e9e Mizuno gris femme \u2013 mod\u00e8le FZ HOODIE - centralesupelec<\/title>\n<meta name=\"robots\" content=\"noindex, follow, max-snippet:-1, max-image-preview:large, max-video-preview:-1\" \/>\n<meta property=\"og:locale\" content=\"fr_FR\" \/>\n<meta property=\"og:type\" content=\"article\" \/>\n<meta property=\"og:title\" content=\"Veste zipp\u00e9e Mizuno gris femme \u2013 mod\u00e8le FZ HOODIE - centralesupelec\" \/>\n<meta property=\"og:description\" content=\"80% coton \u2013 20% polyester  veste avec zip complet  poches lat\u00e9rales kangourou  mati\u00e8re molleton 280 gr  logo CS en transfert  coupe f\u00e9minine cintr\u00e9e\" \/>\n<meta property=\"og:url\" content=\"https:\/\/sports-custom.com\/CentraleSupelec\/produit\/veste-zippee-mizuno-gris-femme-modele-fz-hoodie\/\" \/>\n<meta property=\"og:site_name\" content=\"centralesupelec\" \/>\n<meta property=\"article:modified_time\" content=\"2026-02-09T10:01:06+00:00\" \/>\n<meta property=\"og:image\" content=\"http:\/\/sports-custom.com\/CentraleSupelec\/wp-content\/uploads\/sites\/54\/2026\/02\/Sans-titre-3.jpg\" \/>\n\t<meta property=\"og:image:width\" content=\"800\" \/>\n\t<meta property=\"og:image:height\" content=\"800\" \/>\n\t<meta property=\"og:image:type\" content=\"image\/jpeg\" \/>\n<meta name=\"twitter:card\" content=\"summary_large_image\" \/>\n<meta name=\"twitter:label1\" content=\"Dur\u00e9e de lecture estim\u00e9e\" \/>\n\t<meta name=\"twitter:data1\" content=\"1 minute\" \/>\n<script type=\"application\/ld+json\" class=\"yoast-schema-graph\">{\"@context\":\"https:\/\/schema.org\",\"@graph\":[{\"@type\":\"WebPage\",\"@id\":\"https:\/\/sports-custom.com\/CentraleSupelec\/produit\/veste-zippee-mizuno-gris-femme-modele-fz-hoodie\/\",\"url\":\"https:\/\/sports-custom.com\/CentraleSupelec\/produit\/veste-zippee-mizuno-gris-femme-modele-fz-hoodie\/\",\"name\":\"Veste zipp\u00e9e Mizuno gris femme \u2013 mod\u00e8le FZ HOODIE - centralesupelec\",\"isPartOf\":{\"@id\":\"https:\/\/sports-custom.com\/CentraleSupelec\/#website\"},\"primaryImageOfPage\":{\"@id\":\"https:\/\/sports-custom.com\/CentraleSupelec\/produit\/veste-zippee-mizuno-gris-femme-modele-fz-hoodie\/#primaryimage\"},\"image\":{\"@id\":\"https:\/\/sports-custom.com\/CentraleSupelec\/produit\/veste-zippee-mizuno-gris-femme-modele-fz-hoodie\/#primaryimage\"},\"thumbnailUrl\":\"https:\/\/sports-custom.com\/CentraleSupelec\/wp-content\/uploads\/sites\/54\/2026\/02\/Sans-titre-3.jpg\",\"datePublished\":\"2026-02-09T09:59:50+00:00\",\"dateModified\":\"2026-02-09T10:01:06+00:00\",\"breadcrumb\":{\"@id\":\"https:\/\/sports-custom.com\/CentraleSupelec\/produit\/veste-zippee-mizuno-gris-femme-modele-fz-hoodie\/#breadcrumb\"},\"inLanguage\":\"fr-FR\",\"potentialAction\":[{\"@type\":\"ReadAction\",\"target\":[\"https:\/\/sports-custom.com\/CentraleSupelec\/produit\/veste-zippee-mizuno-gris-femme-modele-fz-hoodie\/\"]}]},{\"@type\":\"ImageObject\",\"inLanguage\":\"fr-FR\",\"@id\":\"https:\/\/sports-custom.com\/CentraleSupelec\/produit\/veste-zippee-mizuno-gris-femme-modele-fz-hoodie\/#primaryimage\",\"url\":\"https:\/\/sports-custom.com\/CentraleSupelec\/wp-content\/uploads\/sites\/54\/2026\/02\/Sans-titre-3.jpg\",\"contentUrl\":\"https:\/\/sports-custom.com\/CentraleSupelec\/wp-content\/uploads\/sites\/54\/2026\/02\/Sans-titre-3.jpg\",\"width\":800,\"height\":800},{\"@type\":\"BreadcrumbList\",\"@id\":\"https:\/\/sports-custom.com\/CentraleSupelec\/produit\/veste-zippee-mizuno-gris-femme-modele-fz-hoodie\/#breadcrumb\",\"itemListElement\":[{\"@type\":\"ListItem\",\"position\":1,\"name\":\"Accueil\",\"item\":\"https:\/\/sports-custom.com\/CentraleSupelec\/\"},{\"@type\":\"ListItem\",\"position\":2,\"name\":\"Boutique\",\"item\":\"https:\/\/sports-custom.com\/CentraleSupelec\/\"},{\"@type\":\"ListItem\",\"position\":3,\"name\":\"Veste zipp\u00e9e Mizuno gris femme \u2013 mod\u00e8le FZ HOODIE\"}]},{\"@type\":\"WebSite\",\"@id\":\"https:\/\/sports-custom.com\/CentraleSupelec\/#website\",\"url\":\"https:\/\/sports-custom.com\/CentraleSupelec\/\",\"name\":\"centralesupelec\",\"description\":\"\",\"publisher\":{\"@id\":\"https:\/\/sports-custom.com\/CentraleSupelec\/#organization\"},\"potentialAction\":[{\"@type\":\"SearchAction\",\"target\":{\"@type\":\"EntryPoint\",\"urlTemplate\":\"https:\/\/sports-custom.com\/CentraleSupelec\/?s={search_term_string}\"},\"query-input\":{\"@type\":\"PropertyValueSpecification\",\"valueRequired\":true,\"valueName\":\"search_term_string\"}}],\"inLanguage\":\"fr-FR\"},{\"@type\":\"Organization\",\"@id\":\"https:\/\/sports-custom.com\/CentraleSupelec\/#organization\",\"name\":\"centralesupelec\",\"url\":\"https:\/\/sports-custom.com\/CentraleSupelec\/\",\"logo\":{\"@type\":\"ImageObject\",\"inLanguage\":\"fr-FR\",\"@id\":\"https:\/\/sports-custom.com\/CentraleSupelec\/#\/schema\/logo\/image\/\",\"url\":\"https:\/\/sports-custom.com\/CentraleSupelec\/wp-content\/uploads\/sites\/54\/2021\/10\/cropped-Sans-titre-4.jpg\",\"contentUrl\":\"https:\/\/sports-custom.com\/CentraleSupelec\/wp-content\/uploads\/sites\/54\/2021\/10\/cropped-Sans-titre-4.jpg\",\"width\":736,\"height\":385,\"caption\":\"centralesupelec\"},\"image\":{\"@id\":\"https:\/\/sports-custom.com\/CentraleSupelec\/#\/schema\/logo\/image\/\"}}]}<\/script>\n<!-- \/ Yoast SEO plugin. -->","yoast_head_json":{"title":"Veste zipp\u00e9e Mizuno gris femme \u2013 mod\u00e8le FZ HOODIE - centralesupelec","robots":{"index":"noindex","follow":"follow","max-snippet":"max-snippet:-1","max-image-preview":"max-image-preview:large","max-video-preview":"max-video-preview:-1"},"og_locale":"fr_FR","og_type":"article","og_title":"Veste zipp\u00e9e Mizuno gris femme \u2013 mod\u00e8le FZ HOODIE - centralesupelec","og_description":"80% coton \u2013 20% polyester  veste avec zip complet  poches lat\u00e9rales kangourou  mati\u00e8re molleton 280 gr  logo CS en transfert  coupe f\u00e9minine cintr\u00e9e","og_url":"https:\/\/sports-custom.com\/CentraleSupelec\/produit\/veste-zippee-mizuno-gris-femme-modele-fz-hoodie\/","og_site_name":"centralesupelec","article_modified_time":"2026-02-09T10:01:06+00:00","og_image":[{"width":800,"height":800,"url":"http:\/\/sports-custom.com\/CentraleSupelec\/wp-content\/uploads\/sites\/54\/2026\/02\/Sans-titre-3.jpg","type":"image\/jpeg"}],"twitter_card":"summary_large_image","twitter_misc":{"Dur\u00e9e de lecture estim\u00e9e":"1 minute"},"schema":{"@context":"https:\/\/schema.org","@graph":[{"@type":"WebPage","@id":"https:\/\/sports-custom.com\/CentraleSupelec\/produit\/veste-zippee-mizuno-gris-femme-modele-fz-hoodie\/","url":"https:\/\/sports-custom.com\/CentraleSupelec\/produit\/veste-zippee-mizuno-gris-femme-modele-fz-hoodie\/","name":"Veste zipp\u00e9e Mizuno gris femme \u2013 mod\u00e8le FZ HOODIE - centralesupelec","isPartOf":{"@id":"https:\/\/sports-custom.com\/CentraleSupelec\/#website"},"primaryImageOfPage":{"@id":"https:\/\/sports-custom.com\/CentraleSupelec\/produit\/veste-zippee-mizuno-gris-femme-modele-fz-hoodie\/#primaryimage"},"image":{"@id":"https:\/\/sports-custom.com\/CentraleSupelec\/produit\/veste-zippee-mizuno-gris-femme-modele-fz-hoodie\/#primaryimage"},"thumbnailUrl":"https:\/\/sports-custom.com\/CentraleSupelec\/wp-content\/uploads\/sites\/54\/2026\/02\/Sans-titre-3.jpg","datePublished":"2026-02-09T09:59:50+00:00","dateModified":"2026-02-09T10:01:06+00:00","breadcrumb":{"@id":"https:\/\/sports-custom.com\/CentraleSupelec\/produit\/veste-zippee-mizuno-gris-femme-modele-fz-hoodie\/#breadcrumb"},"inLanguage":"fr-FR","potentialAction":[{"@type":"ReadAction","target":["https:\/\/sports-custom.com\/CentraleSupelec\/produit\/veste-zippee-mizuno-gris-femme-modele-fz-hoodie\/"]}]},{"@type":"ImageObject","inLanguage":"fr-FR","@id":"https:\/\/sports-custom.com\/CentraleSupelec\/produit\/veste-zippee-mizuno-gris-femme-modele-fz-hoodie\/#primaryimage","url":"https:\/\/sports-custom.com\/CentraleSupelec\/wp-content\/uploads\/sites\/54\/2026\/02\/Sans-titre-3.jpg","contentUrl":"https:\/\/sports-custom.com\/CentraleSupelec\/wp-content\/uploads\/sites\/54\/2026\/02\/Sans-titre-3.jpg","width":800,"height":800},{"@type":"BreadcrumbList","@id":"https:\/\/sports-custom.com\/CentraleSupelec\/produit\/veste-zippee-mizuno-gris-femme-modele-fz-hoodie\/#breadcrumb","itemListElement":[{"@type":"ListItem","position":1,"name":"Accueil","item":"https:\/\/sports-custom.com\/CentraleSupelec\/"},{"@type":"ListItem","position":2,"name":"Boutique","item":"https:\/\/sports-custom.com\/CentraleSupelec\/"},{"@type":"ListItem","position":3,"name":"Veste zipp\u00e9e Mizuno gris femme \u2013 mod\u00e8le FZ HOODIE"}]},{"@type":"WebSite","@id":"https:\/\/sports-custom.com\/CentraleSupelec\/#website","url":"https:\/\/sports-custom.com\/CentraleSupelec\/","name":"centralesupelec","description":"","publisher":{"@id":"https:\/\/sports-custom.com\/CentraleSupelec\/#organization"},"potentialAction":[{"@type":"SearchAction","target":{"@type":"EntryPoint","urlTemplate":"https:\/\/sports-custom.com\/CentraleSupelec\/?s={search_term_string}"},"query-input":{"@type":"PropertyValueSpecification","valueRequired":true,"valueName":"search_term_string"}}],"inLanguage":"fr-FR"},{"@type":"Organization","@id":"https:\/\/sports-custom.com\/CentraleSupelec\/#organization","name":"centralesupelec","url":"https:\/\/sports-custom.com\/CentraleSupelec\/","logo":{"@type":"ImageObject","inLanguage":"fr-FR","@id":"https:\/\/sports-custom.com\/CentraleSupelec\/#\/schema\/logo\/image\/","url":"https:\/\/sports-custom.com\/CentraleSupelec\/wp-content\/uploads\/sites\/54\/2021\/10\/cropped-Sans-titre-4.jpg","contentUrl":"https:\/\/sports-custom.com\/CentraleSupelec\/wp-content\/uploads\/sites\/54\/2021\/10\/cropped-Sans-titre-4.jpg","width":736,"height":385,"caption":"centralesupelec"},"image":{"@id":"https:\/\/sports-custom.com\/CentraleSupelec\/#\/schema\/logo\/image\/"}}]}},"_links":{"self":[{"href":"https:\/\/sports-custom.com\/CentraleSupelec\/wp-json\/wp\/v2\/product\/2140","targetHints":{"allow":["GET"]}}],"collection":[{"href":"https:\/\/sports-custom.com\/CentraleSupelec\/wp-json\/wp\/v2\/product"}],"about":[{"href":"https:\/\/sports-custom.com\/CentraleSupelec\/wp-json\/wp\/v2\/types\/product"}],"wp:featuredmedia":[{"embeddable":true,"href":"https:\/\/sports-custom.com\/CentraleSupelec\/wp-json\/wp\/v2\/media\/2148"}],"wp:attachment":[{"href":"https:\/\/sports-custom.com\/CentraleSupelec\/wp-json\/wp\/v2\/media?parent=2140"}],"wp:term":[{"taxonomy":"product_brand","embeddable":true,"href":"https:\/\/sports-custom.com\/CentraleSupelec\/wp-json\/wp\/v2\/product_brand?post=2140"},{"taxonomy":"product_cat","embeddable":true,"href":"https:\/\/sports-custom.com\/CentraleSupelec\/wp-json\/wp\/v2\/product_cat?post=2140"},{"taxonomy":"product_tag","embeddable":true,"href":"https:\/\/sports-custom.com\/CentraleSupelec\/wp-json\/wp\/v2\/product_tag?post=2140"}],"curies":[{"name":"wp","href":"https:\/\/api.w.org\/{rel}","templated":true}]}}