{"id":2149,"date":"2026-02-09T11:08:40","date_gmt":"2026-02-09T10:08:40","guid":{"rendered":"https:\/\/sports-custom.com\/CentraleSupelec\/?post_type=product&#038;p=2149"},"modified":"2026-02-09T11:12:20","modified_gmt":"2026-02-09T10:12:20","slug":"tee-shirt-polyester-blanc-homme-modele-training","status":"publish","type":"product","link":"https:\/\/sports-custom.com\/CentraleSupelec\/produit\/tee-shirt-polyester-blanc-homme-modele-training\/","title":{"rendered":"Tee shirt polyester blanc homme &#8211; mod\u00e8le TRAINING"},"content":{"rendered":"","protected":false},"excerpt":{"rendered":"<ul>\n<li>100% polyester<\/li>\n<li>mati\u00e8re 135 gr<\/li>\n<li>s\u00e9chage rapide<\/li>\n<li>logo CS transfert<\/li>\n<\/ul>\n","protected":false},"featured_media":2150,"template":"","meta":[],"product_brand":[],"product_cat":[39],"product_tag":[],"class_list":{"0":"post-2149","1":"product","2":"type-product","3":"status-publish","4":"has-post-thumbnail","6":"product_cat-homme","8":"first","9":"instock","10":"taxable","11":"shipping-taxable","12":"purchasable","13":"product-type-variable"},"yoast_head":"<!-- This site is optimized with the Yoast SEO plugin v26.9 - https:\/\/yoast.com\/product\/yoast-seo-wordpress\/ -->\n<title>Tee shirt polyester blanc homme - mod\u00e8le TRAINING - centralesupelec<\/title>\n<meta name=\"robots\" content=\"noindex, follow, max-snippet:-1, max-image-preview:large, max-video-preview:-1\" \/>\n<meta property=\"og:locale\" content=\"fr_FR\" \/>\n<meta property=\"og:type\" content=\"article\" \/>\n<meta property=\"og:title\" content=\"Tee shirt polyester blanc homme - mod\u00e8le TRAINING - centralesupelec\" \/>\n<meta property=\"og:description\" content=\"100% polyester  mati\u00e8re 135 gr  s\u00e9chage rapide  logo CS transfert\" \/>\n<meta property=\"og:url\" content=\"https:\/\/sports-custom.com\/CentraleSupelec\/produit\/tee-shirt-polyester-blanc-homme-modele-training\/\" \/>\n<meta property=\"og:site_name\" content=\"centralesupelec\" \/>\n<meta property=\"article:modified_time\" content=\"2026-02-09T10:12:20+00:00\" \/>\n<meta property=\"og:image\" content=\"http:\/\/sports-custom.com\/CentraleSupelec\/wp-content\/uploads\/sites\/54\/2026\/02\/Sans-titre-4.jpg\" \/>\n\t<meta property=\"og:image:width\" content=\"800\" \/>\n\t<meta property=\"og:image:height\" content=\"800\" \/>\n\t<meta property=\"og:image:type\" content=\"image\/jpeg\" \/>\n<meta name=\"twitter:card\" content=\"summary_large_image\" \/>\n<meta name=\"twitter:label1\" content=\"Dur\u00e9e de lecture estim\u00e9e\" \/>\n\t<meta name=\"twitter:data1\" content=\"1 minute\" \/>\n<script type=\"application\/ld+json\" class=\"yoast-schema-graph\">{\"@context\":\"https:\/\/schema.org\",\"@graph\":[{\"@type\":\"WebPage\",\"@id\":\"https:\/\/sports-custom.com\/CentraleSupelec\/produit\/tee-shirt-polyester-blanc-homme-modele-training\/\",\"url\":\"https:\/\/sports-custom.com\/CentraleSupelec\/produit\/tee-shirt-polyester-blanc-homme-modele-training\/\",\"name\":\"Tee shirt polyester blanc homme - mod\u00e8le TRAINING - centralesupelec\",\"isPartOf\":{\"@id\":\"https:\/\/sports-custom.com\/CentraleSupelec\/#website\"},\"primaryImageOfPage\":{\"@id\":\"https:\/\/sports-custom.com\/CentraleSupelec\/produit\/tee-shirt-polyester-blanc-homme-modele-training\/#primaryimage\"},\"image\":{\"@id\":\"https:\/\/sports-custom.com\/CentraleSupelec\/produit\/tee-shirt-polyester-blanc-homme-modele-training\/#primaryimage\"},\"thumbnailUrl\":\"https:\/\/sports-custom.com\/CentraleSupelec\/wp-content\/uploads\/sites\/54\/2026\/02\/Sans-titre-4.jpg\",\"datePublished\":\"2026-02-09T10:08:40+00:00\",\"dateModified\":\"2026-02-09T10:12:20+00:00\",\"breadcrumb\":{\"@id\":\"https:\/\/sports-custom.com\/CentraleSupelec\/produit\/tee-shirt-polyester-blanc-homme-modele-training\/#breadcrumb\"},\"inLanguage\":\"fr-FR\",\"potentialAction\":[{\"@type\":\"ReadAction\",\"target\":[\"https:\/\/sports-custom.com\/CentraleSupelec\/produit\/tee-shirt-polyester-blanc-homme-modele-training\/\"]}]},{\"@type\":\"ImageObject\",\"inLanguage\":\"fr-FR\",\"@id\":\"https:\/\/sports-custom.com\/CentraleSupelec\/produit\/tee-shirt-polyester-blanc-homme-modele-training\/#primaryimage\",\"url\":\"https:\/\/sports-custom.com\/CentraleSupelec\/wp-content\/uploads\/sites\/54\/2026\/02\/Sans-titre-4.jpg\",\"contentUrl\":\"https:\/\/sports-custom.com\/CentraleSupelec\/wp-content\/uploads\/sites\/54\/2026\/02\/Sans-titre-4.jpg\",\"width\":800,\"height\":800},{\"@type\":\"BreadcrumbList\",\"@id\":\"https:\/\/sports-custom.com\/CentraleSupelec\/produit\/tee-shirt-polyester-blanc-homme-modele-training\/#breadcrumb\",\"itemListElement\":[{\"@type\":\"ListItem\",\"position\":1,\"name\":\"Accueil\",\"item\":\"https:\/\/sports-custom.com\/CentraleSupelec\/\"},{\"@type\":\"ListItem\",\"position\":2,\"name\":\"Boutique\",\"item\":\"https:\/\/sports-custom.com\/CentraleSupelec\/\"},{\"@type\":\"ListItem\",\"position\":3,\"name\":\"Tee shirt polyester blanc homme &#8211; mod\u00e8le TRAINING\"}]},{\"@type\":\"WebSite\",\"@id\":\"https:\/\/sports-custom.com\/CentraleSupelec\/#website\",\"url\":\"https:\/\/sports-custom.com\/CentraleSupelec\/\",\"name\":\"centralesupelec\",\"description\":\"\",\"publisher\":{\"@id\":\"https:\/\/sports-custom.com\/CentraleSupelec\/#organization\"},\"potentialAction\":[{\"@type\":\"SearchAction\",\"target\":{\"@type\":\"EntryPoint\",\"urlTemplate\":\"https:\/\/sports-custom.com\/CentraleSupelec\/?s={search_term_string}\"},\"query-input\":{\"@type\":\"PropertyValueSpecification\",\"valueRequired\":true,\"valueName\":\"search_term_string\"}}],\"inLanguage\":\"fr-FR\"},{\"@type\":\"Organization\",\"@id\":\"https:\/\/sports-custom.com\/CentraleSupelec\/#organization\",\"name\":\"centralesupelec\",\"url\":\"https:\/\/sports-custom.com\/CentraleSupelec\/\",\"logo\":{\"@type\":\"ImageObject\",\"inLanguage\":\"fr-FR\",\"@id\":\"https:\/\/sports-custom.com\/CentraleSupelec\/#\/schema\/logo\/image\/\",\"url\":\"https:\/\/sports-custom.com\/CentraleSupelec\/wp-content\/uploads\/sites\/54\/2021\/10\/cropped-Sans-titre-4.jpg\",\"contentUrl\":\"https:\/\/sports-custom.com\/CentraleSupelec\/wp-content\/uploads\/sites\/54\/2021\/10\/cropped-Sans-titre-4.jpg\",\"width\":736,\"height\":385,\"caption\":\"centralesupelec\"},\"image\":{\"@id\":\"https:\/\/sports-custom.com\/CentraleSupelec\/#\/schema\/logo\/image\/\"}}]}<\/script>\n<!-- \/ Yoast SEO plugin. -->","yoast_head_json":{"title":"Tee shirt polyester blanc homme - mod\u00e8le TRAINING - centralesupelec","robots":{"index":"noindex","follow":"follow","max-snippet":"max-snippet:-1","max-image-preview":"max-image-preview:large","max-video-preview":"max-video-preview:-1"},"og_locale":"fr_FR","og_type":"article","og_title":"Tee shirt polyester blanc homme - mod\u00e8le TRAINING - centralesupelec","og_description":"100% polyester  mati\u00e8re 135 gr  s\u00e9chage rapide  logo CS transfert","og_url":"https:\/\/sports-custom.com\/CentraleSupelec\/produit\/tee-shirt-polyester-blanc-homme-modele-training\/","og_site_name":"centralesupelec","article_modified_time":"2026-02-09T10:12:20+00:00","og_image":[{"width":800,"height":800,"url":"http:\/\/sports-custom.com\/CentraleSupelec\/wp-content\/uploads\/sites\/54\/2026\/02\/Sans-titre-4.jpg","type":"image\/jpeg"}],"twitter_card":"summary_large_image","twitter_misc":{"Dur\u00e9e de lecture estim\u00e9e":"1 minute"},"schema":{"@context":"https:\/\/schema.org","@graph":[{"@type":"WebPage","@id":"https:\/\/sports-custom.com\/CentraleSupelec\/produit\/tee-shirt-polyester-blanc-homme-modele-training\/","url":"https:\/\/sports-custom.com\/CentraleSupelec\/produit\/tee-shirt-polyester-blanc-homme-modele-training\/","name":"Tee shirt polyester blanc homme - mod\u00e8le TRAINING - centralesupelec","isPartOf":{"@id":"https:\/\/sports-custom.com\/CentraleSupelec\/#website"},"primaryImageOfPage":{"@id":"https:\/\/sports-custom.com\/CentraleSupelec\/produit\/tee-shirt-polyester-blanc-homme-modele-training\/#primaryimage"},"image":{"@id":"https:\/\/sports-custom.com\/CentraleSupelec\/produit\/tee-shirt-polyester-blanc-homme-modele-training\/#primaryimage"},"thumbnailUrl":"https:\/\/sports-custom.com\/CentraleSupelec\/wp-content\/uploads\/sites\/54\/2026\/02\/Sans-titre-4.jpg","datePublished":"2026-02-09T10:08:40+00:00","dateModified":"2026-02-09T10:12:20+00:00","breadcrumb":{"@id":"https:\/\/sports-custom.com\/CentraleSupelec\/produit\/tee-shirt-polyester-blanc-homme-modele-training\/#breadcrumb"},"inLanguage":"fr-FR","potentialAction":[{"@type":"ReadAction","target":["https:\/\/sports-custom.com\/CentraleSupelec\/produit\/tee-shirt-polyester-blanc-homme-modele-training\/"]}]},{"@type":"ImageObject","inLanguage":"fr-FR","@id":"https:\/\/sports-custom.com\/CentraleSupelec\/produit\/tee-shirt-polyester-blanc-homme-modele-training\/#primaryimage","url":"https:\/\/sports-custom.com\/CentraleSupelec\/wp-content\/uploads\/sites\/54\/2026\/02\/Sans-titre-4.jpg","contentUrl":"https:\/\/sports-custom.com\/CentraleSupelec\/wp-content\/uploads\/sites\/54\/2026\/02\/Sans-titre-4.jpg","width":800,"height":800},{"@type":"BreadcrumbList","@id":"https:\/\/sports-custom.com\/CentraleSupelec\/produit\/tee-shirt-polyester-blanc-homme-modele-training\/#breadcrumb","itemListElement":[{"@type":"ListItem","position":1,"name":"Accueil","item":"https:\/\/sports-custom.com\/CentraleSupelec\/"},{"@type":"ListItem","position":2,"name":"Boutique","item":"https:\/\/sports-custom.com\/CentraleSupelec\/"},{"@type":"ListItem","position":3,"name":"Tee shirt polyester blanc homme &#8211; mod\u00e8le TRAINING"}]},{"@type":"WebSite","@id":"https:\/\/sports-custom.com\/CentraleSupelec\/#website","url":"https:\/\/sports-custom.com\/CentraleSupelec\/","name":"centralesupelec","description":"","publisher":{"@id":"https:\/\/sports-custom.com\/CentraleSupelec\/#organization"},"potentialAction":[{"@type":"SearchAction","target":{"@type":"EntryPoint","urlTemplate":"https:\/\/sports-custom.com\/CentraleSupelec\/?s={search_term_string}"},"query-input":{"@type":"PropertyValueSpecification","valueRequired":true,"valueName":"search_term_string"}}],"inLanguage":"fr-FR"},{"@type":"Organization","@id":"https:\/\/sports-custom.com\/CentraleSupelec\/#organization","name":"centralesupelec","url":"https:\/\/sports-custom.com\/CentraleSupelec\/","logo":{"@type":"ImageObject","inLanguage":"fr-FR","@id":"https:\/\/sports-custom.com\/CentraleSupelec\/#\/schema\/logo\/image\/","url":"https:\/\/sports-custom.com\/CentraleSupelec\/wp-content\/uploads\/sites\/54\/2021\/10\/cropped-Sans-titre-4.jpg","contentUrl":"https:\/\/sports-custom.com\/CentraleSupelec\/wp-content\/uploads\/sites\/54\/2021\/10\/cropped-Sans-titre-4.jpg","width":736,"height":385,"caption":"centralesupelec"},"image":{"@id":"https:\/\/sports-custom.com\/CentraleSupelec\/#\/schema\/logo\/image\/"}}]}},"_links":{"self":[{"href":"https:\/\/sports-custom.com\/CentraleSupelec\/wp-json\/wp\/v2\/product\/2149","targetHints":{"allow":["GET"]}}],"collection":[{"href":"https:\/\/sports-custom.com\/CentraleSupelec\/wp-json\/wp\/v2\/product"}],"about":[{"href":"https:\/\/sports-custom.com\/CentraleSupelec\/wp-json\/wp\/v2\/types\/product"}],"wp:featuredmedia":[{"embeddable":true,"href":"https:\/\/sports-custom.com\/CentraleSupelec\/wp-json\/wp\/v2\/media\/2150"}],"wp:attachment":[{"href":"https:\/\/sports-custom.com\/CentraleSupelec\/wp-json\/wp\/v2\/media?parent=2149"}],"wp:term":[{"taxonomy":"product_brand","embeddable":true,"href":"https:\/\/sports-custom.com\/CentraleSupelec\/wp-json\/wp\/v2\/product_brand?post=2149"},{"taxonomy":"product_cat","embeddable":true,"href":"https:\/\/sports-custom.com\/CentraleSupelec\/wp-json\/wp\/v2\/product_cat?post=2149"},{"taxonomy":"product_tag","embeddable":true,"href":"https:\/\/sports-custom.com\/CentraleSupelec\/wp-json\/wp\/v2\/product_tag?post=2149"}],"curies":[{"name":"wp","href":"https:\/\/api.w.org\/{rel}","templated":true}]}}