{"id":1026,"date":"2021-11-15T21:41:18","date_gmt":"2021-11-15T20:41:18","guid":{"rendered":"https:\/\/sports-custom.com\/antony-sports-escrime\/?post_type=product&#038;p=1026"},"modified":"2023-04-28T14:45:15","modified_gmt":"2023-04-28T12:45:15","slug":"bodywarmer-enfant-marine-modele-bodywarmer","status":"publish","type":"product","link":"https:\/\/sports-custom.com\/antony-sports-escrime\/produit\/bodywarmer-enfant-marine-modele-bodywarmer\/","title":{"rendered":"Bodywarmer enfant marine \u2013 mod\u00e8le BODYWARMER"},"content":{"rendered":"","protected":false},"excerpt":{"rendered":"<ul>\n<li>coloris bleu marine<\/li>\n<li>logo club brod\u00e9<\/li>\n<li>chaud et l\u00e9ger<\/li>\n<li>coupe ajust\u00e9e<\/li>\n<li>poches lat\u00e9rales zipp\u00e9es<\/li>\n<li>garniture int\u00e9rieur polyester<\/li>\n<li>100 % polyamide<\/li>\n<\/ul>\n","protected":false},"featured_media":1110,"template":"","meta":[],"product_brand":[],"product_cat":[41],"product_tag":[],"class_list":{"0":"post-1026","1":"product","2":"type-product","3":"status-publish","4":"has-post-thumbnail","6":"product_cat-enfant","8":"first","9":"instock","10":"taxable","11":"shipping-taxable","12":"purchasable","13":"product-type-variable"},"yoast_head":"<!-- This site is optimized with the Yoast SEO plugin v26.9 - https:\/\/yoast.com\/product\/yoast-seo-wordpress\/ -->\n<title>Bodywarmer enfant marine \u2013 mod\u00e8le BODYWARMER - antony-sports-escrime<\/title>\n<meta name=\"robots\" content=\"noindex, follow, max-snippet:-1, max-image-preview:large, max-video-preview:-1\" \/>\n<meta property=\"og:locale\" content=\"fr_FR\" \/>\n<meta property=\"og:type\" content=\"article\" \/>\n<meta property=\"og:title\" content=\"Bodywarmer enfant marine \u2013 mod\u00e8le BODYWARMER - antony-sports-escrime\" \/>\n<meta property=\"og:description\" content=\"coloris bleu marine  logo club brod\u00e9  chaud et l\u00e9ger  coupe ajust\u00e9e  poches lat\u00e9rales zipp\u00e9es  garniture int\u00e9rieur polyester  100 % polyamide\" \/>\n<meta property=\"og:url\" content=\"https:\/\/sports-custom.com\/antony-sports-escrime\/produit\/bodywarmer-enfant-marine-modele-bodywarmer\/\" \/>\n<meta property=\"og:site_name\" content=\"antony-sports-escrime\" \/>\n<meta property=\"article:modified_time\" content=\"2023-04-28T12:45:15+00:00\" \/>\n<meta property=\"og:image\" content=\"http:\/\/sports-custom.com\/antony-sports-escrime\/wp-content\/uploads\/sites\/58\/2021\/11\/es-b.jpg\" \/>\n\t<meta property=\"og:image:width\" content=\"1000\" \/>\n\t<meta property=\"og:image:height\" content=\"1000\" \/>\n\t<meta property=\"og:image:type\" content=\"image\/jpeg\" \/>\n<meta name=\"twitter:card\" content=\"summary_large_image\" \/>\n<script type=\"application\/ld+json\" class=\"yoast-schema-graph\">{\"@context\":\"https:\/\/schema.org\",\"@graph\":[{\"@type\":\"WebPage\",\"@id\":\"https:\/\/sports-custom.com\/antony-sports-escrime\/produit\/bodywarmer-enfant-marine-modele-bodywarmer\/\",\"url\":\"https:\/\/sports-custom.com\/antony-sports-escrime\/produit\/bodywarmer-enfant-marine-modele-bodywarmer\/\",\"name\":\"Bodywarmer enfant marine \u2013 mod\u00e8le BODYWARMER - antony-sports-escrime\",\"isPartOf\":{\"@id\":\"https:\/\/sports-custom.com\/antony-sports-escrime\/#website\"},\"primaryImageOfPage\":{\"@id\":\"https:\/\/sports-custom.com\/antony-sports-escrime\/produit\/bodywarmer-enfant-marine-modele-bodywarmer\/#primaryimage\"},\"image\":{\"@id\":\"https:\/\/sports-custom.com\/antony-sports-escrime\/produit\/bodywarmer-enfant-marine-modele-bodywarmer\/#primaryimage\"},\"thumbnailUrl\":\"https:\/\/sports-custom.com\/antony-sports-escrime\/wp-content\/uploads\/sites\/58\/2021\/11\/es-b.jpg\",\"datePublished\":\"2021-11-15T20:41:18+00:00\",\"dateModified\":\"2023-04-28T12:45:15+00:00\",\"breadcrumb\":{\"@id\":\"https:\/\/sports-custom.com\/antony-sports-escrime\/produit\/bodywarmer-enfant-marine-modele-bodywarmer\/#breadcrumb\"},\"inLanguage\":\"fr-FR\",\"potentialAction\":[{\"@type\":\"ReadAction\",\"target\":[\"https:\/\/sports-custom.com\/antony-sports-escrime\/produit\/bodywarmer-enfant-marine-modele-bodywarmer\/\"]}]},{\"@type\":\"ImageObject\",\"inLanguage\":\"fr-FR\",\"@id\":\"https:\/\/sports-custom.com\/antony-sports-escrime\/produit\/bodywarmer-enfant-marine-modele-bodywarmer\/#primaryimage\",\"url\":\"https:\/\/sports-custom.com\/antony-sports-escrime\/wp-content\/uploads\/sites\/58\/2021\/11\/es-b.jpg\",\"contentUrl\":\"https:\/\/sports-custom.com\/antony-sports-escrime\/wp-content\/uploads\/sites\/58\/2021\/11\/es-b.jpg\",\"width\":1000,\"height\":1000},{\"@type\":\"BreadcrumbList\",\"@id\":\"https:\/\/sports-custom.com\/antony-sports-escrime\/produit\/bodywarmer-enfant-marine-modele-bodywarmer\/#breadcrumb\",\"itemListElement\":[{\"@type\":\"ListItem\",\"position\":1,\"name\":\"Accueil\",\"item\":\"https:\/\/sports-custom.com\/antony-sports-escrime\/\"},{\"@type\":\"ListItem\",\"position\":2,\"name\":\"Boutique\",\"item\":\"https:\/\/sports-custom.com\/antony-sports-escrime\/\"},{\"@type\":\"ListItem\",\"position\":3,\"name\":\"Bodywarmer enfant marine \u2013 mod\u00e8le BODYWARMER\"}]},{\"@type\":\"WebSite\",\"@id\":\"https:\/\/sports-custom.com\/antony-sports-escrime\/#website\",\"url\":\"https:\/\/sports-custom.com\/antony-sports-escrime\/\",\"name\":\"antony-sports-escrime\",\"description\":\"\",\"publisher\":{\"@id\":\"https:\/\/sports-custom.com\/antony-sports-escrime\/#organization\"},\"potentialAction\":[{\"@type\":\"SearchAction\",\"target\":{\"@type\":\"EntryPoint\",\"urlTemplate\":\"https:\/\/sports-custom.com\/antony-sports-escrime\/?s={search_term_string}\"},\"query-input\":{\"@type\":\"PropertyValueSpecification\",\"valueRequired\":true,\"valueName\":\"search_term_string\"}}],\"inLanguage\":\"fr-FR\"},{\"@type\":\"Organization\",\"@id\":\"https:\/\/sports-custom.com\/antony-sports-escrime\/#organization\",\"name\":\"antony-sports-escrime\",\"url\":\"https:\/\/sports-custom.com\/antony-sports-escrime\/\",\"logo\":{\"@type\":\"ImageObject\",\"inLanguage\":\"fr-FR\",\"@id\":\"https:\/\/sports-custom.com\/antony-sports-escrime\/#\/schema\/logo\/image\/\",\"url\":\"https:\/\/sports-custom.com\/antony-sports-escrime\/wp-content\/uploads\/sites\/58\/2021\/11\/cropped-LOGO-ANTONY-ESCRIME.png\",\"contentUrl\":\"https:\/\/sports-custom.com\/antony-sports-escrime\/wp-content\/uploads\/sites\/58\/2021\/11\/cropped-LOGO-ANTONY-ESCRIME.png\",\"width\":1772,\"height\":1264,\"caption\":\"antony-sports-escrime\"},\"image\":{\"@id\":\"https:\/\/sports-custom.com\/antony-sports-escrime\/#\/schema\/logo\/image\/\"}}]}<\/script>\n<!-- \/ Yoast SEO plugin. -->","yoast_head_json":{"title":"Bodywarmer enfant marine \u2013 mod\u00e8le BODYWARMER - antony-sports-escrime","robots":{"index":"noindex","follow":"follow","max-snippet":"max-snippet:-1","max-image-preview":"max-image-preview:large","max-video-preview":"max-video-preview:-1"},"og_locale":"fr_FR","og_type":"article","og_title":"Bodywarmer enfant marine \u2013 mod\u00e8le BODYWARMER - antony-sports-escrime","og_description":"coloris bleu marine  logo club brod\u00e9  chaud et l\u00e9ger  coupe ajust\u00e9e  poches lat\u00e9rales zipp\u00e9es  garniture int\u00e9rieur polyester  100 % polyamide","og_url":"https:\/\/sports-custom.com\/antony-sports-escrime\/produit\/bodywarmer-enfant-marine-modele-bodywarmer\/","og_site_name":"antony-sports-escrime","article_modified_time":"2023-04-28T12:45:15+00:00","og_image":[{"width":1000,"height":1000,"url":"http:\/\/sports-custom.com\/antony-sports-escrime\/wp-content\/uploads\/sites\/58\/2021\/11\/es-b.jpg","type":"image\/jpeg"}],"twitter_card":"summary_large_image","schema":{"@context":"https:\/\/schema.org","@graph":[{"@type":"WebPage","@id":"https:\/\/sports-custom.com\/antony-sports-escrime\/produit\/bodywarmer-enfant-marine-modele-bodywarmer\/","url":"https:\/\/sports-custom.com\/antony-sports-escrime\/produit\/bodywarmer-enfant-marine-modele-bodywarmer\/","name":"Bodywarmer enfant marine \u2013 mod\u00e8le BODYWARMER - antony-sports-escrime","isPartOf":{"@id":"https:\/\/sports-custom.com\/antony-sports-escrime\/#website"},"primaryImageOfPage":{"@id":"https:\/\/sports-custom.com\/antony-sports-escrime\/produit\/bodywarmer-enfant-marine-modele-bodywarmer\/#primaryimage"},"image":{"@id":"https:\/\/sports-custom.com\/antony-sports-escrime\/produit\/bodywarmer-enfant-marine-modele-bodywarmer\/#primaryimage"},"thumbnailUrl":"https:\/\/sports-custom.com\/antony-sports-escrime\/wp-content\/uploads\/sites\/58\/2021\/11\/es-b.jpg","datePublished":"2021-11-15T20:41:18+00:00","dateModified":"2023-04-28T12:45:15+00:00","breadcrumb":{"@id":"https:\/\/sports-custom.com\/antony-sports-escrime\/produit\/bodywarmer-enfant-marine-modele-bodywarmer\/#breadcrumb"},"inLanguage":"fr-FR","potentialAction":[{"@type":"ReadAction","target":["https:\/\/sports-custom.com\/antony-sports-escrime\/produit\/bodywarmer-enfant-marine-modele-bodywarmer\/"]}]},{"@type":"ImageObject","inLanguage":"fr-FR","@id":"https:\/\/sports-custom.com\/antony-sports-escrime\/produit\/bodywarmer-enfant-marine-modele-bodywarmer\/#primaryimage","url":"https:\/\/sports-custom.com\/antony-sports-escrime\/wp-content\/uploads\/sites\/58\/2021\/11\/es-b.jpg","contentUrl":"https:\/\/sports-custom.com\/antony-sports-escrime\/wp-content\/uploads\/sites\/58\/2021\/11\/es-b.jpg","width":1000,"height":1000},{"@type":"BreadcrumbList","@id":"https:\/\/sports-custom.com\/antony-sports-escrime\/produit\/bodywarmer-enfant-marine-modele-bodywarmer\/#breadcrumb","itemListElement":[{"@type":"ListItem","position":1,"name":"Accueil","item":"https:\/\/sports-custom.com\/antony-sports-escrime\/"},{"@type":"ListItem","position":2,"name":"Boutique","item":"https:\/\/sports-custom.com\/antony-sports-escrime\/"},{"@type":"ListItem","position":3,"name":"Bodywarmer enfant marine \u2013 mod\u00e8le BODYWARMER"}]},{"@type":"WebSite","@id":"https:\/\/sports-custom.com\/antony-sports-escrime\/#website","url":"https:\/\/sports-custom.com\/antony-sports-escrime\/","name":"antony-sports-escrime","description":"","publisher":{"@id":"https:\/\/sports-custom.com\/antony-sports-escrime\/#organization"},"potentialAction":[{"@type":"SearchAction","target":{"@type":"EntryPoint","urlTemplate":"https:\/\/sports-custom.com\/antony-sports-escrime\/?s={search_term_string}"},"query-input":{"@type":"PropertyValueSpecification","valueRequired":true,"valueName":"search_term_string"}}],"inLanguage":"fr-FR"},{"@type":"Organization","@id":"https:\/\/sports-custom.com\/antony-sports-escrime\/#organization","name":"antony-sports-escrime","url":"https:\/\/sports-custom.com\/antony-sports-escrime\/","logo":{"@type":"ImageObject","inLanguage":"fr-FR","@id":"https:\/\/sports-custom.com\/antony-sports-escrime\/#\/schema\/logo\/image\/","url":"https:\/\/sports-custom.com\/antony-sports-escrime\/wp-content\/uploads\/sites\/58\/2021\/11\/cropped-LOGO-ANTONY-ESCRIME.png","contentUrl":"https:\/\/sports-custom.com\/antony-sports-escrime\/wp-content\/uploads\/sites\/58\/2021\/11\/cropped-LOGO-ANTONY-ESCRIME.png","width":1772,"height":1264,"caption":"antony-sports-escrime"},"image":{"@id":"https:\/\/sports-custom.com\/antony-sports-escrime\/#\/schema\/logo\/image\/"}}]}},"_links":{"self":[{"href":"https:\/\/sports-custom.com\/antony-sports-escrime\/wp-json\/wp\/v2\/product\/1026","targetHints":{"allow":["GET"]}}],"collection":[{"href":"https:\/\/sports-custom.com\/antony-sports-escrime\/wp-json\/wp\/v2\/product"}],"about":[{"href":"https:\/\/sports-custom.com\/antony-sports-escrime\/wp-json\/wp\/v2\/types\/product"}],"wp:featuredmedia":[{"embeddable":true,"href":"https:\/\/sports-custom.com\/antony-sports-escrime\/wp-json\/wp\/v2\/media\/1110"}],"wp:attachment":[{"href":"https:\/\/sports-custom.com\/antony-sports-escrime\/wp-json\/wp\/v2\/media?parent=1026"}],"wp:term":[{"taxonomy":"product_brand","embeddable":true,"href":"https:\/\/sports-custom.com\/antony-sports-escrime\/wp-json\/wp\/v2\/product_brand?post=1026"},{"taxonomy":"product_cat","embeddable":true,"href":"https:\/\/sports-custom.com\/antony-sports-escrime\/wp-json\/wp\/v2\/product_cat?post=1026"},{"taxonomy":"product_tag","embeddable":true,"href":"https:\/\/sports-custom.com\/antony-sports-escrime\/wp-json\/wp\/v2\/product_tag?post=1026"}],"curies":[{"name":"wp","href":"https:\/\/api.w.org\/{rel}","templated":true}]}}