{"id":1351,"date":"2022-08-16T16:21:53","date_gmt":"2022-08-16T14:21:53","guid":{"rendered":"https:\/\/sports-custom.com\/antony-sports-escrime\/?post_type=product&#038;p=1351"},"modified":"2025-08-30T08:39:34","modified_gmt":"2025-08-30T06:39:34","slug":"bodywarmer-le-coq-sportif-homme-marine-modele-ns","status":"publish","type":"product","link":"https:\/\/sports-custom.com\/antony-sports-escrime\/produit\/bodywarmer-le-coq-sportif-homme-marine-modele-ns\/","title":{"rendered":"Bodywarmer Le Coq Sportif Homme Marine \u2013 mod\u00e8le NS"},"content":{"rendered":"","protected":false},"excerpt":{"rendered":"<ul>\n<li>100% polyester chaine et trame<\/li>\n<li>traitement d\u00e9parlant<\/li>\n<li>2 poches zipp\u00e9es<\/li>\n<li>col int\u00e9rieur gratt\u00e9<\/li>\n<li>coupe r\u00e9gular<\/li>\n<li>logos brod\u00e9s<\/li>\n<\/ul>\n","protected":false},"featured_media":1628,"template":"","meta":[],"product_brand":[],"product_cat":[39],"product_tag":[],"class_list":{"0":"post-1351","1":"product","2":"type-product","3":"status-publish","4":"has-post-thumbnail","6":"product_cat-homme","8":"first","9":"instock","10":"taxable","11":"shipping-taxable","12":"purchasable","13":"product-type-variable"},"yoast_head":"<!-- This site is optimized with the Yoast SEO plugin v26.9 - https:\/\/yoast.com\/product\/yoast-seo-wordpress\/ -->\n<title>Bodywarmer Le Coq Sportif Homme Marine \u2013 mod\u00e8le NS - antony-sports-escrime<\/title>\n<meta name=\"robots\" content=\"noindex, follow, max-snippet:-1, max-image-preview:large, max-video-preview:-1\" \/>\n<meta property=\"og:locale\" content=\"fr_FR\" \/>\n<meta property=\"og:type\" content=\"article\" \/>\n<meta property=\"og:title\" content=\"Bodywarmer Le Coq Sportif Homme Marine \u2013 mod\u00e8le NS - antony-sports-escrime\" \/>\n<meta property=\"og:description\" content=\"100% polyester chaine et trame  traitement d\u00e9parlant  2 poches zipp\u00e9es  col int\u00e9rieur gratt\u00e9  coupe r\u00e9gular  logos brod\u00e9s\" \/>\n<meta property=\"og:url\" content=\"https:\/\/sports-custom.com\/antony-sports-escrime\/produit\/bodywarmer-le-coq-sportif-homme-marine-modele-ns\/\" \/>\n<meta property=\"og:site_name\" content=\"antony-sports-escrime\" \/>\n<meta property=\"article:modified_time\" content=\"2025-08-30T06:39:34+00:00\" \/>\n<meta property=\"og:image\" content=\"http:\/\/sports-custom.com\/antony-sports-escrime\/wp-content\/uploads\/sites\/58\/2022\/08\/erd.jpg\" \/>\n\t<meta property=\"og:image:width\" content=\"1000\" \/>\n\t<meta property=\"og:image:height\" content=\"1000\" \/>\n\t<meta property=\"og:image:type\" content=\"image\/jpeg\" \/>\n<meta name=\"twitter:card\" content=\"summary_large_image\" \/>\n<meta name=\"twitter:label1\" content=\"Dur\u00e9e de lecture estim\u00e9e\" \/>\n\t<meta name=\"twitter:data1\" content=\"1 minute\" \/>\n<script type=\"application\/ld+json\" class=\"yoast-schema-graph\">{\"@context\":\"https:\/\/schema.org\",\"@graph\":[{\"@type\":\"WebPage\",\"@id\":\"https:\/\/sports-custom.com\/antony-sports-escrime\/produit\/bodywarmer-le-coq-sportif-homme-marine-modele-ns\/\",\"url\":\"https:\/\/sports-custom.com\/antony-sports-escrime\/produit\/bodywarmer-le-coq-sportif-homme-marine-modele-ns\/\",\"name\":\"Bodywarmer Le Coq Sportif Homme Marine \u2013 mod\u00e8le NS - antony-sports-escrime\",\"isPartOf\":{\"@id\":\"https:\/\/sports-custom.com\/antony-sports-escrime\/#website\"},\"primaryImageOfPage\":{\"@id\":\"https:\/\/sports-custom.com\/antony-sports-escrime\/produit\/bodywarmer-le-coq-sportif-homme-marine-modele-ns\/#primaryimage\"},\"image\":{\"@id\":\"https:\/\/sports-custom.com\/antony-sports-escrime\/produit\/bodywarmer-le-coq-sportif-homme-marine-modele-ns\/#primaryimage\"},\"thumbnailUrl\":\"https:\/\/sports-custom.com\/antony-sports-escrime\/wp-content\/uploads\/sites\/58\/2022\/08\/erd.jpg\",\"datePublished\":\"2022-08-16T14:21:53+00:00\",\"dateModified\":\"2025-08-30T06:39:34+00:00\",\"breadcrumb\":{\"@id\":\"https:\/\/sports-custom.com\/antony-sports-escrime\/produit\/bodywarmer-le-coq-sportif-homme-marine-modele-ns\/#breadcrumb\"},\"inLanguage\":\"fr-FR\",\"potentialAction\":[{\"@type\":\"ReadAction\",\"target\":[\"https:\/\/sports-custom.com\/antony-sports-escrime\/produit\/bodywarmer-le-coq-sportif-homme-marine-modele-ns\/\"]}]},{\"@type\":\"ImageObject\",\"inLanguage\":\"fr-FR\",\"@id\":\"https:\/\/sports-custom.com\/antony-sports-escrime\/produit\/bodywarmer-le-coq-sportif-homme-marine-modele-ns\/#primaryimage\",\"url\":\"https:\/\/sports-custom.com\/antony-sports-escrime\/wp-content\/uploads\/sites\/58\/2022\/08\/erd.jpg\",\"contentUrl\":\"https:\/\/sports-custom.com\/antony-sports-escrime\/wp-content\/uploads\/sites\/58\/2022\/08\/erd.jpg\",\"width\":1000,\"height\":1000},{\"@type\":\"BreadcrumbList\",\"@id\":\"https:\/\/sports-custom.com\/antony-sports-escrime\/produit\/bodywarmer-le-coq-sportif-homme-marine-modele-ns\/#breadcrumb\",\"itemListElement\":[{\"@type\":\"ListItem\",\"position\":1,\"name\":\"Accueil\",\"item\":\"https:\/\/sports-custom.com\/antony-sports-escrime\/\"},{\"@type\":\"ListItem\",\"position\":2,\"name\":\"Boutique\",\"item\":\"https:\/\/sports-custom.com\/antony-sports-escrime\/\"},{\"@type\":\"ListItem\",\"position\":3,\"name\":\"Bodywarmer Le Coq Sportif Homme Marine \u2013 mod\u00e8le NS\"}]},{\"@type\":\"WebSite\",\"@id\":\"https:\/\/sports-custom.com\/antony-sports-escrime\/#website\",\"url\":\"https:\/\/sports-custom.com\/antony-sports-escrime\/\",\"name\":\"antony-sports-escrime\",\"description\":\"\",\"publisher\":{\"@id\":\"https:\/\/sports-custom.com\/antony-sports-escrime\/#organization\"},\"potentialAction\":[{\"@type\":\"SearchAction\",\"target\":{\"@type\":\"EntryPoint\",\"urlTemplate\":\"https:\/\/sports-custom.com\/antony-sports-escrime\/?s={search_term_string}\"},\"query-input\":{\"@type\":\"PropertyValueSpecification\",\"valueRequired\":true,\"valueName\":\"search_term_string\"}}],\"inLanguage\":\"fr-FR\"},{\"@type\":\"Organization\",\"@id\":\"https:\/\/sports-custom.com\/antony-sports-escrime\/#organization\",\"name\":\"antony-sports-escrime\",\"url\":\"https:\/\/sports-custom.com\/antony-sports-escrime\/\",\"logo\":{\"@type\":\"ImageObject\",\"inLanguage\":\"fr-FR\",\"@id\":\"https:\/\/sports-custom.com\/antony-sports-escrime\/#\/schema\/logo\/image\/\",\"url\":\"https:\/\/sports-custom.com\/antony-sports-escrime\/wp-content\/uploads\/sites\/58\/2021\/11\/cropped-LOGO-ANTONY-ESCRIME.png\",\"contentUrl\":\"https:\/\/sports-custom.com\/antony-sports-escrime\/wp-content\/uploads\/sites\/58\/2021\/11\/cropped-LOGO-ANTONY-ESCRIME.png\",\"width\":1772,\"height\":1264,\"caption\":\"antony-sports-escrime\"},\"image\":{\"@id\":\"https:\/\/sports-custom.com\/antony-sports-escrime\/#\/schema\/logo\/image\/\"}}]}<\/script>\n<!-- \/ Yoast SEO plugin. -->","yoast_head_json":{"title":"Bodywarmer Le Coq Sportif Homme Marine \u2013 mod\u00e8le NS - antony-sports-escrime","robots":{"index":"noindex","follow":"follow","max-snippet":"max-snippet:-1","max-image-preview":"max-image-preview:large","max-video-preview":"max-video-preview:-1"},"og_locale":"fr_FR","og_type":"article","og_title":"Bodywarmer Le Coq Sportif Homme Marine \u2013 mod\u00e8le NS - antony-sports-escrime","og_description":"100% polyester chaine et trame  traitement d\u00e9parlant  2 poches zipp\u00e9es  col int\u00e9rieur gratt\u00e9  coupe r\u00e9gular  logos brod\u00e9s","og_url":"https:\/\/sports-custom.com\/antony-sports-escrime\/produit\/bodywarmer-le-coq-sportif-homme-marine-modele-ns\/","og_site_name":"antony-sports-escrime","article_modified_time":"2025-08-30T06:39:34+00:00","og_image":[{"width":1000,"height":1000,"url":"http:\/\/sports-custom.com\/antony-sports-escrime\/wp-content\/uploads\/sites\/58\/2022\/08\/erd.jpg","type":"image\/jpeg"}],"twitter_card":"summary_large_image","twitter_misc":{"Dur\u00e9e de lecture estim\u00e9e":"1 minute"},"schema":{"@context":"https:\/\/schema.org","@graph":[{"@type":"WebPage","@id":"https:\/\/sports-custom.com\/antony-sports-escrime\/produit\/bodywarmer-le-coq-sportif-homme-marine-modele-ns\/","url":"https:\/\/sports-custom.com\/antony-sports-escrime\/produit\/bodywarmer-le-coq-sportif-homme-marine-modele-ns\/","name":"Bodywarmer Le Coq Sportif Homme Marine \u2013 mod\u00e8le NS - antony-sports-escrime","isPartOf":{"@id":"https:\/\/sports-custom.com\/antony-sports-escrime\/#website"},"primaryImageOfPage":{"@id":"https:\/\/sports-custom.com\/antony-sports-escrime\/produit\/bodywarmer-le-coq-sportif-homme-marine-modele-ns\/#primaryimage"},"image":{"@id":"https:\/\/sports-custom.com\/antony-sports-escrime\/produit\/bodywarmer-le-coq-sportif-homme-marine-modele-ns\/#primaryimage"},"thumbnailUrl":"https:\/\/sports-custom.com\/antony-sports-escrime\/wp-content\/uploads\/sites\/58\/2022\/08\/erd.jpg","datePublished":"2022-08-16T14:21:53+00:00","dateModified":"2025-08-30T06:39:34+00:00","breadcrumb":{"@id":"https:\/\/sports-custom.com\/antony-sports-escrime\/produit\/bodywarmer-le-coq-sportif-homme-marine-modele-ns\/#breadcrumb"},"inLanguage":"fr-FR","potentialAction":[{"@type":"ReadAction","target":["https:\/\/sports-custom.com\/antony-sports-escrime\/produit\/bodywarmer-le-coq-sportif-homme-marine-modele-ns\/"]}]},{"@type":"ImageObject","inLanguage":"fr-FR","@id":"https:\/\/sports-custom.com\/antony-sports-escrime\/produit\/bodywarmer-le-coq-sportif-homme-marine-modele-ns\/#primaryimage","url":"https:\/\/sports-custom.com\/antony-sports-escrime\/wp-content\/uploads\/sites\/58\/2022\/08\/erd.jpg","contentUrl":"https:\/\/sports-custom.com\/antony-sports-escrime\/wp-content\/uploads\/sites\/58\/2022\/08\/erd.jpg","width":1000,"height":1000},{"@type":"BreadcrumbList","@id":"https:\/\/sports-custom.com\/antony-sports-escrime\/produit\/bodywarmer-le-coq-sportif-homme-marine-modele-ns\/#breadcrumb","itemListElement":[{"@type":"ListItem","position":1,"name":"Accueil","item":"https:\/\/sports-custom.com\/antony-sports-escrime\/"},{"@type":"ListItem","position":2,"name":"Boutique","item":"https:\/\/sports-custom.com\/antony-sports-escrime\/"},{"@type":"ListItem","position":3,"name":"Bodywarmer Le Coq Sportif Homme Marine \u2013 mod\u00e8le NS"}]},{"@type":"WebSite","@id":"https:\/\/sports-custom.com\/antony-sports-escrime\/#website","url":"https:\/\/sports-custom.com\/antony-sports-escrime\/","name":"antony-sports-escrime","description":"","publisher":{"@id":"https:\/\/sports-custom.com\/antony-sports-escrime\/#organization"},"potentialAction":[{"@type":"SearchAction","target":{"@type":"EntryPoint","urlTemplate":"https:\/\/sports-custom.com\/antony-sports-escrime\/?s={search_term_string}"},"query-input":{"@type":"PropertyValueSpecification","valueRequired":true,"valueName":"search_term_string"}}],"inLanguage":"fr-FR"},{"@type":"Organization","@id":"https:\/\/sports-custom.com\/antony-sports-escrime\/#organization","name":"antony-sports-escrime","url":"https:\/\/sports-custom.com\/antony-sports-escrime\/","logo":{"@type":"ImageObject","inLanguage":"fr-FR","@id":"https:\/\/sports-custom.com\/antony-sports-escrime\/#\/schema\/logo\/image\/","url":"https:\/\/sports-custom.com\/antony-sports-escrime\/wp-content\/uploads\/sites\/58\/2021\/11\/cropped-LOGO-ANTONY-ESCRIME.png","contentUrl":"https:\/\/sports-custom.com\/antony-sports-escrime\/wp-content\/uploads\/sites\/58\/2021\/11\/cropped-LOGO-ANTONY-ESCRIME.png","width":1772,"height":1264,"caption":"antony-sports-escrime"},"image":{"@id":"https:\/\/sports-custom.com\/antony-sports-escrime\/#\/schema\/logo\/image\/"}}]}},"_links":{"self":[{"href":"https:\/\/sports-custom.com\/antony-sports-escrime\/wp-json\/wp\/v2\/product\/1351","targetHints":{"allow":["GET"]}}],"collection":[{"href":"https:\/\/sports-custom.com\/antony-sports-escrime\/wp-json\/wp\/v2\/product"}],"about":[{"href":"https:\/\/sports-custom.com\/antony-sports-escrime\/wp-json\/wp\/v2\/types\/product"}],"wp:featuredmedia":[{"embeddable":true,"href":"https:\/\/sports-custom.com\/antony-sports-escrime\/wp-json\/wp\/v2\/media\/1628"}],"wp:attachment":[{"href":"https:\/\/sports-custom.com\/antony-sports-escrime\/wp-json\/wp\/v2\/media?parent=1351"}],"wp:term":[{"taxonomy":"product_brand","embeddable":true,"href":"https:\/\/sports-custom.com\/antony-sports-escrime\/wp-json\/wp\/v2\/product_brand?post=1351"},{"taxonomy":"product_cat","embeddable":true,"href":"https:\/\/sports-custom.com\/antony-sports-escrime\/wp-json\/wp\/v2\/product_cat?post=1351"},{"taxonomy":"product_tag","embeddable":true,"href":"https:\/\/sports-custom.com\/antony-sports-escrime\/wp-json\/wp\/v2\/product_tag?post=1351"}],"curies":[{"name":"wp","href":"https:\/\/api.w.org\/{rel}","templated":true}]}}