{"id":954,"date":"2023-02-21T13:18:44","date_gmt":"2023-02-21T12:18:44","guid":{"rendered":"https:\/\/sports-custom.com\/caparis14\/?post_type=product&#038;p=954"},"modified":"2026-02-26T10:35:49","modified_gmt":"2026-02-26T09:35:49","slug":"sac-a-chaussures-kappa-modele-baho","status":"publish","type":"product","link":"https:\/\/sports-custom.com\/caparis14\/produit\/sac-a-chaussures-kappa-modele-baho\/","title":{"rendered":"Sac \u00e0 chaussures Kappa &#8211; mod\u00e8le BAHO"},"content":{"rendered":"","protected":false},"excerpt":{"rendered":"<ul>\n<li>logo club patch tiss\u00e9<\/li>\n<li>fermeture zipp\u00e9e avec poign\u00e9e<\/li>\n<li>100% polyester 600D<\/li>\n<\/ul>\n","protected":false},"featured_media":939,"template":"","meta":[],"product_brand":[],"product_cat":[42],"product_tag":[],"class_list":{"0":"post-954","1":"product","2":"type-product","3":"status-publish","4":"has-post-thumbnail","6":"product_cat-accessoires","8":"first","9":"instock","10":"taxable","11":"shipping-taxable","12":"purchasable","13":"product-type-simple"},"yoast_head":"<!-- This site is optimized with the Yoast SEO plugin v26.9 - https:\/\/yoast.com\/product\/yoast-seo-wordpress\/ -->\n<title>Sac \u00e0 chaussures Kappa - mod\u00e8le BAHO - CAPARIS14<\/title>\n<meta name=\"robots\" content=\"noindex, follow, max-snippet:-1, max-image-preview:large, max-video-preview:-1\" \/>\n<meta property=\"og:locale\" content=\"fr_FR\" \/>\n<meta property=\"og:type\" content=\"article\" \/>\n<meta property=\"og:title\" content=\"Sac \u00e0 chaussures Kappa - mod\u00e8le BAHO - CAPARIS14\" \/>\n<meta property=\"og:description\" content=\"logo club patch tiss\u00e9  fermeture zipp\u00e9e avec poign\u00e9e  100% polyester 600D\" \/>\n<meta property=\"og:url\" content=\"https:\/\/sports-custom.com\/caparis14\/produit\/sac-a-chaussures-kappa-modele-baho\/\" \/>\n<meta property=\"og:site_name\" content=\"CAPARIS14\" \/>\n<meta property=\"article:modified_time\" content=\"2026-02-26T09:35:49+00:00\" \/>\n<meta property=\"og:image\" content=\"http:\/\/sports-custom.com\/caparis14\/wp-content\/uploads\/sites\/62\/2023\/02\/Sans-titre-22.jpg\" \/>\n\t<meta property=\"og:image:width\" content=\"906\" \/>\n\t<meta property=\"og:image:height\" content=\"909\" \/>\n\t<meta property=\"og:image:type\" content=\"image\/jpeg\" \/>\n<meta name=\"twitter:card\" content=\"summary_large_image\" \/>\n<script type=\"application\/ld+json\" class=\"yoast-schema-graph\">{\"@context\":\"https:\/\/schema.org\",\"@graph\":[{\"@type\":\"WebPage\",\"@id\":\"https:\/\/sports-custom.com\/caparis14\/produit\/sac-a-chaussures-kappa-modele-baho\/\",\"url\":\"https:\/\/sports-custom.com\/caparis14\/produit\/sac-a-chaussures-kappa-modele-baho\/\",\"name\":\"Sac \u00e0 chaussures Kappa - mod\u00e8le BAHO - CAPARIS14\",\"isPartOf\":{\"@id\":\"https:\/\/sports-custom.com\/caparis14\/#website\"},\"primaryImageOfPage\":{\"@id\":\"https:\/\/sports-custom.com\/caparis14\/produit\/sac-a-chaussures-kappa-modele-baho\/#primaryimage\"},\"image\":{\"@id\":\"https:\/\/sports-custom.com\/caparis14\/produit\/sac-a-chaussures-kappa-modele-baho\/#primaryimage\"},\"thumbnailUrl\":\"https:\/\/sports-custom.com\/caparis14\/wp-content\/uploads\/sites\/62\/2023\/02\/Sans-titre-22.jpg\",\"datePublished\":\"2023-02-21T12:18:44+00:00\",\"dateModified\":\"2026-02-26T09:35:49+00:00\",\"breadcrumb\":{\"@id\":\"https:\/\/sports-custom.com\/caparis14\/produit\/sac-a-chaussures-kappa-modele-baho\/#breadcrumb\"},\"inLanguage\":\"fr-FR\",\"potentialAction\":[{\"@type\":\"ReadAction\",\"target\":[\"https:\/\/sports-custom.com\/caparis14\/produit\/sac-a-chaussures-kappa-modele-baho\/\"]}]},{\"@type\":\"ImageObject\",\"inLanguage\":\"fr-FR\",\"@id\":\"https:\/\/sports-custom.com\/caparis14\/produit\/sac-a-chaussures-kappa-modele-baho\/#primaryimage\",\"url\":\"https:\/\/sports-custom.com\/caparis14\/wp-content\/uploads\/sites\/62\/2023\/02\/Sans-titre-22.jpg\",\"contentUrl\":\"https:\/\/sports-custom.com\/caparis14\/wp-content\/uploads\/sites\/62\/2023\/02\/Sans-titre-22.jpg\",\"width\":906,\"height\":909},{\"@type\":\"BreadcrumbList\",\"@id\":\"https:\/\/sports-custom.com\/caparis14\/produit\/sac-a-chaussures-kappa-modele-baho\/#breadcrumb\",\"itemListElement\":[{\"@type\":\"ListItem\",\"position\":1,\"name\":\"Accueil\",\"item\":\"https:\/\/sports-custom.com\/caparis14\/\"},{\"@type\":\"ListItem\",\"position\":2,\"name\":\"Boutique\",\"item\":\"https:\/\/sports-custom.com\/caparis14\/\"},{\"@type\":\"ListItem\",\"position\":3,\"name\":\"Sac \u00e0 chaussures Kappa &#8211; mod\u00e8le BAHO\"}]},{\"@type\":\"WebSite\",\"@id\":\"https:\/\/sports-custom.com\/caparis14\/#website\",\"url\":\"https:\/\/sports-custom.com\/caparis14\/\",\"name\":\"CAPARIS14\",\"description\":\"\",\"publisher\":{\"@id\":\"https:\/\/sports-custom.com\/caparis14\/#organization\"},\"potentialAction\":[{\"@type\":\"SearchAction\",\"target\":{\"@type\":\"EntryPoint\",\"urlTemplate\":\"https:\/\/sports-custom.com\/caparis14\/?s={search_term_string}\"},\"query-input\":{\"@type\":\"PropertyValueSpecification\",\"valueRequired\":true,\"valueName\":\"search_term_string\"}}],\"inLanguage\":\"fr-FR\"},{\"@type\":\"Organization\",\"@id\":\"https:\/\/sports-custom.com\/caparis14\/#organization\",\"name\":\"CAPARIS14\",\"url\":\"https:\/\/sports-custom.com\/caparis14\/\",\"logo\":{\"@type\":\"ImageObject\",\"inLanguage\":\"fr-FR\",\"@id\":\"https:\/\/sports-custom.com\/caparis14\/#\/schema\/logo\/image\/\",\"url\":\"https:\/\/sports-custom.com\/caparis14\/wp-content\/uploads\/sites\/62\/2023\/02\/cropped-Sans-titre-16.png\",\"contentUrl\":\"https:\/\/sports-custom.com\/caparis14\/wp-content\/uploads\/sites\/62\/2023\/02\/cropped-Sans-titre-16.png\",\"width\":500,\"height\":498,\"caption\":\"CAPARIS14\"},\"image\":{\"@id\":\"https:\/\/sports-custom.com\/caparis14\/#\/schema\/logo\/image\/\"}}]}<\/script>\n<!-- \/ Yoast SEO plugin. -->","yoast_head_json":{"title":"Sac \u00e0 chaussures Kappa - mod\u00e8le BAHO - CAPARIS14","robots":{"index":"noindex","follow":"follow","max-snippet":"max-snippet:-1","max-image-preview":"max-image-preview:large","max-video-preview":"max-video-preview:-1"},"og_locale":"fr_FR","og_type":"article","og_title":"Sac \u00e0 chaussures Kappa - mod\u00e8le BAHO - CAPARIS14","og_description":"logo club patch tiss\u00e9  fermeture zipp\u00e9e avec poign\u00e9e  100% polyester 600D","og_url":"https:\/\/sports-custom.com\/caparis14\/produit\/sac-a-chaussures-kappa-modele-baho\/","og_site_name":"CAPARIS14","article_modified_time":"2026-02-26T09:35:49+00:00","og_image":[{"width":906,"height":909,"url":"http:\/\/sports-custom.com\/caparis14\/wp-content\/uploads\/sites\/62\/2023\/02\/Sans-titre-22.jpg","type":"image\/jpeg"}],"twitter_card":"summary_large_image","schema":{"@context":"https:\/\/schema.org","@graph":[{"@type":"WebPage","@id":"https:\/\/sports-custom.com\/caparis14\/produit\/sac-a-chaussures-kappa-modele-baho\/","url":"https:\/\/sports-custom.com\/caparis14\/produit\/sac-a-chaussures-kappa-modele-baho\/","name":"Sac \u00e0 chaussures Kappa - mod\u00e8le BAHO - CAPARIS14","isPartOf":{"@id":"https:\/\/sports-custom.com\/caparis14\/#website"},"primaryImageOfPage":{"@id":"https:\/\/sports-custom.com\/caparis14\/produit\/sac-a-chaussures-kappa-modele-baho\/#primaryimage"},"image":{"@id":"https:\/\/sports-custom.com\/caparis14\/produit\/sac-a-chaussures-kappa-modele-baho\/#primaryimage"},"thumbnailUrl":"https:\/\/sports-custom.com\/caparis14\/wp-content\/uploads\/sites\/62\/2023\/02\/Sans-titre-22.jpg","datePublished":"2023-02-21T12:18:44+00:00","dateModified":"2026-02-26T09:35:49+00:00","breadcrumb":{"@id":"https:\/\/sports-custom.com\/caparis14\/produit\/sac-a-chaussures-kappa-modele-baho\/#breadcrumb"},"inLanguage":"fr-FR","potentialAction":[{"@type":"ReadAction","target":["https:\/\/sports-custom.com\/caparis14\/produit\/sac-a-chaussures-kappa-modele-baho\/"]}]},{"@type":"ImageObject","inLanguage":"fr-FR","@id":"https:\/\/sports-custom.com\/caparis14\/produit\/sac-a-chaussures-kappa-modele-baho\/#primaryimage","url":"https:\/\/sports-custom.com\/caparis14\/wp-content\/uploads\/sites\/62\/2023\/02\/Sans-titre-22.jpg","contentUrl":"https:\/\/sports-custom.com\/caparis14\/wp-content\/uploads\/sites\/62\/2023\/02\/Sans-titre-22.jpg","width":906,"height":909},{"@type":"BreadcrumbList","@id":"https:\/\/sports-custom.com\/caparis14\/produit\/sac-a-chaussures-kappa-modele-baho\/#breadcrumb","itemListElement":[{"@type":"ListItem","position":1,"name":"Accueil","item":"https:\/\/sports-custom.com\/caparis14\/"},{"@type":"ListItem","position":2,"name":"Boutique","item":"https:\/\/sports-custom.com\/caparis14\/"},{"@type":"ListItem","position":3,"name":"Sac \u00e0 chaussures Kappa &#8211; mod\u00e8le BAHO"}]},{"@type":"WebSite","@id":"https:\/\/sports-custom.com\/caparis14\/#website","url":"https:\/\/sports-custom.com\/caparis14\/","name":"CAPARIS14","description":"","publisher":{"@id":"https:\/\/sports-custom.com\/caparis14\/#organization"},"potentialAction":[{"@type":"SearchAction","target":{"@type":"EntryPoint","urlTemplate":"https:\/\/sports-custom.com\/caparis14\/?s={search_term_string}"},"query-input":{"@type":"PropertyValueSpecification","valueRequired":true,"valueName":"search_term_string"}}],"inLanguage":"fr-FR"},{"@type":"Organization","@id":"https:\/\/sports-custom.com\/caparis14\/#organization","name":"CAPARIS14","url":"https:\/\/sports-custom.com\/caparis14\/","logo":{"@type":"ImageObject","inLanguage":"fr-FR","@id":"https:\/\/sports-custom.com\/caparis14\/#\/schema\/logo\/image\/","url":"https:\/\/sports-custom.com\/caparis14\/wp-content\/uploads\/sites\/62\/2023\/02\/cropped-Sans-titre-16.png","contentUrl":"https:\/\/sports-custom.com\/caparis14\/wp-content\/uploads\/sites\/62\/2023\/02\/cropped-Sans-titre-16.png","width":500,"height":498,"caption":"CAPARIS14"},"image":{"@id":"https:\/\/sports-custom.com\/caparis14\/#\/schema\/logo\/image\/"}}]}},"_links":{"self":[{"href":"https:\/\/sports-custom.com\/caparis14\/wp-json\/wp\/v2\/product\/954","targetHints":{"allow":["GET"]}}],"collection":[{"href":"https:\/\/sports-custom.com\/caparis14\/wp-json\/wp\/v2\/product"}],"about":[{"href":"https:\/\/sports-custom.com\/caparis14\/wp-json\/wp\/v2\/types\/product"}],"wp:featuredmedia":[{"embeddable":true,"href":"https:\/\/sports-custom.com\/caparis14\/wp-json\/wp\/v2\/media\/939"}],"wp:attachment":[{"href":"https:\/\/sports-custom.com\/caparis14\/wp-json\/wp\/v2\/media?parent=954"}],"wp:term":[{"taxonomy":"product_brand","embeddable":true,"href":"https:\/\/sports-custom.com\/caparis14\/wp-json\/wp\/v2\/product_brand?post=954"},{"taxonomy":"product_cat","embeddable":true,"href":"https:\/\/sports-custom.com\/caparis14\/wp-json\/wp\/v2\/product_cat?post=954"},{"taxonomy":"product_tag","embeddable":true,"href":"https:\/\/sports-custom.com\/caparis14\/wp-json\/wp\/v2\/product_tag?post=954"}],"curies":[{"name":"wp","href":"https:\/\/api.w.org\/{rel}","templated":true}]}}