{"id":140,"date":"2019-03-06T17:55:52","date_gmt":"2019-03-06T16:55:52","guid":{"rendered":"http:\/\/sports-custom.com\/base\/?page_id=140"},"modified":"2019-11-24T18:26:24","modified_gmt":"2019-11-24T17:26:24","slug":"paiement","status":"publish","type":"page","link":"https:\/\/sports-custom.com\/espci\/paiement\/","title":{"rendered":"Paiement"},"content":{"rendered":"<div class=\"wpb-content-wrapper\"><p>[vc_row css=\u00a0\u00bb.vc_custom_1554061285332{padding-top: 25px !important;}\u00a0\u00bb][vc_column][vc_column_text]<\/p>\n<h2 style=\"text-align: center;\">Nos solutions de paiement sont toutes s\u00e9curis\u00e9es \u00e0 100 %<\/h2>\n<hr \/>\n<h2 style=\"text-align: center;\"><\/h2>\n<p>[\/vc_column_text][\/vc_column][\/vc_row][vc_row equal_height=\u00a0\u00bbyes\u00a0\u00bb][vc_column width=\u00a0\u00bb1\/2&Prime;][vc_column_text]<img loading=\"lazy\" decoding=\"async\" class=\"aligncenter wp-image-218\" src=\"http:\/\/sports-custom.com\/base\/wp-content\/uploads\/sites\/2\/2019\/03\/Sans-titre-3-2.jpg\" alt=\"\" width=\"229\" height=\"100\" \/><\/p>\n<h3 style=\"text-align: center;\">Paiement s\u00e9curis\u00e9 par Carte Bancaire<\/h3>\n<p style=\"text-align: center;\">Apr\u00e8s avoir valid\u00e9 votre commande, vous basculez automatiquement sur les serveurs s\u00e9curis\u00e9s de notre partenaire bancaire Stripe.<\/p>\n<p style=\"text-align: center;\">Toutes les informations \u00e9chang\u00e9es pour traiter le paiement sont crypt\u00e9es gr\u00e2ce au protocole SSL. Ces donn\u00e9es ne peuvent \u00eatre ni d\u00e9tect\u00e9es, ni intercept\u00e9es, ni utilis\u00e9es par des tiers.<\/p>\n<p style=\"text-align: center;\">Elles ne sont pas non plus conserv\u00e9es sur nos syst\u00e8mes informatiques. Nous n\u2019 y avons donc jamais acc\u00e8s.<\/p>\n<p>[\/vc_column_text][\/vc_column][vc_column width=\u00a0\u00bb1\/2&Prime;][vc_column_text]<img loading=\"lazy\" decoding=\"async\" class=\"aligncenter wp-image-219\" src=\"http:\/\/sports-custom.com\/base\/wp-content\/uploads\/sites\/2\/2019\/03\/Sans-titre-4-1.jpg\" alt=\"\" width=\"189\" height=\"100\" \/><\/p>\n<h3 style=\"text-align: center;\">Paiement s\u00e9curis\u00e9 par Paypal<\/h3>\n<p style=\"text-align: center;\">PayPal vous permet de payer sans fournir vos donn\u00e9es bancaires.\u00a0Pour en savoir plus sur ce mode de paiement,\u00a0<a href=\"http:\/\/www.paypal.com\/fr\/\" target=\"_blank\" rel=\"noopener noreferrer\">cliquez ici<\/a>.<\/p>\n<p>[\/vc_column_text][vc_column_text]<\/p>\n<h3 id=\"transfert\" style=\"text-align: center;\">Paiement par Virement Bancaire<\/h3>\n<p style=\"text-align: center;\">Le paiement par virement bancaire est possible (en plus du paiement en ligne s\u00e9curis\u00e9) pour nos clients r\u00e9sidant en France (DOM-TOM inclus) ainsi que pour la majeure partie des pays \u00e9trangers. Ce moyen de paiement se fait uniquement sur demande par email\u00a0:\u00a0<a href=\"mailto:contact@misterugby.com\">contact@misterugby.com<\/a>\u00a0.<\/p>\n<p>[\/vc_column_text][\/vc_column][\/vc_row]<\/p>\n<\/div>","protected":false},"excerpt":{"rendered":"<p>[vc_row css=\u00a0\u00bb.vc_custom_1554061285332{padding-top: 25px !important;}\u00a0\u00bb][vc_column][vc_column_text] Nos solutions de paiement sont toutes s\u00e9curis\u00e9es \u00e0 100 % [\/vc_column_text][\/vc_column][\/vc_row][vc_row equal_height=\u00a0\u00bbyes\u00a0\u00bb][vc_column width=\u00a0\u00bb1\/2&Prime;][vc_column_text] Paiement s\u00e9curis\u00e9 par Carte Bancaire Apr\u00e8s avoir valid\u00e9 votre commande, vous basculez automatiquement sur les serveurs s\u00e9curis\u00e9s de notre partenaire bancaire Stripe. Toutes les informations \u00e9chang\u00e9es pour traiter le paiement sont crypt\u00e9es gr\u00e2ce au protocole SSL. Ces donn\u00e9es [&hellip;]<\/p>\n","protected":false},"author":1,"featured_media":0,"parent":0,"menu_order":0,"comment_status":"closed","ping_status":"closed","template":"template-fullwidth.php","meta":{"footnotes":""},"class_list":["post-140","page","type-page","status-publish","hentry"],"yoast_head":"<!-- This site is optimized with the Yoast SEO plugin v26.9 - https:\/\/yoast.com\/product\/yoast-seo-wordpress\/ -->\n<title>Paiement - espci<\/title>\n<meta name=\"robots\" content=\"noindex, follow, max-snippet:-1, max-image-preview:large, max-video-preview:-1\" \/>\n<meta property=\"og:locale\" content=\"fr_FR\" \/>\n<meta property=\"og:type\" content=\"article\" \/>\n<meta property=\"og:title\" content=\"Paiement - espci\" \/>\n<meta property=\"og:description\" content=\"[vc_row css=\u00a0\u00bb.vc_custom_1554061285332{padding-top: 25px !important;}\u00a0\u00bb][vc_column][vc_column_text] Nos solutions de paiement sont toutes s\u00e9curis\u00e9es \u00e0 100 % [\/vc_column_text][\/vc_column][\/vc_row][vc_row equal_height=\u00a0\u00bbyes\u00a0\u00bb][vc_column width=\u00a0\u00bb1\/2&Prime;][vc_column_text] Paiement s\u00e9curis\u00e9 par Carte Bancaire Apr\u00e8s avoir valid\u00e9 votre commande, vous basculez automatiquement sur les serveurs s\u00e9curis\u00e9s de notre partenaire bancaire Stripe. Toutes les informations \u00e9chang\u00e9es pour traiter le paiement sont crypt\u00e9es gr\u00e2ce au protocole SSL. Ces donn\u00e9es [&hellip;]\" \/>\n<meta property=\"og:url\" content=\"https:\/\/sports-custom.com\/espci\/paiement\/\" \/>\n<meta property=\"og:site_name\" content=\"espci\" \/>\n<meta property=\"article:modified_time\" content=\"2019-11-24T17:26:24+00:00\" \/>\n<meta property=\"og:image\" content=\"http:\/\/sports-custom.com\/base\/wp-content\/uploads\/sites\/2\/2019\/03\/Sans-titre-3-2.jpg\" \/>\n<meta name=\"twitter:card\" content=\"summary_large_image\" \/>\n<meta name=\"twitter:label1\" content=\"Dur\u00e9e de lecture estim\u00e9e\" \/>\n\t<meta name=\"twitter:data1\" content=\"1 minute\" \/>\n<script type=\"application\/ld+json\" class=\"yoast-schema-graph\">{\"@context\":\"https:\/\/schema.org\",\"@graph\":[{\"@type\":\"WebPage\",\"@id\":\"https:\/\/sports-custom.com\/espci\/paiement\/\",\"url\":\"https:\/\/sports-custom.com\/espci\/paiement\/\",\"name\":\"Paiement - espci\",\"isPartOf\":{\"@id\":\"https:\/\/sports-custom.com\/espci\/#website\"},\"primaryImageOfPage\":{\"@id\":\"https:\/\/sports-custom.com\/espci\/paiement\/#primaryimage\"},\"image\":{\"@id\":\"https:\/\/sports-custom.com\/espci\/paiement\/#primaryimage\"},\"thumbnailUrl\":\"http:\/\/sports-custom.com\/base\/wp-content\/uploads\/sites\/2\/2019\/03\/Sans-titre-3-2.jpg\",\"datePublished\":\"2019-03-06T16:55:52+00:00\",\"dateModified\":\"2019-11-24T17:26:24+00:00\",\"breadcrumb\":{\"@id\":\"https:\/\/sports-custom.com\/espci\/paiement\/#breadcrumb\"},\"inLanguage\":\"fr-FR\",\"potentialAction\":[{\"@type\":\"ReadAction\",\"target\":[\"https:\/\/sports-custom.com\/espci\/paiement\/\"]}]},{\"@type\":\"ImageObject\",\"inLanguage\":\"fr-FR\",\"@id\":\"https:\/\/sports-custom.com\/espci\/paiement\/#primaryimage\",\"url\":\"http:\/\/sports-custom.com\/base\/wp-content\/uploads\/sites\/2\/2019\/03\/Sans-titre-3-2.jpg\",\"contentUrl\":\"http:\/\/sports-custom.com\/base\/wp-content\/uploads\/sites\/2\/2019\/03\/Sans-titre-3-2.jpg\"},{\"@type\":\"BreadcrumbList\",\"@id\":\"https:\/\/sports-custom.com\/espci\/paiement\/#breadcrumb\",\"itemListElement\":[{\"@type\":\"ListItem\",\"position\":1,\"name\":\"Accueil\",\"item\":\"https:\/\/sports-custom.com\/espci\/\"},{\"@type\":\"ListItem\",\"position\":2,\"name\":\"Paiement\"}]},{\"@type\":\"WebSite\",\"@id\":\"https:\/\/sports-custom.com\/espci\/#website\",\"url\":\"https:\/\/sports-custom.com\/espci\/\",\"name\":\"espci\",\"description\":\"\",\"publisher\":{\"@id\":\"https:\/\/sports-custom.com\/espci\/#organization\"},\"potentialAction\":[{\"@type\":\"SearchAction\",\"target\":{\"@type\":\"EntryPoint\",\"urlTemplate\":\"https:\/\/sports-custom.com\/espci\/?s={search_term_string}\"},\"query-input\":{\"@type\":\"PropertyValueSpecification\",\"valueRequired\":true,\"valueName\":\"search_term_string\"}}],\"inLanguage\":\"fr-FR\"},{\"@type\":\"Organization\",\"@id\":\"https:\/\/sports-custom.com\/espci\/#organization\",\"name\":\"espci\",\"url\":\"https:\/\/sports-custom.com\/espci\/\",\"logo\":{\"@type\":\"ImageObject\",\"inLanguage\":\"fr-FR\",\"@id\":\"https:\/\/sports-custom.com\/espci\/#\/schema\/logo\/image\/\",\"url\":\"https:\/\/sports-custom.com\/espci\/wp-content\/uploads\/sites\/47\/2020\/03\/cropped-logo_bds_monochrome.png\",\"contentUrl\":\"https:\/\/sports-custom.com\/espci\/wp-content\/uploads\/sites\/47\/2020\/03\/cropped-logo_bds_monochrome.png\",\"width\":5101,\"height\":4500,\"caption\":\"espci\"},\"image\":{\"@id\":\"https:\/\/sports-custom.com\/espci\/#\/schema\/logo\/image\/\"}}]}<\/script>\n<!-- \/ Yoast SEO plugin. -->","yoast_head_json":{"title":"Paiement - espci","robots":{"index":"noindex","follow":"follow","max-snippet":"max-snippet:-1","max-image-preview":"max-image-preview:large","max-video-preview":"max-video-preview:-1"},"og_locale":"fr_FR","og_type":"article","og_title":"Paiement - espci","og_description":"[vc_row css=\u00a0\u00bb.vc_custom_1554061285332{padding-top: 25px !important;}\u00a0\u00bb][vc_column][vc_column_text] Nos solutions de paiement sont toutes s\u00e9curis\u00e9es \u00e0 100 % [\/vc_column_text][\/vc_column][\/vc_row][vc_row equal_height=\u00a0\u00bbyes\u00a0\u00bb][vc_column width=\u00a0\u00bb1\/2&Prime;][vc_column_text] Paiement s\u00e9curis\u00e9 par Carte Bancaire Apr\u00e8s avoir valid\u00e9 votre commande, vous basculez automatiquement sur les serveurs s\u00e9curis\u00e9s de notre partenaire bancaire Stripe. Toutes les informations \u00e9chang\u00e9es pour traiter le paiement sont crypt\u00e9es gr\u00e2ce au protocole SSL. Ces donn\u00e9es [&hellip;]","og_url":"https:\/\/sports-custom.com\/espci\/paiement\/","og_site_name":"espci","article_modified_time":"2019-11-24T17:26:24+00:00","og_image":[{"url":"http:\/\/sports-custom.com\/base\/wp-content\/uploads\/sites\/2\/2019\/03\/Sans-titre-3-2.jpg","type":"","width":"","height":""}],"twitter_card":"summary_large_image","twitter_misc":{"Dur\u00e9e de lecture estim\u00e9e":"1 minute"},"schema":{"@context":"https:\/\/schema.org","@graph":[{"@type":"WebPage","@id":"https:\/\/sports-custom.com\/espci\/paiement\/","url":"https:\/\/sports-custom.com\/espci\/paiement\/","name":"Paiement - espci","isPartOf":{"@id":"https:\/\/sports-custom.com\/espci\/#website"},"primaryImageOfPage":{"@id":"https:\/\/sports-custom.com\/espci\/paiement\/#primaryimage"},"image":{"@id":"https:\/\/sports-custom.com\/espci\/paiement\/#primaryimage"},"thumbnailUrl":"http:\/\/sports-custom.com\/base\/wp-content\/uploads\/sites\/2\/2019\/03\/Sans-titre-3-2.jpg","datePublished":"2019-03-06T16:55:52+00:00","dateModified":"2019-11-24T17:26:24+00:00","breadcrumb":{"@id":"https:\/\/sports-custom.com\/espci\/paiement\/#breadcrumb"},"inLanguage":"fr-FR","potentialAction":[{"@type":"ReadAction","target":["https:\/\/sports-custom.com\/espci\/paiement\/"]}]},{"@type":"ImageObject","inLanguage":"fr-FR","@id":"https:\/\/sports-custom.com\/espci\/paiement\/#primaryimage","url":"http:\/\/sports-custom.com\/base\/wp-content\/uploads\/sites\/2\/2019\/03\/Sans-titre-3-2.jpg","contentUrl":"http:\/\/sports-custom.com\/base\/wp-content\/uploads\/sites\/2\/2019\/03\/Sans-titre-3-2.jpg"},{"@type":"BreadcrumbList","@id":"https:\/\/sports-custom.com\/espci\/paiement\/#breadcrumb","itemListElement":[{"@type":"ListItem","position":1,"name":"Accueil","item":"https:\/\/sports-custom.com\/espci\/"},{"@type":"ListItem","position":2,"name":"Paiement"}]},{"@type":"WebSite","@id":"https:\/\/sports-custom.com\/espci\/#website","url":"https:\/\/sports-custom.com\/espci\/","name":"espci","description":"","publisher":{"@id":"https:\/\/sports-custom.com\/espci\/#organization"},"potentialAction":[{"@type":"SearchAction","target":{"@type":"EntryPoint","urlTemplate":"https:\/\/sports-custom.com\/espci\/?s={search_term_string}"},"query-input":{"@type":"PropertyValueSpecification","valueRequired":true,"valueName":"search_term_string"}}],"inLanguage":"fr-FR"},{"@type":"Organization","@id":"https:\/\/sports-custom.com\/espci\/#organization","name":"espci","url":"https:\/\/sports-custom.com\/espci\/","logo":{"@type":"ImageObject","inLanguage":"fr-FR","@id":"https:\/\/sports-custom.com\/espci\/#\/schema\/logo\/image\/","url":"https:\/\/sports-custom.com\/espci\/wp-content\/uploads\/sites\/47\/2020\/03\/cropped-logo_bds_monochrome.png","contentUrl":"https:\/\/sports-custom.com\/espci\/wp-content\/uploads\/sites\/47\/2020\/03\/cropped-logo_bds_monochrome.png","width":5101,"height":4500,"caption":"espci"},"image":{"@id":"https:\/\/sports-custom.com\/espci\/#\/schema\/logo\/image\/"}}]}},"_links":{"self":[{"href":"https:\/\/sports-custom.com\/espci\/wp-json\/wp\/v2\/pages\/140","targetHints":{"allow":["GET"]}}],"collection":[{"href":"https:\/\/sports-custom.com\/espci\/wp-json\/wp\/v2\/pages"}],"about":[{"href":"https:\/\/sports-custom.com\/espci\/wp-json\/wp\/v2\/types\/page"}],"author":[{"embeddable":true,"href":"https:\/\/sports-custom.com\/espci\/wp-json\/wp\/v2\/users\/1"}],"replies":[{"embeddable":true,"href":"https:\/\/sports-custom.com\/espci\/wp-json\/wp\/v2\/comments?post=140"}],"version-history":[{"count":0,"href":"https:\/\/sports-custom.com\/espci\/wp-json\/wp\/v2\/pages\/140\/revisions"}],"wp:attachment":[{"href":"https:\/\/sports-custom.com\/espci\/wp-json\/wp\/v2\/media?parent=140"}],"curies":[{"name":"wp","href":"https:\/\/api.w.org\/{rel}","templated":true}]}}