{"id":142,"date":"2019-03-06T17:56:12","date_gmt":"2019-03-06T16:56:12","guid":{"rendered":"http:\/\/sports-custom.com\/base\/?page_id=142"},"modified":"2020-03-18T13:05:09","modified_gmt":"2020-03-18T12:05:09","slug":"livraison","status":"publish","type":"page","link":"https:\/\/sports-custom.com\/espci\/livraison\/","title":{"rendered":"Livraison"},"content":{"rendered":"<div class=\"wpb-content-wrapper\"><p>[vc_row css=\u00a0\u00bb.vc_custom_1554061352971{padding-top: 25px !important;}\u00a0\u00bb][vc_column][vc_column_text]<\/p>\n<p style=\"text-align: center;\"><strong>Votre boutique Club ESPCI en ligne est ouverte du 19 Mars 2020 au 19 Avril 2020. <\/strong><\/p>\n<p style=\"text-align: center;\"><em><strong>LIVRAISON A PARTIR DU 19 MAI<\/strong><\/em><\/p>\n<p style=\"text-align: center;\">Vous pouvez vous faire livrer directement chez vous !<\/p>\n<p style=\"text-align: center;\">Vous avez \u00e9galement la possibilit\u00e9 de retirer votre commande dans notre magasin de\u00a0<a href=\"http:\/\/misterugby.com\/fr\/content\/10-notre-magasin\">Paris 5\u00e8me.<\/a><\/p>\n<p style=\"text-align: center;\">Vous serez pr\u00e9venu par mail de la disponibilit\u00e9 de votre commande ou de l\u2019 envoi de celle-ci via un num\u00e9ro de suivi<\/p>\n<p style=\"text-align: center;\">( d\u00e9lais de 48 h\u00a0 au d\u00e9part de nos locaux )<\/p>\n<hr \/>\n<p>[\/vc_column_text][\/vc_column][\/vc_row][vc_row equal_height=\u00a0\u00bbyes\u00a0\u00bb][vc_column width=\u00a0\u00bb1\/2&Prime;][vc_column_text]<img loading=\"lazy\" decoding=\"async\" class=\"aligncenter wp-image-190\" src=\"http:\/\/sports-custom.com\/base\/wp-content\/uploads\/sites\/2\/2019\/03\/Sans-titre-2-3.jpg\" alt=\"\" width=\"206\" height=\"170\" \/><\/p>\n<p style=\"text-align: center;\"><em><strong>FRANCE\u00a0<\/strong><\/em><b><i>M\u00c9TROPOLITAINE<\/i><\/b><\/p>\n<p style=\"text-align: center;\">Livraison \u00e0 domicile en Colissimo suivi =\u00a0<em><strong>5 euros<\/strong><\/em><\/p>\n<p style=\"text-align: center;\"><em><strong>Livraison OFFERTE \u00e0 partir de 150 \u20ac d&rsquo; achat<\/strong><\/em><\/p>\n<p style=\"text-align: center;\">( 48 h de d\u00e9lais au d\u00e9part de nos locaux )<\/p>\n<p>[\/vc_column_text][\/vc_column][vc_column width=\u00a0\u00bb1\/2&Prime;][vc_column_text]<img loading=\"lazy\" decoding=\"async\" class=\"aligncenter wp-image-192\" src=\"http:\/\/sports-custom.com\/base\/wp-content\/uploads\/sites\/2\/2019\/03\/Sans-titre-3-1.jpg\" alt=\"\" width=\"215\" height=\"170\" \/><\/p>\n<p style=\"text-align: center;\"><em><strong>RETRAIT GRATUIT EN MAGASIN<\/strong><\/em><\/p>\n<p style=\"text-align: center;\">Ouvert du Lundi au Vendredi de 10 h \u00e0 19 h<\/p>\n<p style=\"text-align: center;\">40 rue Saint Jacques \u2013 75005 Paris<\/p>\n<p>[\/vc_column_text][\/vc_column][\/vc_row][vc_row][vc_column][vc_column_text]<\/p>\n<hr \/>\n<p><img loading=\"lazy\" decoding=\"async\" class=\"aligncenter wp-image-195 size-large\" src=\"http:\/\/sports-custom.com\/base\/wp-content\/uploads\/sites\/2\/2019\/03\/acc\u00e8s-magasin-1-1024x439.jpg\" alt=\"\" width=\"640\" height=\"274\" srcset=\"https:\/\/sports-custom.com\/espci\/wp-content\/uploads\/sites\/47\/2019\/03\/acc\u00e8s-magasin-1-1024x439.jpg 1024w, https:\/\/sports-custom.com\/espci\/wp-content\/uploads\/sites\/47\/2019\/03\/acc\u00e8s-magasin-1-300x129.jpg 300w, https:\/\/sports-custom.com\/espci\/wp-content\/uploads\/sites\/47\/2019\/03\/acc\u00e8s-magasin-1-768x329.jpg 768w, https:\/\/sports-custom.com\/espci\/wp-content\/uploads\/sites\/47\/2019\/03\/acc\u00e8s-magasin-1-570x244.jpg 570w, https:\/\/sports-custom.com\/espci\/wp-content\/uploads\/sites\/47\/2019\/03\/acc\u00e8s-magasin-1.jpg 1500w\" sizes=\"auto, (max-width: 640px) 100vw, 640px\" \/><\/p>\n<hr \/>\n<p>[\/vc_column_text][\/vc_column][\/vc_row][vc_row][vc_column width=\u00a0\u00bb1\/2&Prime;][vc_column_text]<img loading=\"lazy\" decoding=\"async\" class=\"aligncenter wp-image-191\" src=\"http:\/\/sports-custom.com\/base\/wp-content\/uploads\/sites\/2\/2019\/03\/Sans-titre-4.jpg\" alt=\"\" width=\"214\" height=\"170\" \/><\/p>\n<p style=\"text-align: center;\"><em><strong>DOM TOM ET HORS UNION EUROPEENNE<\/strong><\/em><\/p>\n<p style=\"text-align: center;\">Livraison \u00e0 domicile en Colissimo Expert international =\u00a0<em><strong>19 euros<\/strong><\/em><\/p>\n<p style=\"text-align: center;\">( d\u00e9lais de 5 \u00e0 8 jours ouvr\u00e9s au d\u00e9part de nos locaux )<\/p>\n<p>[\/vc_column_text][\/vc_column][vc_column width=\u00a0\u00bb1\/2&Prime;][vc_column_text]<img loading=\"lazy\" decoding=\"async\" class=\"aligncenter wp-image-212\" src=\"http:\/\/sports-custom.com\/base\/wp-content\/uploads\/sites\/2\/2019\/03\/colissimo-europe.jpg\" alt=\"\" width=\"206\" height=\"170\" \/><\/p>\n<p style=\"text-align: center;\"><em><strong>EUROPE<\/strong><\/em><\/p>\n<p style=\"text-align: center;\">Livraison \u00e0 domicile en Colissimo suivi Expert =\u00a0<em><strong>9 euros<\/strong><\/em><\/p>\n<p style=\"text-align: center;\">( d\u00e9lais de 3 \u00e0 5 jours ouvr\u00e9s au d\u00e9part de nos locaux )<\/p>\n<p>[\/vc_column_text][\/vc_column][\/vc_row]<\/p>\n<\/div>","protected":false},"excerpt":{"rendered":"<p>[vc_row css=\u00a0\u00bb.vc_custom_1554061352971{padding-top: 25px !important;}\u00a0\u00bb][vc_column][vc_column_text] Votre boutique Club ESPCI en ligne est ouverte du 19 Mars 2020 au 19 Avril 2020. LIVRAISON A PARTIR DU 19 MAI Vous pouvez vous faire livrer directement chez vous ! Vous avez \u00e9galement la possibilit\u00e9 de retirer votre commande dans notre magasin de\u00a0Paris 5\u00e8me. Vous serez pr\u00e9venu par mail de [&hellip;]<\/p>\n","protected":false},"author":1,"featured_media":0,"parent":0,"menu_order":0,"comment_status":"closed","ping_status":"closed","template":"template-fullwidth.php","meta":{"footnotes":""},"class_list":["post-142","page","type-page","status-publish","hentry"],"yoast_head":"<!-- This site is optimized with the Yoast SEO plugin v26.9 - https:\/\/yoast.com\/product\/yoast-seo-wordpress\/ -->\n<title>Livraison - espci<\/title>\n<meta name=\"robots\" content=\"noindex, follow, max-snippet:-1, max-image-preview:large, max-video-preview:-1\" \/>\n<meta property=\"og:locale\" content=\"fr_FR\" \/>\n<meta property=\"og:type\" content=\"article\" \/>\n<meta property=\"og:title\" content=\"Livraison - espci\" \/>\n<meta property=\"og:description\" content=\"[vc_row css=\u00a0\u00bb.vc_custom_1554061352971{padding-top: 25px !important;}\u00a0\u00bb][vc_column][vc_column_text] Votre boutique Club ESPCI en ligne est ouverte du 19 Mars 2020 au 19 Avril 2020. LIVRAISON A PARTIR DU 19 MAI Vous pouvez vous faire livrer directement chez vous ! Vous avez \u00e9galement la possibilit\u00e9 de retirer votre commande dans notre magasin de\u00a0Paris 5\u00e8me. Vous serez pr\u00e9venu par mail de [&hellip;]\" \/>\n<meta property=\"og:url\" content=\"https:\/\/sports-custom.com\/espci\/livraison\/\" \/>\n<meta property=\"og:site_name\" content=\"espci\" \/>\n<meta property=\"article:modified_time\" content=\"2020-03-18T12:05:09+00:00\" \/>\n<meta property=\"og:image\" content=\"http:\/\/sports-custom.com\/base\/wp-content\/uploads\/sites\/2\/2019\/03\/Sans-titre-2-3.jpg\" \/>\n<meta name=\"twitter:card\" content=\"summary_large_image\" \/>\n<meta name=\"twitter:label1\" content=\"Dur\u00e9e de lecture estim\u00e9e\" \/>\n\t<meta name=\"twitter:data1\" content=\"1 minute\" \/>\n<script type=\"application\/ld+json\" class=\"yoast-schema-graph\">{\"@context\":\"https:\/\/schema.org\",\"@graph\":[{\"@type\":\"WebPage\",\"@id\":\"https:\/\/sports-custom.com\/espci\/livraison\/\",\"url\":\"https:\/\/sports-custom.com\/espci\/livraison\/\",\"name\":\"Livraison - espci\",\"isPartOf\":{\"@id\":\"https:\/\/sports-custom.com\/espci\/#website\"},\"primaryImageOfPage\":{\"@id\":\"https:\/\/sports-custom.com\/espci\/livraison\/#primaryimage\"},\"image\":{\"@id\":\"https:\/\/sports-custom.com\/espci\/livraison\/#primaryimage\"},\"thumbnailUrl\":\"http:\/\/sports-custom.com\/base\/wp-content\/uploads\/sites\/2\/2019\/03\/Sans-titre-2-3.jpg\",\"datePublished\":\"2019-03-06T16:56:12+00:00\",\"dateModified\":\"2020-03-18T12:05:09+00:00\",\"breadcrumb\":{\"@id\":\"https:\/\/sports-custom.com\/espci\/livraison\/#breadcrumb\"},\"inLanguage\":\"fr-FR\",\"potentialAction\":[{\"@type\":\"ReadAction\",\"target\":[\"https:\/\/sports-custom.com\/espci\/livraison\/\"]}]},{\"@type\":\"ImageObject\",\"inLanguage\":\"fr-FR\",\"@id\":\"https:\/\/sports-custom.com\/espci\/livraison\/#primaryimage\",\"url\":\"http:\/\/sports-custom.com\/base\/wp-content\/uploads\/sites\/2\/2019\/03\/Sans-titre-2-3.jpg\",\"contentUrl\":\"http:\/\/sports-custom.com\/base\/wp-content\/uploads\/sites\/2\/2019\/03\/Sans-titre-2-3.jpg\"},{\"@type\":\"BreadcrumbList\",\"@id\":\"https:\/\/sports-custom.com\/espci\/livraison\/#breadcrumb\",\"itemListElement\":[{\"@type\":\"ListItem\",\"position\":1,\"name\":\"Accueil\",\"item\":\"https:\/\/sports-custom.com\/espci\/\"},{\"@type\":\"ListItem\",\"position\":2,\"name\":\"Livraison\"}]},{\"@type\":\"WebSite\",\"@id\":\"https:\/\/sports-custom.com\/espci\/#website\",\"url\":\"https:\/\/sports-custom.com\/espci\/\",\"name\":\"espci\",\"description\":\"\",\"publisher\":{\"@id\":\"https:\/\/sports-custom.com\/espci\/#organization\"},\"potentialAction\":[{\"@type\":\"SearchAction\",\"target\":{\"@type\":\"EntryPoint\",\"urlTemplate\":\"https:\/\/sports-custom.com\/espci\/?s={search_term_string}\"},\"query-input\":{\"@type\":\"PropertyValueSpecification\",\"valueRequired\":true,\"valueName\":\"search_term_string\"}}],\"inLanguage\":\"fr-FR\"},{\"@type\":\"Organization\",\"@id\":\"https:\/\/sports-custom.com\/espci\/#organization\",\"name\":\"espci\",\"url\":\"https:\/\/sports-custom.com\/espci\/\",\"logo\":{\"@type\":\"ImageObject\",\"inLanguage\":\"fr-FR\",\"@id\":\"https:\/\/sports-custom.com\/espci\/#\/schema\/logo\/image\/\",\"url\":\"https:\/\/sports-custom.com\/espci\/wp-content\/uploads\/sites\/47\/2020\/03\/cropped-logo_bds_monochrome.png\",\"contentUrl\":\"https:\/\/sports-custom.com\/espci\/wp-content\/uploads\/sites\/47\/2020\/03\/cropped-logo_bds_monochrome.png\",\"width\":5101,\"height\":4500,\"caption\":\"espci\"},\"image\":{\"@id\":\"https:\/\/sports-custom.com\/espci\/#\/schema\/logo\/image\/\"}}]}<\/script>\n<!-- \/ Yoast SEO plugin. -->","yoast_head_json":{"title":"Livraison - espci","robots":{"index":"noindex","follow":"follow","max-snippet":"max-snippet:-1","max-image-preview":"max-image-preview:large","max-video-preview":"max-video-preview:-1"},"og_locale":"fr_FR","og_type":"article","og_title":"Livraison - espci","og_description":"[vc_row css=\u00a0\u00bb.vc_custom_1554061352971{padding-top: 25px !important;}\u00a0\u00bb][vc_column][vc_column_text] Votre boutique Club ESPCI en ligne est ouverte du 19 Mars 2020 au 19 Avril 2020. LIVRAISON A PARTIR DU 19 MAI Vous pouvez vous faire livrer directement chez vous ! Vous avez \u00e9galement la possibilit\u00e9 de retirer votre commande dans notre magasin de\u00a0Paris 5\u00e8me. Vous serez pr\u00e9venu par mail de [&hellip;]","og_url":"https:\/\/sports-custom.com\/espci\/livraison\/","og_site_name":"espci","article_modified_time":"2020-03-18T12:05:09+00:00","og_image":[{"url":"http:\/\/sports-custom.com\/base\/wp-content\/uploads\/sites\/2\/2019\/03\/Sans-titre-2-3.jpg","type":"","width":"","height":""}],"twitter_card":"summary_large_image","twitter_misc":{"Dur\u00e9e de lecture estim\u00e9e":"1 minute"},"schema":{"@context":"https:\/\/schema.org","@graph":[{"@type":"WebPage","@id":"https:\/\/sports-custom.com\/espci\/livraison\/","url":"https:\/\/sports-custom.com\/espci\/livraison\/","name":"Livraison - espci","isPartOf":{"@id":"https:\/\/sports-custom.com\/espci\/#website"},"primaryImageOfPage":{"@id":"https:\/\/sports-custom.com\/espci\/livraison\/#primaryimage"},"image":{"@id":"https:\/\/sports-custom.com\/espci\/livraison\/#primaryimage"},"thumbnailUrl":"http:\/\/sports-custom.com\/base\/wp-content\/uploads\/sites\/2\/2019\/03\/Sans-titre-2-3.jpg","datePublished":"2019-03-06T16:56:12+00:00","dateModified":"2020-03-18T12:05:09+00:00","breadcrumb":{"@id":"https:\/\/sports-custom.com\/espci\/livraison\/#breadcrumb"},"inLanguage":"fr-FR","potentialAction":[{"@type":"ReadAction","target":["https:\/\/sports-custom.com\/espci\/livraison\/"]}]},{"@type":"ImageObject","inLanguage":"fr-FR","@id":"https:\/\/sports-custom.com\/espci\/livraison\/#primaryimage","url":"http:\/\/sports-custom.com\/base\/wp-content\/uploads\/sites\/2\/2019\/03\/Sans-titre-2-3.jpg","contentUrl":"http:\/\/sports-custom.com\/base\/wp-content\/uploads\/sites\/2\/2019\/03\/Sans-titre-2-3.jpg"},{"@type":"BreadcrumbList","@id":"https:\/\/sports-custom.com\/espci\/livraison\/#breadcrumb","itemListElement":[{"@type":"ListItem","position":1,"name":"Accueil","item":"https:\/\/sports-custom.com\/espci\/"},{"@type":"ListItem","position":2,"name":"Livraison"}]},{"@type":"WebSite","@id":"https:\/\/sports-custom.com\/espci\/#website","url":"https:\/\/sports-custom.com\/espci\/","name":"espci","description":"","publisher":{"@id":"https:\/\/sports-custom.com\/espci\/#organization"},"potentialAction":[{"@type":"SearchAction","target":{"@type":"EntryPoint","urlTemplate":"https:\/\/sports-custom.com\/espci\/?s={search_term_string}"},"query-input":{"@type":"PropertyValueSpecification","valueRequired":true,"valueName":"search_term_string"}}],"inLanguage":"fr-FR"},{"@type":"Organization","@id":"https:\/\/sports-custom.com\/espci\/#organization","name":"espci","url":"https:\/\/sports-custom.com\/espci\/","logo":{"@type":"ImageObject","inLanguage":"fr-FR","@id":"https:\/\/sports-custom.com\/espci\/#\/schema\/logo\/image\/","url":"https:\/\/sports-custom.com\/espci\/wp-content\/uploads\/sites\/47\/2020\/03\/cropped-logo_bds_monochrome.png","contentUrl":"https:\/\/sports-custom.com\/espci\/wp-content\/uploads\/sites\/47\/2020\/03\/cropped-logo_bds_monochrome.png","width":5101,"height":4500,"caption":"espci"},"image":{"@id":"https:\/\/sports-custom.com\/espci\/#\/schema\/logo\/image\/"}}]}},"_links":{"self":[{"href":"https:\/\/sports-custom.com\/espci\/wp-json\/wp\/v2\/pages\/142","targetHints":{"allow":["GET"]}}],"collection":[{"href":"https:\/\/sports-custom.com\/espci\/wp-json\/wp\/v2\/pages"}],"about":[{"href":"https:\/\/sports-custom.com\/espci\/wp-json\/wp\/v2\/types\/page"}],"author":[{"embeddable":true,"href":"https:\/\/sports-custom.com\/espci\/wp-json\/wp\/v2\/users\/1"}],"replies":[{"embeddable":true,"href":"https:\/\/sports-custom.com\/espci\/wp-json\/wp\/v2\/comments?post=142"}],"version-history":[{"count":0,"href":"https:\/\/sports-custom.com\/espci\/wp-json\/wp\/v2\/pages\/142\/revisions"}],"wp:attachment":[{"href":"https:\/\/sports-custom.com\/espci\/wp-json\/wp\/v2\/media?parent=142"}],"curies":[{"name":"wp","href":"https:\/\/api.w.org\/{rel}","templated":true}]}}