{"id":904,"date":"2020-03-18T10:04:20","date_gmt":"2020-03-18T09:04:20","guid":{"rendered":"https:\/\/sports-custom.com\/espci\/?post_type=product&#038;p=904"},"modified":"2020-03-20T11:01:34","modified_gmt":"2020-03-20T10:01:34","slug":"chaussettes-de-sport-modele-multi","status":"publish","type":"product","link":"https:\/\/sports-custom.com\/espci\/produit\/chaussettes-de-sport-modele-multi\/","title":{"rendered":"Chaussettes de sport basses &#8211; mod\u00e8le MULTI"},"content":{"rendered":"","protected":false},"excerpt":{"rendered":"<p style=\"text-align: center;\"><em><strong>MADE IN FRANCE<\/strong><\/em><\/p>\n<ul>\n<li>coloris marine et grenat<\/li>\n<li>ultra confort avec empi\u00e8cements<\/li>\n<li>convient \u00e0 tous les sports en salle<\/li>\n<li>m\u00e9lange Polyamide \u00e9lasthanne<\/li>\n<li>chaussettes basses<\/li>\n<\/ul>\n","protected":false},"featured_media":905,"template":"","meta":[],"product_brand":[],"product_cat":[42],"product_tag":[],"class_list":{"0":"post-904","1":"product","2":"type-product","3":"status-publish","4":"has-post-thumbnail","6":"product_cat-accessoires","8":"first","9":"instock","10":"taxable","11":"shipping-taxable","12":"purchasable","13":"product-type-variable"},"yoast_head":"<!-- This site is optimized with the Yoast SEO plugin v26.9 - https:\/\/yoast.com\/product\/yoast-seo-wordpress\/ -->\n<title>Chaussettes de sport basses - mod\u00e8le MULTI - espci<\/title>\n<meta name=\"robots\" content=\"noindex, follow, max-snippet:-1, max-image-preview:large, max-video-preview:-1\" \/>\n<meta property=\"og:locale\" content=\"fr_FR\" \/>\n<meta property=\"og:type\" content=\"article\" \/>\n<meta property=\"og:title\" content=\"Chaussettes de sport basses - mod\u00e8le MULTI - espci\" \/>\n<meta property=\"og:description\" content=\"MADE IN FRANCE    coloris marine et grenat  ultra confort avec empi\u00e8cements  convient \u00e0 tous les sports en salle  m\u00e9lange Polyamide \u00e9lasthanne  chaussettes basses\" \/>\n<meta property=\"og:url\" content=\"https:\/\/sports-custom.com\/espci\/produit\/chaussettes-de-sport-modele-multi\/\" \/>\n<meta property=\"og:site_name\" content=\"espci\" \/>\n<meta property=\"article:modified_time\" content=\"2020-03-20T10:01:34+00:00\" \/>\n<meta property=\"og:image\" content=\"https:\/\/sports-custom.com\/espci\/wp-content\/uploads\/sites\/47\/2020\/03\/Sans-titre-1.jpg\" \/>\n\t<meta property=\"og:image:width\" content=\"1500\" \/>\n\t<meta property=\"og:image:height\" content=\"1402\" \/>\n\t<meta property=\"og:image:type\" content=\"image\/jpeg\" \/>\n<meta name=\"twitter:card\" content=\"summary_large_image\" \/>\n<script type=\"application\/ld+json\" class=\"yoast-schema-graph\">{\"@context\":\"https:\/\/schema.org\",\"@graph\":[{\"@type\":\"WebPage\",\"@id\":\"https:\/\/sports-custom.com\/espci\/produit\/chaussettes-de-sport-modele-multi\/\",\"url\":\"https:\/\/sports-custom.com\/espci\/produit\/chaussettes-de-sport-modele-multi\/\",\"name\":\"Chaussettes de sport basses - mod\u00e8le MULTI - espci\",\"isPartOf\":{\"@id\":\"https:\/\/sports-custom.com\/espci\/#website\"},\"primaryImageOfPage\":{\"@id\":\"https:\/\/sports-custom.com\/espci\/produit\/chaussettes-de-sport-modele-multi\/#primaryimage\"},\"image\":{\"@id\":\"https:\/\/sports-custom.com\/espci\/produit\/chaussettes-de-sport-modele-multi\/#primaryimage\"},\"thumbnailUrl\":\"https:\/\/sports-custom.com\/espci\/wp-content\/uploads\/sites\/47\/2020\/03\/Sans-titre-1.jpg\",\"datePublished\":\"2020-03-18T09:04:20+00:00\",\"dateModified\":\"2020-03-20T10:01:34+00:00\",\"breadcrumb\":{\"@id\":\"https:\/\/sports-custom.com\/espci\/produit\/chaussettes-de-sport-modele-multi\/#breadcrumb\"},\"inLanguage\":\"fr-FR\",\"potentialAction\":[{\"@type\":\"ReadAction\",\"target\":[\"https:\/\/sports-custom.com\/espci\/produit\/chaussettes-de-sport-modele-multi\/\"]}]},{\"@type\":\"ImageObject\",\"inLanguage\":\"fr-FR\",\"@id\":\"https:\/\/sports-custom.com\/espci\/produit\/chaussettes-de-sport-modele-multi\/#primaryimage\",\"url\":\"https:\/\/sports-custom.com\/espci\/wp-content\/uploads\/sites\/47\/2020\/03\/Sans-titre-1.jpg\",\"contentUrl\":\"https:\/\/sports-custom.com\/espci\/wp-content\/uploads\/sites\/47\/2020\/03\/Sans-titre-1.jpg\",\"width\":1500,\"height\":1402},{\"@type\":\"BreadcrumbList\",\"@id\":\"https:\/\/sports-custom.com\/espci\/produit\/chaussettes-de-sport-modele-multi\/#breadcrumb\",\"itemListElement\":[{\"@type\":\"ListItem\",\"position\":1,\"name\":\"Accueil\",\"item\":\"https:\/\/sports-custom.com\/espci\/\"},{\"@type\":\"ListItem\",\"position\":2,\"name\":\"Boutique\",\"item\":\"https:\/\/sports-custom.com\/espci\/\"},{\"@type\":\"ListItem\",\"position\":3,\"name\":\"Chaussettes de sport basses &#8211; mod\u00e8le MULTI\"}]},{\"@type\":\"WebSite\",\"@id\":\"https:\/\/sports-custom.com\/espci\/#website\",\"url\":\"https:\/\/sports-custom.com\/espci\/\",\"name\":\"espci\",\"description\":\"\",\"publisher\":{\"@id\":\"https:\/\/sports-custom.com\/espci\/#organization\"},\"potentialAction\":[{\"@type\":\"SearchAction\",\"target\":{\"@type\":\"EntryPoint\",\"urlTemplate\":\"https:\/\/sports-custom.com\/espci\/?s={search_term_string}\"},\"query-input\":{\"@type\":\"PropertyValueSpecification\",\"valueRequired\":true,\"valueName\":\"search_term_string\"}}],\"inLanguage\":\"fr-FR\"},{\"@type\":\"Organization\",\"@id\":\"https:\/\/sports-custom.com\/espci\/#organization\",\"name\":\"espci\",\"url\":\"https:\/\/sports-custom.com\/espci\/\",\"logo\":{\"@type\":\"ImageObject\",\"inLanguage\":\"fr-FR\",\"@id\":\"https:\/\/sports-custom.com\/espci\/#\/schema\/logo\/image\/\",\"url\":\"https:\/\/sports-custom.com\/espci\/wp-content\/uploads\/sites\/47\/2020\/03\/cropped-logo_bds_monochrome.png\",\"contentUrl\":\"https:\/\/sports-custom.com\/espci\/wp-content\/uploads\/sites\/47\/2020\/03\/cropped-logo_bds_monochrome.png\",\"width\":5101,\"height\":4500,\"caption\":\"espci\"},\"image\":{\"@id\":\"https:\/\/sports-custom.com\/espci\/#\/schema\/logo\/image\/\"}}]}<\/script>\n<!-- \/ Yoast SEO plugin. -->","yoast_head_json":{"title":"Chaussettes de sport basses - mod\u00e8le MULTI - espci","robots":{"index":"noindex","follow":"follow","max-snippet":"max-snippet:-1","max-image-preview":"max-image-preview:large","max-video-preview":"max-video-preview:-1"},"og_locale":"fr_FR","og_type":"article","og_title":"Chaussettes de sport basses - mod\u00e8le MULTI - espci","og_description":"MADE IN FRANCE    coloris marine et grenat  ultra confort avec empi\u00e8cements  convient \u00e0 tous les sports en salle  m\u00e9lange Polyamide \u00e9lasthanne  chaussettes basses","og_url":"https:\/\/sports-custom.com\/espci\/produit\/chaussettes-de-sport-modele-multi\/","og_site_name":"espci","article_modified_time":"2020-03-20T10:01:34+00:00","og_image":[{"width":1500,"height":1402,"url":"https:\/\/sports-custom.com\/espci\/wp-content\/uploads\/sites\/47\/2020\/03\/Sans-titre-1.jpg","type":"image\/jpeg"}],"twitter_card":"summary_large_image","schema":{"@context":"https:\/\/schema.org","@graph":[{"@type":"WebPage","@id":"https:\/\/sports-custom.com\/espci\/produit\/chaussettes-de-sport-modele-multi\/","url":"https:\/\/sports-custom.com\/espci\/produit\/chaussettes-de-sport-modele-multi\/","name":"Chaussettes de sport basses - mod\u00e8le MULTI - espci","isPartOf":{"@id":"https:\/\/sports-custom.com\/espci\/#website"},"primaryImageOfPage":{"@id":"https:\/\/sports-custom.com\/espci\/produit\/chaussettes-de-sport-modele-multi\/#primaryimage"},"image":{"@id":"https:\/\/sports-custom.com\/espci\/produit\/chaussettes-de-sport-modele-multi\/#primaryimage"},"thumbnailUrl":"https:\/\/sports-custom.com\/espci\/wp-content\/uploads\/sites\/47\/2020\/03\/Sans-titre-1.jpg","datePublished":"2020-03-18T09:04:20+00:00","dateModified":"2020-03-20T10:01:34+00:00","breadcrumb":{"@id":"https:\/\/sports-custom.com\/espci\/produit\/chaussettes-de-sport-modele-multi\/#breadcrumb"},"inLanguage":"fr-FR","potentialAction":[{"@type":"ReadAction","target":["https:\/\/sports-custom.com\/espci\/produit\/chaussettes-de-sport-modele-multi\/"]}]},{"@type":"ImageObject","inLanguage":"fr-FR","@id":"https:\/\/sports-custom.com\/espci\/produit\/chaussettes-de-sport-modele-multi\/#primaryimage","url":"https:\/\/sports-custom.com\/espci\/wp-content\/uploads\/sites\/47\/2020\/03\/Sans-titre-1.jpg","contentUrl":"https:\/\/sports-custom.com\/espci\/wp-content\/uploads\/sites\/47\/2020\/03\/Sans-titre-1.jpg","width":1500,"height":1402},{"@type":"BreadcrumbList","@id":"https:\/\/sports-custom.com\/espci\/produit\/chaussettes-de-sport-modele-multi\/#breadcrumb","itemListElement":[{"@type":"ListItem","position":1,"name":"Accueil","item":"https:\/\/sports-custom.com\/espci\/"},{"@type":"ListItem","position":2,"name":"Boutique","item":"https:\/\/sports-custom.com\/espci\/"},{"@type":"ListItem","position":3,"name":"Chaussettes de sport basses &#8211; mod\u00e8le MULTI"}]},{"@type":"WebSite","@id":"https:\/\/sports-custom.com\/espci\/#website","url":"https:\/\/sports-custom.com\/espci\/","name":"espci","description":"","publisher":{"@id":"https:\/\/sports-custom.com\/espci\/#organization"},"potentialAction":[{"@type":"SearchAction","target":{"@type":"EntryPoint","urlTemplate":"https:\/\/sports-custom.com\/espci\/?s={search_term_string}"},"query-input":{"@type":"PropertyValueSpecification","valueRequired":true,"valueName":"search_term_string"}}],"inLanguage":"fr-FR"},{"@type":"Organization","@id":"https:\/\/sports-custom.com\/espci\/#organization","name":"espci","url":"https:\/\/sports-custom.com\/espci\/","logo":{"@type":"ImageObject","inLanguage":"fr-FR","@id":"https:\/\/sports-custom.com\/espci\/#\/schema\/logo\/image\/","url":"https:\/\/sports-custom.com\/espci\/wp-content\/uploads\/sites\/47\/2020\/03\/cropped-logo_bds_monochrome.png","contentUrl":"https:\/\/sports-custom.com\/espci\/wp-content\/uploads\/sites\/47\/2020\/03\/cropped-logo_bds_monochrome.png","width":5101,"height":4500,"caption":"espci"},"image":{"@id":"https:\/\/sports-custom.com\/espci\/#\/schema\/logo\/image\/"}}]}},"_links":{"self":[{"href":"https:\/\/sports-custom.com\/espci\/wp-json\/wp\/v2\/product\/904","targetHints":{"allow":["GET"]}}],"collection":[{"href":"https:\/\/sports-custom.com\/espci\/wp-json\/wp\/v2\/product"}],"about":[{"href":"https:\/\/sports-custom.com\/espci\/wp-json\/wp\/v2\/types\/product"}],"wp:featuredmedia":[{"embeddable":true,"href":"https:\/\/sports-custom.com\/espci\/wp-json\/wp\/v2\/media\/905"}],"wp:attachment":[{"href":"https:\/\/sports-custom.com\/espci\/wp-json\/wp\/v2\/media?parent=904"}],"wp:term":[{"taxonomy":"product_brand","embeddable":true,"href":"https:\/\/sports-custom.com\/espci\/wp-json\/wp\/v2\/product_brand?post=904"},{"taxonomy":"product_cat","embeddable":true,"href":"https:\/\/sports-custom.com\/espci\/wp-json\/wp\/v2\/product_cat?post=904"},{"taxonomy":"product_tag","embeddable":true,"href":"https:\/\/sports-custom.com\/espci\/wp-json\/wp\/v2\/product_tag?post=904"}],"curies":[{"name":"wp","href":"https:\/\/api.w.org\/{rel}","templated":true}]}}