{"id":978,"date":"2020-03-18T13:52:39","date_gmt":"2020-03-18T12:52:39","guid":{"rendered":"https:\/\/sports-custom.com\/espci\/?post_type=product&#038;p=978"},"modified":"2020-03-18T13:52:39","modified_gmt":"2020-03-18T12:52:39","slug":"short-sublime-femme-made-in-france-modele-basketball","status":"publish","type":"product","link":"https:\/\/sports-custom.com\/espci\/produit\/short-sublime-femme-made-in-france-modele-basketball\/","title":{"rendered":"Short sublim\u00e9 femme Made In France \u2013 mod\u00e8le BASKETBALL"},"content":{"rendered":"","protected":false},"excerpt":{"rendered":"<p><em><strong>MADE IN FRANCE<\/strong><\/em><\/p>\n<ul>\n<li>cordon serrage ceinture<\/li>\n<li>coupe f\u00e9minine<\/li>\n<li>tissu lisse respirant<\/li>\n<li>100 % polyester 180gr<\/li>\n<li>coloris bleu marine<\/li>\n<li>bandes lat\u00e9rales grenat<\/li>\n<li>bas short bleu royal<\/li>\n<\/ul>\n<p><em><strong>&gt; PERSONNALISATION OFFERTE<\/strong><\/em><\/p>\n<p>Ajouter votre Num\u00e9ro dans la case \u201cNote de Commande \u201d<\/p>\n<p>\u00e0 l\u2019 \u00e9tape No 2 de la proc\u00e9dure de commande<\/p>\n","protected":false},"featured_media":977,"template":"","meta":[],"product_brand":[],"product_cat":[70],"product_tag":[],"class_list":{"0":"post-978","1":"product","2":"type-product","3":"status-publish","4":"has-post-thumbnail","6":"product_cat-femme","8":"first","9":"instock","10":"taxable","11":"shipping-taxable","12":"purchasable","13":"product-type-variable"},"yoast_head":"<!-- This site is optimized with the Yoast SEO plugin v26.9 - https:\/\/yoast.com\/product\/yoast-seo-wordpress\/ -->\n<title>Short sublim\u00e9 femme Made In France \u2013 mod\u00e8le BASKETBALL - espci<\/title>\n<meta name=\"robots\" content=\"noindex, follow, max-snippet:-1, max-image-preview:large, max-video-preview:-1\" \/>\n<meta property=\"og:locale\" content=\"fr_FR\" \/>\n<meta property=\"og:type\" content=\"article\" \/>\n<meta property=\"og:title\" content=\"Short sublim\u00e9 femme Made In France \u2013 mod\u00e8le BASKETBALL - espci\" \/>\n<meta property=\"og:description\" content=\"MADE IN FRANCE   cordon serrage ceinture  coupe f\u00e9minine  tissu lisse respirant  100 % polyester 180gr  coloris bleu marine  bandes lat\u00e9rales grenat  bas short bleu royal  &gt; PERSONNALISATION OFFERTE  Ajouter votre Num\u00e9ro dans la case \u201cNote de Commande \u201d  \u00e0 l\u2019 \u00e9tape No 2 de la proc\u00e9dure de commande\" \/>\n<meta property=\"og:url\" content=\"https:\/\/sports-custom.com\/espci\/produit\/short-sublime-femme-made-in-france-modele-basketball\/\" \/>\n<meta property=\"og:site_name\" content=\"espci\" \/>\n<meta property=\"og:image\" content=\"https:\/\/sports-custom.com\/espci\/wp-content\/uploads\/sites\/47\/2020\/03\/Sans-titre-6-2.jpg\" \/>\n\t<meta property=\"og:image:width\" content=\"1000\" \/>\n\t<meta property=\"og:image:height\" content=\"952\" \/>\n\t<meta property=\"og:image:type\" content=\"image\/jpeg\" \/>\n<meta name=\"twitter:card\" content=\"summary_large_image\" \/>\n<script type=\"application\/ld+json\" class=\"yoast-schema-graph\">{\"@context\":\"https:\/\/schema.org\",\"@graph\":[{\"@type\":\"WebPage\",\"@id\":\"https:\/\/sports-custom.com\/espci\/produit\/short-sublime-femme-made-in-france-modele-basketball\/\",\"url\":\"https:\/\/sports-custom.com\/espci\/produit\/short-sublime-femme-made-in-france-modele-basketball\/\",\"name\":\"Short sublim\u00e9 femme Made In France \u2013 mod\u00e8le BASKETBALL - espci\",\"isPartOf\":{\"@id\":\"https:\/\/sports-custom.com\/espci\/#website\"},\"primaryImageOfPage\":{\"@id\":\"https:\/\/sports-custom.com\/espci\/produit\/short-sublime-femme-made-in-france-modele-basketball\/#primaryimage\"},\"image\":{\"@id\":\"https:\/\/sports-custom.com\/espci\/produit\/short-sublime-femme-made-in-france-modele-basketball\/#primaryimage\"},\"thumbnailUrl\":\"https:\/\/sports-custom.com\/espci\/wp-content\/uploads\/sites\/47\/2020\/03\/Sans-titre-6-2.jpg\",\"datePublished\":\"2020-03-18T12:52:39+00:00\",\"breadcrumb\":{\"@id\":\"https:\/\/sports-custom.com\/espci\/produit\/short-sublime-femme-made-in-france-modele-basketball\/#breadcrumb\"},\"inLanguage\":\"fr-FR\",\"potentialAction\":[{\"@type\":\"ReadAction\",\"target\":[\"https:\/\/sports-custom.com\/espci\/produit\/short-sublime-femme-made-in-france-modele-basketball\/\"]}]},{\"@type\":\"ImageObject\",\"inLanguage\":\"fr-FR\",\"@id\":\"https:\/\/sports-custom.com\/espci\/produit\/short-sublime-femme-made-in-france-modele-basketball\/#primaryimage\",\"url\":\"https:\/\/sports-custom.com\/espci\/wp-content\/uploads\/sites\/47\/2020\/03\/Sans-titre-6-2.jpg\",\"contentUrl\":\"https:\/\/sports-custom.com\/espci\/wp-content\/uploads\/sites\/47\/2020\/03\/Sans-titre-6-2.jpg\",\"width\":1000,\"height\":952},{\"@type\":\"BreadcrumbList\",\"@id\":\"https:\/\/sports-custom.com\/espci\/produit\/short-sublime-femme-made-in-france-modele-basketball\/#breadcrumb\",\"itemListElement\":[{\"@type\":\"ListItem\",\"position\":1,\"name\":\"Accueil\",\"item\":\"https:\/\/sports-custom.com\/espci\/\"},{\"@type\":\"ListItem\",\"position\":2,\"name\":\"Boutique\",\"item\":\"https:\/\/sports-custom.com\/espci\/\"},{\"@type\":\"ListItem\",\"position\":3,\"name\":\"Short sublim\u00e9 femme Made In France \u2013 mod\u00e8le BASKETBALL\"}]},{\"@type\":\"WebSite\",\"@id\":\"https:\/\/sports-custom.com\/espci\/#website\",\"url\":\"https:\/\/sports-custom.com\/espci\/\",\"name\":\"espci\",\"description\":\"\",\"publisher\":{\"@id\":\"https:\/\/sports-custom.com\/espci\/#organization\"},\"potentialAction\":[{\"@type\":\"SearchAction\",\"target\":{\"@type\":\"EntryPoint\",\"urlTemplate\":\"https:\/\/sports-custom.com\/espci\/?s={search_term_string}\"},\"query-input\":{\"@type\":\"PropertyValueSpecification\",\"valueRequired\":true,\"valueName\":\"search_term_string\"}}],\"inLanguage\":\"fr-FR\"},{\"@type\":\"Organization\",\"@id\":\"https:\/\/sports-custom.com\/espci\/#organization\",\"name\":\"espci\",\"url\":\"https:\/\/sports-custom.com\/espci\/\",\"logo\":{\"@type\":\"ImageObject\",\"inLanguage\":\"fr-FR\",\"@id\":\"https:\/\/sports-custom.com\/espci\/#\/schema\/logo\/image\/\",\"url\":\"https:\/\/sports-custom.com\/espci\/wp-content\/uploads\/sites\/47\/2020\/03\/cropped-logo_bds_monochrome.png\",\"contentUrl\":\"https:\/\/sports-custom.com\/espci\/wp-content\/uploads\/sites\/47\/2020\/03\/cropped-logo_bds_monochrome.png\",\"width\":5101,\"height\":4500,\"caption\":\"espci\"},\"image\":{\"@id\":\"https:\/\/sports-custom.com\/espci\/#\/schema\/logo\/image\/\"}}]}<\/script>\n<!-- \/ Yoast SEO plugin. -->","yoast_head_json":{"title":"Short sublim\u00e9 femme Made In France \u2013 mod\u00e8le BASKETBALL - espci","robots":{"index":"noindex","follow":"follow","max-snippet":"max-snippet:-1","max-image-preview":"max-image-preview:large","max-video-preview":"max-video-preview:-1"},"og_locale":"fr_FR","og_type":"article","og_title":"Short sublim\u00e9 femme Made In France \u2013 mod\u00e8le BASKETBALL - espci","og_description":"MADE IN FRANCE   cordon serrage ceinture  coupe f\u00e9minine  tissu lisse respirant  100 % polyester 180gr  coloris bleu marine  bandes lat\u00e9rales grenat  bas short bleu royal  &gt; PERSONNALISATION OFFERTE  Ajouter votre Num\u00e9ro dans la case \u201cNote de Commande \u201d  \u00e0 l\u2019 \u00e9tape No 2 de la proc\u00e9dure de commande","og_url":"https:\/\/sports-custom.com\/espci\/produit\/short-sublime-femme-made-in-france-modele-basketball\/","og_site_name":"espci","og_image":[{"width":1000,"height":952,"url":"https:\/\/sports-custom.com\/espci\/wp-content\/uploads\/sites\/47\/2020\/03\/Sans-titre-6-2.jpg","type":"image\/jpeg"}],"twitter_card":"summary_large_image","schema":{"@context":"https:\/\/schema.org","@graph":[{"@type":"WebPage","@id":"https:\/\/sports-custom.com\/espci\/produit\/short-sublime-femme-made-in-france-modele-basketball\/","url":"https:\/\/sports-custom.com\/espci\/produit\/short-sublime-femme-made-in-france-modele-basketball\/","name":"Short sublim\u00e9 femme Made In France \u2013 mod\u00e8le BASKETBALL - espci","isPartOf":{"@id":"https:\/\/sports-custom.com\/espci\/#website"},"primaryImageOfPage":{"@id":"https:\/\/sports-custom.com\/espci\/produit\/short-sublime-femme-made-in-france-modele-basketball\/#primaryimage"},"image":{"@id":"https:\/\/sports-custom.com\/espci\/produit\/short-sublime-femme-made-in-france-modele-basketball\/#primaryimage"},"thumbnailUrl":"https:\/\/sports-custom.com\/espci\/wp-content\/uploads\/sites\/47\/2020\/03\/Sans-titre-6-2.jpg","datePublished":"2020-03-18T12:52:39+00:00","breadcrumb":{"@id":"https:\/\/sports-custom.com\/espci\/produit\/short-sublime-femme-made-in-france-modele-basketball\/#breadcrumb"},"inLanguage":"fr-FR","potentialAction":[{"@type":"ReadAction","target":["https:\/\/sports-custom.com\/espci\/produit\/short-sublime-femme-made-in-france-modele-basketball\/"]}]},{"@type":"ImageObject","inLanguage":"fr-FR","@id":"https:\/\/sports-custom.com\/espci\/produit\/short-sublime-femme-made-in-france-modele-basketball\/#primaryimage","url":"https:\/\/sports-custom.com\/espci\/wp-content\/uploads\/sites\/47\/2020\/03\/Sans-titre-6-2.jpg","contentUrl":"https:\/\/sports-custom.com\/espci\/wp-content\/uploads\/sites\/47\/2020\/03\/Sans-titre-6-2.jpg","width":1000,"height":952},{"@type":"BreadcrumbList","@id":"https:\/\/sports-custom.com\/espci\/produit\/short-sublime-femme-made-in-france-modele-basketball\/#breadcrumb","itemListElement":[{"@type":"ListItem","position":1,"name":"Accueil","item":"https:\/\/sports-custom.com\/espci\/"},{"@type":"ListItem","position":2,"name":"Boutique","item":"https:\/\/sports-custom.com\/espci\/"},{"@type":"ListItem","position":3,"name":"Short sublim\u00e9 femme Made In France \u2013 mod\u00e8le BASKETBALL"}]},{"@type":"WebSite","@id":"https:\/\/sports-custom.com\/espci\/#website","url":"https:\/\/sports-custom.com\/espci\/","name":"espci","description":"","publisher":{"@id":"https:\/\/sports-custom.com\/espci\/#organization"},"potentialAction":[{"@type":"SearchAction","target":{"@type":"EntryPoint","urlTemplate":"https:\/\/sports-custom.com\/espci\/?s={search_term_string}"},"query-input":{"@type":"PropertyValueSpecification","valueRequired":true,"valueName":"search_term_string"}}],"inLanguage":"fr-FR"},{"@type":"Organization","@id":"https:\/\/sports-custom.com\/espci\/#organization","name":"espci","url":"https:\/\/sports-custom.com\/espci\/","logo":{"@type":"ImageObject","inLanguage":"fr-FR","@id":"https:\/\/sports-custom.com\/espci\/#\/schema\/logo\/image\/","url":"https:\/\/sports-custom.com\/espci\/wp-content\/uploads\/sites\/47\/2020\/03\/cropped-logo_bds_monochrome.png","contentUrl":"https:\/\/sports-custom.com\/espci\/wp-content\/uploads\/sites\/47\/2020\/03\/cropped-logo_bds_monochrome.png","width":5101,"height":4500,"caption":"espci"},"image":{"@id":"https:\/\/sports-custom.com\/espci\/#\/schema\/logo\/image\/"}}]}},"_links":{"self":[{"href":"https:\/\/sports-custom.com\/espci\/wp-json\/wp\/v2\/product\/978","targetHints":{"allow":["GET"]}}],"collection":[{"href":"https:\/\/sports-custom.com\/espci\/wp-json\/wp\/v2\/product"}],"about":[{"href":"https:\/\/sports-custom.com\/espci\/wp-json\/wp\/v2\/types\/product"}],"wp:featuredmedia":[{"embeddable":true,"href":"https:\/\/sports-custom.com\/espci\/wp-json\/wp\/v2\/media\/977"}],"wp:attachment":[{"href":"https:\/\/sports-custom.com\/espci\/wp-json\/wp\/v2\/media?parent=978"}],"wp:term":[{"taxonomy":"product_brand","embeddable":true,"href":"https:\/\/sports-custom.com\/espci\/wp-json\/wp\/v2\/product_brand?post=978"},{"taxonomy":"product_cat","embeddable":true,"href":"https:\/\/sports-custom.com\/espci\/wp-json\/wp\/v2\/product_cat?post=978"},{"taxonomy":"product_tag","embeddable":true,"href":"https:\/\/sports-custom.com\/espci\/wp-json\/wp\/v2\/product_tag?post=978"}],"curies":[{"name":"wp","href":"https:\/\/api.w.org\/{rel}","templated":true}]}}