{"id":135,"date":"2019-03-06T17:54:55","date_gmt":"2019-03-06T16:54:55","guid":{"rendered":"http:\/\/sports-custom.com\/base\/?page_id=135"},"modified":"2025-09-16T16:53:31","modified_gmt":"2025-09-16T14:53:31","slug":"charte-misterugby","status":"publish","type":"page","link":"https:\/\/sports-custom.com\/fffa-sublimation\/charte-misterugby\/","title":{"rendered":"Charte Sports Custom"},"content":{"rendered":"<p>&nbsp;<\/p>\n<h2 style=\"text-align: center;\">Pourquoi nous faire confiance ?<\/h2>\n<blockquote>\n<ul>\n<li>Vos achats en ligne sont 100 % s\u00e9curis\u00e9s<\/li>\n<li>Vos donn\u00e9es resteront totalement confidentielles<\/li>\n<li>Professionnels de la vente au d\u00e9tail depuis 2006<\/li>\n<li>Equipementier de plus de 600 clubs, f\u00e9d\u00e9rations et soci\u00e9t\u00e9s de sport \u00e0 travers le Monde<\/li>\n<li>Un stock en temps r\u00e9el permettant la disponibilit\u00e9 r\u00e9elle des produits<\/li>\n<li>Satisfaction client garantie et service apr\u00e8s vente de qualit\u00e9<\/li>\n<li>D\u00e9lais de livraison sous 15 jours ouvr\u00e9s<\/li>\n<\/ul>\n<p>&nbsp;<\/p><\/blockquote>\n<p>&nbsp;<\/p>\n","protected":false},"excerpt":{"rendered":"<p>&nbsp; Pourquoi nous faire confiance ? Vos achats en ligne sont 100 % s\u00e9curis\u00e9s Vos donn\u00e9es resteront totalement confidentielles Professionnels de la vente au d\u00e9tail depuis 2006 Equipementier de plus de 600 clubs, f\u00e9d\u00e9rations et soci\u00e9t\u00e9s de sport \u00e0 travers le Monde Un stock en temps r\u00e9el permettant la disponibilit\u00e9 r\u00e9elle des produits Satisfaction client [&hellip;]<\/p>\n","protected":false},"author":1,"featured_media":0,"parent":0,"menu_order":0,"comment_status":"closed","ping_status":"closed","template":"template-fullwidth.php","meta":{"footnotes":""},"class_list":["post-135","page","type-page","status-publish","hentry"],"_links":{"self":[{"href":"https:\/\/sports-custom.com\/fffa-sublimation\/wp-json\/wp\/v2\/pages\/135","targetHints":{"allow":["GET"]}}],"collection":[{"href":"https:\/\/sports-custom.com\/fffa-sublimation\/wp-json\/wp\/v2\/pages"}],"about":[{"href":"https:\/\/sports-custom.com\/fffa-sublimation\/wp-json\/wp\/v2\/types\/page"}],"author":[{"embeddable":true,"href":"https:\/\/sports-custom.com\/fffa-sublimation\/wp-json\/wp\/v2\/users\/1"}],"replies":[{"embeddable":true,"href":"https:\/\/sports-custom.com\/fffa-sublimation\/wp-json\/wp\/v2\/comments?post=135"}],"version-history":[{"count":3,"href":"https:\/\/sports-custom.com\/fffa-sublimation\/wp-json\/wp\/v2\/pages\/135\/revisions"}],"predecessor-version":[{"id":942,"href":"https:\/\/sports-custom.com\/fffa-sublimation\/wp-json\/wp\/v2\/pages\/135\/revisions\/942"}],"wp:attachment":[{"href":"https:\/\/sports-custom.com\/fffa-sublimation\/wp-json\/wp\/v2\/media?parent=135"}],"curies":[{"name":"wp","href":"https:\/\/api.w.org\/{rel}","templated":true}]}}