{"id":140,"date":"2019-03-06T17:55:52","date_gmt":"2019-03-06T16:55:52","guid":{"rendered":"http:\/\/sports-custom.com\/base\/?page_id=140"},"modified":"2025-09-16T16:55:46","modified_gmt":"2025-09-16T14:55:46","slug":"paiement","status":"publish","type":"page","link":"https:\/\/sports-custom.com\/fffa-sublimation\/paiement\/","title":{"rendered":"Paiement"},"content":{"rendered":"<p>&nbsp;<\/p>\n<h2 style=\"text-align: center;\">Nos solutions de paiement sont toutes s\u00e9curis\u00e9es \u00e0 100 %<\/h2>\n<hr \/>\n<h2 style=\"text-align: center;\"><\/h2>\n<p><img loading=\"lazy\" decoding=\"async\" class=\"aligncenter wp-image-218\" src=\"http:\/\/sports-custom.com\/base\/wp-content\/uploads\/sites\/2\/2019\/03\/Sans-titre-3-2.jpg\" alt=\"\" width=\"229\" height=\"100\" \/><\/p>\n<h3 style=\"text-align: center;\">Paiement s\u00e9curis\u00e9 par Carte Bancaire<\/h3>\n<p style=\"text-align: center;\">Apr\u00e8s avoir valid\u00e9 votre commande, vous basculez automatiquement sur les serveurs s\u00e9curis\u00e9s de notre partenaire bancaire Stripe.<\/p>\n<p style=\"text-align: center;\">Toutes les informations \u00e9chang\u00e9es pour traiter le paiement sont crypt\u00e9es gr\u00e2ce au protocole SSL. Ces donn\u00e9es ne peuvent \u00eatre ni d\u00e9tect\u00e9es, ni intercept\u00e9es, ni utilis\u00e9es par des tiers.<\/p>\n<p style=\"text-align: center;\">Elles ne sont pas non plus conserv\u00e9es sur nos syst\u00e8mes informatiques. Nous n\u2019 y avons donc jamais acc\u00e8s.<\/p>\n<p>&nbsp;<\/p>\n","protected":false},"excerpt":{"rendered":"<p>&nbsp; Nos solutions de paiement sont toutes s\u00e9curis\u00e9es \u00e0 100 % Paiement s\u00e9curis\u00e9 par Carte Bancaire Apr\u00e8s avoir valid\u00e9 votre commande, vous basculez automatiquement sur les serveurs s\u00e9curis\u00e9s de notre partenaire bancaire Stripe. Toutes les informations \u00e9chang\u00e9es pour traiter le paiement sont crypt\u00e9es gr\u00e2ce au protocole SSL. Ces donn\u00e9es ne peuvent \u00eatre ni d\u00e9tect\u00e9es, ni [&hellip;]<\/p>\n","protected":false},"author":1,"featured_media":0,"parent":0,"menu_order":0,"comment_status":"closed","ping_status":"closed","template":"template-fullwidth.php","meta":{"footnotes":""},"class_list":["post-140","page","type-page","status-publish","hentry"],"_links":{"self":[{"href":"https:\/\/sports-custom.com\/fffa-sublimation\/wp-json\/wp\/v2\/pages\/140","targetHints":{"allow":["GET"]}}],"collection":[{"href":"https:\/\/sports-custom.com\/fffa-sublimation\/wp-json\/wp\/v2\/pages"}],"about":[{"href":"https:\/\/sports-custom.com\/fffa-sublimation\/wp-json\/wp\/v2\/types\/page"}],"author":[{"embeddable":true,"href":"https:\/\/sports-custom.com\/fffa-sublimation\/wp-json\/wp\/v2\/users\/1"}],"replies":[{"embeddable":true,"href":"https:\/\/sports-custom.com\/fffa-sublimation\/wp-json\/wp\/v2\/comments?post=140"}],"version-history":[{"count":2,"href":"https:\/\/sports-custom.com\/fffa-sublimation\/wp-json\/wp\/v2\/pages\/140\/revisions"}],"predecessor-version":[{"id":947,"href":"https:\/\/sports-custom.com\/fffa-sublimation\/wp-json\/wp\/v2\/pages\/140\/revisions\/947"}],"wp:attachment":[{"href":"https:\/\/sports-custom.com\/fffa-sublimation\/wp-json\/wp\/v2\/media?parent=140"}],"curies":[{"name":"wp","href":"https:\/\/api.w.org\/{rel}","templated":true}]}}