{"id":142,"date":"2019-03-06T17:56:12","date_gmt":"2019-03-06T16:56:12","guid":{"rendered":"http:\/\/sports-custom.com\/base\/?page_id=142"},"modified":"2025-10-03T07:21:30","modified_gmt":"2025-10-03T05:21:30","slug":"livraison","status":"publish","type":"page","link":"https:\/\/sports-custom.com\/fffa-sublimation\/livraison\/","title":{"rendered":"Livraison"},"content":{"rendered":"<p>&nbsp;<\/p>\n<p style=\"text-align: center;\"><b>Votre boutique est ouverte du mercredi 24 Septembre au jeudi 2 Octobre 2025.<\/b><\/p>\n<p style=\"text-align: center;\"><b> Le d\u00e9lai de livraison est de 4 semaines \u00e0 compter du 3 Octobre 2025.<\/b><\/p>\n<p style=\"text-align: center;\">Vous serez pr\u00e9venu par email de l\u2019 envoi de votre commande via un num\u00e9ro de suivi<\/p>\n<hr \/>\n<p><img loading=\"lazy\" decoding=\"async\" class=\"aligncenter wp-image-190\" src=\"http:\/\/sports-custom.com\/base\/wp-content\/uploads\/sites\/2\/2019\/03\/Sans-titre-2-3.jpg\" alt=\"\" width=\"206\" height=\"170\" \/><\/p>\n<p style=\"text-align: center;\"><em><strong>FRANCE\u00a0<\/strong><\/em><b><i>M\u00c9TROPOLITAINE<\/i><\/b><\/p>\n<p style=\"text-align: center;\">Livraison \u00e0 domicile en Colissimo suivi =\u00a0<em><strong>6 euros<\/strong><\/em><\/p>\n<p style=\"text-align: center;\"><em><strong>Livraison OFFERTE \u00e0 partir de 150 \u20ac d&rsquo; achat<\/strong><\/em><\/p>\n<p style=\"text-align: center;\">( 48 h de d\u00e9lais au d\u00e9part de nos locaux )<\/p>\n<p><img loading=\"lazy\" decoding=\"async\" class=\"aligncenter wp-image-191\" src=\"http:\/\/sports-custom.com\/base\/wp-content\/uploads\/sites\/2\/2019\/03\/Sans-titre-4.jpg\" alt=\"\" width=\"214\" height=\"170\" \/><\/p>\n<p style=\"text-align: center;\"><em><strong>DOM TOM ET HORS UNION EUROPEENNE<\/strong><\/em><\/p>\n<p style=\"text-align: center;\">Livraison \u00e0 domicile en Colissimo Expert international =\u00a0<em><strong>30 euros<\/strong><\/em><\/p>\n<p style=\"text-align: center;\">( d\u00e9lais de 5 \u00e0 8 jours ouvr\u00e9s au d\u00e9part de nos locaux )<\/p>\n<p><img loading=\"lazy\" decoding=\"async\" class=\"aligncenter wp-image-212\" src=\"http:\/\/sports-custom.com\/base\/wp-content\/uploads\/sites\/2\/2019\/03\/colissimo-europe.jpg\" alt=\"\" width=\"206\" height=\"170\" \/><\/p>\n<p style=\"text-align: center;\"><em><strong>EUROPE<\/strong><\/em><\/p>\n<p style=\"text-align: center;\">Livraison \u00e0 domicile en Colissimo suivi Expert =\u00a0<em><strong>15 euros<\/strong><\/em><\/p>\n<p style=\"text-align: center;\">( d\u00e9lais de 3 \u00e0 5 jours ouvr\u00e9s au d\u00e9part de nos locaux )<\/p>\n<p>&nbsp;<\/p>\n","protected":false},"excerpt":{"rendered":"<p>&nbsp; Votre boutique est ouverte du mercredi 24 Septembre au jeudi 2 Octobre 2025. Le d\u00e9lai de livraison est de 4 semaines \u00e0 compter du 3 Octobre 2025. Vous serez pr\u00e9venu par email de l\u2019 envoi de votre commande via un num\u00e9ro de suivi FRANCE\u00a0M\u00c9TROPOLITAINE Livraison \u00e0 domicile en Colissimo suivi =\u00a06 euros Livraison OFFERTE [&hellip;]<\/p>\n","protected":false},"author":1,"featured_media":0,"parent":0,"menu_order":0,"comment_status":"closed","ping_status":"closed","template":"template-fullwidth.php","meta":{"footnotes":""},"class_list":["post-142","page","type-page","status-publish","hentry"],"_links":{"self":[{"href":"https:\/\/sports-custom.com\/fffa-sublimation\/wp-json\/wp\/v2\/pages\/142","targetHints":{"allow":["GET"]}}],"collection":[{"href":"https:\/\/sports-custom.com\/fffa-sublimation\/wp-json\/wp\/v2\/pages"}],"about":[{"href":"https:\/\/sports-custom.com\/fffa-sublimation\/wp-json\/wp\/v2\/types\/page"}],"author":[{"embeddable":true,"href":"https:\/\/sports-custom.com\/fffa-sublimation\/wp-json\/wp\/v2\/users\/1"}],"replies":[{"embeddable":true,"href":"https:\/\/sports-custom.com\/fffa-sublimation\/wp-json\/wp\/v2\/comments?post=142"}],"version-history":[{"count":9,"href":"https:\/\/sports-custom.com\/fffa-sublimation\/wp-json\/wp\/v2\/pages\/142\/revisions"}],"predecessor-version":[{"id":1143,"href":"https:\/\/sports-custom.com\/fffa-sublimation\/wp-json\/wp\/v2\/pages\/142\/revisions\/1143"}],"wp:attachment":[{"href":"https:\/\/sports-custom.com\/fffa-sublimation\/wp-json\/wp\/v2\/media?parent=142"}],"curies":[{"name":"wp","href":"https:\/\/api.w.org\/{rel}","templated":true}]}}