{"id":135,"date":"2019-03-06T17:54:55","date_gmt":"2019-03-06T16:54:55","guid":{"rendered":"http:\/\/sports-custom.com\/base\/?page_id=135"},"modified":"2022-08-02T15:15:11","modified_gmt":"2022-08-02T13:15:11","slug":"charte-misterugby","status":"publish","type":"page","link":"https:\/\/sports-custom.com\/fftir\/charte-misterugby\/","title":{"rendered":"Charte Sports Custom"},"content":{"rendered":"<div class=\"wpb-content-wrapper\"><p>[vc_row css=\u00a0\u00bb.vc_custom_1554062264583{padding-top: 25px !important;}\u00a0\u00bb][vc_column][vc_column_text]<\/p>\n<h2 style=\"text-align: center;\">Pourquoi nous faire confiance ?<\/h2>\n<blockquote>\n<ul>\n<li>Vos achats en ligne sont 100 % s\u00e9curis\u00e9s<\/li>\n<li>Vos donn\u00e9es resteront totalement confidentielles<\/li>\n<li>Professionnels de la vente au d\u00e9tail depuis 2006<\/li>\n<li>Equipementier de plus de 600 clubs de sport \u00e0 travers le Monde<\/li>\n<li>Un stock en temps r\u00e9el permettant la disponibilit\u00e9 r\u00e9elle des produits<\/li>\n<li>Satisfaction client garantie et service apr\u00e8s vente de qualit\u00e9<\/li>\n<li>D\u00e9lais de livraison sous 15 jours ouvr\u00e9s<\/li>\n<\/ul>\n<p>&nbsp;<\/p><\/blockquote>\n<p>[\/vc_column_text][\/vc_column][\/vc_row]<\/p>\n<\/div>","protected":false},"excerpt":{"rendered":"<p>[vc_row css=\u00a0\u00bb.vc_custom_1554062264583{padding-top: 25px !important;}\u00a0\u00bb][vc_column][vc_column_text] Pourquoi nous faire confiance ? Vos achats en ligne sont 100 % s\u00e9curis\u00e9s Vos donn\u00e9es resteront totalement confidentielles Professionnels de la vente au d\u00e9tail depuis 2006 Equipementier de plus de 600 clubs de sport \u00e0 travers le Monde Un stock en temps r\u00e9el permettant la disponibilit\u00e9 r\u00e9elle des produits Satisfaction client [&hellip;]<\/p>\n","protected":false},"author":1,"featured_media":0,"parent":0,"menu_order":0,"comment_status":"closed","ping_status":"closed","template":"template-fullwidth.php","meta":{"footnotes":""},"class_list":["post-135","page","type-page","status-publish","hentry"],"yoast_head":"<!-- This site is optimized with the Yoast SEO plugin v26.9 - https:\/\/yoast.com\/product\/yoast-seo-wordpress\/ -->\n<title>Charte Sports Custom - FFTIR<\/title>\n<meta name=\"robots\" content=\"noindex, follow, max-snippet:-1, max-image-preview:large, max-video-preview:-1\" \/>\n<meta property=\"og:locale\" content=\"fr_FR\" \/>\n<meta property=\"og:type\" content=\"article\" \/>\n<meta property=\"og:title\" content=\"Charte Sports Custom - FFTIR\" \/>\n<meta property=\"og:description\" content=\"[vc_row css=\u00a0\u00bb.vc_custom_1554062264583{padding-top: 25px !important;}\u00a0\u00bb][vc_column][vc_column_text] Pourquoi nous faire confiance ? Vos achats en ligne sont 100 % s\u00e9curis\u00e9s Vos donn\u00e9es resteront totalement confidentielles Professionnels de la vente au d\u00e9tail depuis 2006 Equipementier de plus de 600 clubs de sport \u00e0 travers le Monde Un stock en temps r\u00e9el permettant la disponibilit\u00e9 r\u00e9elle des produits Satisfaction client [&hellip;]\" \/>\n<meta property=\"og:url\" content=\"https:\/\/sports-custom.com\/fftir\/charte-misterugby\/\" \/>\n<meta property=\"og:site_name\" content=\"FFTIR\" \/>\n<meta property=\"article:modified_time\" content=\"2022-08-02T13:15:11+00:00\" \/>\n<meta name=\"twitter:card\" content=\"summary_large_image\" \/>\n<script type=\"application\/ld+json\" class=\"yoast-schema-graph\">{\"@context\":\"https:\/\/schema.org\",\"@graph\":[{\"@type\":\"WebPage\",\"@id\":\"https:\/\/sports-custom.com\/fftir\/charte-misterugby\/\",\"url\":\"https:\/\/sports-custom.com\/fftir\/charte-misterugby\/\",\"name\":\"Charte Sports Custom - FFTIR\",\"isPartOf\":{\"@id\":\"https:\/\/sports-custom.com\/fftir\/#website\"},\"datePublished\":\"2019-03-06T16:54:55+00:00\",\"dateModified\":\"2022-08-02T13:15:11+00:00\",\"breadcrumb\":{\"@id\":\"https:\/\/sports-custom.com\/fftir\/charte-misterugby\/#breadcrumb\"},\"inLanguage\":\"fr-FR\",\"potentialAction\":[{\"@type\":\"ReadAction\",\"target\":[\"https:\/\/sports-custom.com\/fftir\/charte-misterugby\/\"]}]},{\"@type\":\"BreadcrumbList\",\"@id\":\"https:\/\/sports-custom.com\/fftir\/charte-misterugby\/#breadcrumb\",\"itemListElement\":[{\"@type\":\"ListItem\",\"position\":1,\"name\":\"Accueil\",\"item\":\"https:\/\/sports-custom.com\/fftir\/\"},{\"@type\":\"ListItem\",\"position\":2,\"name\":\"Charte Sports Custom\"}]},{\"@type\":\"WebSite\",\"@id\":\"https:\/\/sports-custom.com\/fftir\/#website\",\"url\":\"https:\/\/sports-custom.com\/fftir\/\",\"name\":\"FFTIR\",\"description\":\"\",\"publisher\":{\"@id\":\"https:\/\/sports-custom.com\/fftir\/#organization\"},\"potentialAction\":[{\"@type\":\"SearchAction\",\"target\":{\"@type\":\"EntryPoint\",\"urlTemplate\":\"https:\/\/sports-custom.com\/fftir\/?s={search_term_string}\"},\"query-input\":{\"@type\":\"PropertyValueSpecification\",\"valueRequired\":true,\"valueName\":\"search_term_string\"}}],\"inLanguage\":\"fr-FR\"},{\"@type\":\"Organization\",\"@id\":\"https:\/\/sports-custom.com\/fftir\/#organization\",\"name\":\"FFTIR\",\"url\":\"https:\/\/sports-custom.com\/fftir\/\",\"logo\":{\"@type\":\"ImageObject\",\"inLanguage\":\"fr-FR\",\"@id\":\"https:\/\/sports-custom.com\/fftir\/#\/schema\/logo\/image\/\",\"url\":\"https:\/\/sports-custom.com\/fftir\/wp-content\/uploads\/sites\/59\/2022\/09\/fft-1.png\",\"contentUrl\":\"https:\/\/sports-custom.com\/fftir\/wp-content\/uploads\/sites\/59\/2022\/09\/fft-1.png\",\"width\":1772,\"height\":827,\"caption\":\"FFTIR\"},\"image\":{\"@id\":\"https:\/\/sports-custom.com\/fftir\/#\/schema\/logo\/image\/\"}}]}<\/script>\n<!-- \/ Yoast SEO plugin. -->","yoast_head_json":{"title":"Charte Sports Custom - FFTIR","robots":{"index":"noindex","follow":"follow","max-snippet":"max-snippet:-1","max-image-preview":"max-image-preview:large","max-video-preview":"max-video-preview:-1"},"og_locale":"fr_FR","og_type":"article","og_title":"Charte Sports Custom - FFTIR","og_description":"[vc_row css=\u00a0\u00bb.vc_custom_1554062264583{padding-top: 25px !important;}\u00a0\u00bb][vc_column][vc_column_text] Pourquoi nous faire confiance ? Vos achats en ligne sont 100 % s\u00e9curis\u00e9s Vos donn\u00e9es resteront totalement confidentielles Professionnels de la vente au d\u00e9tail depuis 2006 Equipementier de plus de 600 clubs de sport \u00e0 travers le Monde Un stock en temps r\u00e9el permettant la disponibilit\u00e9 r\u00e9elle des produits Satisfaction client [&hellip;]","og_url":"https:\/\/sports-custom.com\/fftir\/charte-misterugby\/","og_site_name":"FFTIR","article_modified_time":"2022-08-02T13:15:11+00:00","twitter_card":"summary_large_image","schema":{"@context":"https:\/\/schema.org","@graph":[{"@type":"WebPage","@id":"https:\/\/sports-custom.com\/fftir\/charte-misterugby\/","url":"https:\/\/sports-custom.com\/fftir\/charte-misterugby\/","name":"Charte Sports Custom - FFTIR","isPartOf":{"@id":"https:\/\/sports-custom.com\/fftir\/#website"},"datePublished":"2019-03-06T16:54:55+00:00","dateModified":"2022-08-02T13:15:11+00:00","breadcrumb":{"@id":"https:\/\/sports-custom.com\/fftir\/charte-misterugby\/#breadcrumb"},"inLanguage":"fr-FR","potentialAction":[{"@type":"ReadAction","target":["https:\/\/sports-custom.com\/fftir\/charte-misterugby\/"]}]},{"@type":"BreadcrumbList","@id":"https:\/\/sports-custom.com\/fftir\/charte-misterugby\/#breadcrumb","itemListElement":[{"@type":"ListItem","position":1,"name":"Accueil","item":"https:\/\/sports-custom.com\/fftir\/"},{"@type":"ListItem","position":2,"name":"Charte Sports Custom"}]},{"@type":"WebSite","@id":"https:\/\/sports-custom.com\/fftir\/#website","url":"https:\/\/sports-custom.com\/fftir\/","name":"FFTIR","description":"","publisher":{"@id":"https:\/\/sports-custom.com\/fftir\/#organization"},"potentialAction":[{"@type":"SearchAction","target":{"@type":"EntryPoint","urlTemplate":"https:\/\/sports-custom.com\/fftir\/?s={search_term_string}"},"query-input":{"@type":"PropertyValueSpecification","valueRequired":true,"valueName":"search_term_string"}}],"inLanguage":"fr-FR"},{"@type":"Organization","@id":"https:\/\/sports-custom.com\/fftir\/#organization","name":"FFTIR","url":"https:\/\/sports-custom.com\/fftir\/","logo":{"@type":"ImageObject","inLanguage":"fr-FR","@id":"https:\/\/sports-custom.com\/fftir\/#\/schema\/logo\/image\/","url":"https:\/\/sports-custom.com\/fftir\/wp-content\/uploads\/sites\/59\/2022\/09\/fft-1.png","contentUrl":"https:\/\/sports-custom.com\/fftir\/wp-content\/uploads\/sites\/59\/2022\/09\/fft-1.png","width":1772,"height":827,"caption":"FFTIR"},"image":{"@id":"https:\/\/sports-custom.com\/fftir\/#\/schema\/logo\/image\/"}}]}},"_links":{"self":[{"href":"https:\/\/sports-custom.com\/fftir\/wp-json\/wp\/v2\/pages\/135","targetHints":{"allow":["GET"]}}],"collection":[{"href":"https:\/\/sports-custom.com\/fftir\/wp-json\/wp\/v2\/pages"}],"about":[{"href":"https:\/\/sports-custom.com\/fftir\/wp-json\/wp\/v2\/types\/page"}],"author":[{"embeddable":true,"href":"https:\/\/sports-custom.com\/fftir\/wp-json\/wp\/v2\/users\/1"}],"replies":[{"embeddable":true,"href":"https:\/\/sports-custom.com\/fftir\/wp-json\/wp\/v2\/comments?post=135"}],"version-history":[{"count":3,"href":"https:\/\/sports-custom.com\/fftir\/wp-json\/wp\/v2\/pages\/135\/revisions"}],"predecessor-version":[{"id":1385,"href":"https:\/\/sports-custom.com\/fftir\/wp-json\/wp\/v2\/pages\/135\/revisions\/1385"}],"wp:attachment":[{"href":"https:\/\/sports-custom.com\/fftir\/wp-json\/wp\/v2\/media?parent=135"}],"curies":[{"name":"wp","href":"https:\/\/api.w.org\/{rel}","templated":true}]}}