{"id":1138,"date":"2022-07-11T18:14:05","date_gmt":"2022-07-11T16:14:05","guid":{"rendered":"https:\/\/sports-custom.com\/fftir\/?post_type=product&#038;p=1138"},"modified":"2026-03-19T11:35:38","modified_gmt":"2026-03-19T10:35:38","slug":"bermuda-polyester-mizuno-homme-marine-modele-nara","status":"publish","type":"product","link":"https:\/\/sports-custom.com\/fftir\/produit\/bermuda-polyester-mizuno-homme-marine-modele-nara\/","title":{"rendered":"Bermuda polyester Mizuno Homme Marine &#8211; mod\u00e8le CHIBA MICRO"},"content":{"rendered":"","protected":false},"excerpt":{"rendered":"<ul>\n<li>100% polyester l\u00e9ger microfibre 100 gr<\/li>\n<li>2 poches lat\u00e9rales zipp\u00e9es<\/li>\n<li>logo FFTIR en silicone 3D<\/li>\n<\/ul>\n","protected":false},"featured_media":3449,"template":"","meta":[],"product_brand":[],"product_cat":[98,91],"product_tag":[],"class_list":{"0":"post-1138","1":"product","2":"type-product","3":"status-publish","4":"has-post-thumbnail","6":"product_cat-homme-tireur","7":"product_cat-tireur","9":"first","10":"instock","11":"taxable","12":"shipping-taxable","13":"purchasable","14":"product-type-variable"},"yoast_head":"<!-- This site is optimized with the Yoast SEO plugin v26.9 - https:\/\/yoast.com\/product\/yoast-seo-wordpress\/ -->\n<title>Bermuda polyester Mizuno Homme Marine - mod\u00e8le CHIBA MICRO - FFTIR<\/title>\n<meta name=\"robots\" content=\"noindex, follow, max-snippet:-1, max-image-preview:large, max-video-preview:-1\" \/>\n<meta property=\"og:locale\" content=\"fr_FR\" \/>\n<meta property=\"og:type\" content=\"article\" \/>\n<meta property=\"og:title\" content=\"Bermuda polyester Mizuno Homme Marine - mod\u00e8le CHIBA MICRO - FFTIR\" \/>\n<meta property=\"og:description\" content=\"100% polyester l\u00e9ger microfibre 100 gr  2 poches lat\u00e9rales zipp\u00e9es  logo FFTIR en silicone 3D\" \/>\n<meta property=\"og:url\" content=\"https:\/\/sports-custom.com\/fftir\/produit\/bermuda-polyester-mizuno-homme-marine-modele-nara\/\" \/>\n<meta property=\"og:site_name\" content=\"FFTIR\" \/>\n<meta property=\"article:modified_time\" content=\"2026-03-19T10:35:38+00:00\" \/>\n<meta property=\"og:image\" content=\"http:\/\/sports-custom.com\/fftir\/wp-content\/uploads\/sites\/59\/2022\/07\/chiba.jpg\" \/>\n\t<meta property=\"og:image:width\" content=\"1000\" \/>\n\t<meta property=\"og:image:height\" content=\"1000\" \/>\n\t<meta property=\"og:image:type\" content=\"image\/jpeg\" \/>\n<meta name=\"twitter:card\" content=\"summary_large_image\" \/>\n<meta name=\"twitter:label1\" content=\"Dur\u00e9e de lecture estim\u00e9e\" \/>\n\t<meta name=\"twitter:data1\" content=\"1 minute\" \/>\n<script type=\"application\/ld+json\" class=\"yoast-schema-graph\">{\"@context\":\"https:\/\/schema.org\",\"@graph\":[{\"@type\":\"WebPage\",\"@id\":\"https:\/\/sports-custom.com\/fftir\/produit\/bermuda-polyester-mizuno-homme-marine-modele-nara\/\",\"url\":\"https:\/\/sports-custom.com\/fftir\/produit\/bermuda-polyester-mizuno-homme-marine-modele-nara\/\",\"name\":\"Bermuda polyester Mizuno Homme Marine - mod\u00e8le CHIBA MICRO - FFTIR\",\"isPartOf\":{\"@id\":\"https:\/\/sports-custom.com\/fftir\/#website\"},\"primaryImageOfPage\":{\"@id\":\"https:\/\/sports-custom.com\/fftir\/produit\/bermuda-polyester-mizuno-homme-marine-modele-nara\/#primaryimage\"},\"image\":{\"@id\":\"https:\/\/sports-custom.com\/fftir\/produit\/bermuda-polyester-mizuno-homme-marine-modele-nara\/#primaryimage\"},\"thumbnailUrl\":\"https:\/\/sports-custom.com\/fftir\/wp-content\/uploads\/sites\/59\/2022\/07\/chiba.jpg\",\"datePublished\":\"2022-07-11T16:14:05+00:00\",\"dateModified\":\"2026-03-19T10:35:38+00:00\",\"breadcrumb\":{\"@id\":\"https:\/\/sports-custom.com\/fftir\/produit\/bermuda-polyester-mizuno-homme-marine-modele-nara\/#breadcrumb\"},\"inLanguage\":\"fr-FR\",\"potentialAction\":[{\"@type\":\"ReadAction\",\"target\":[\"https:\/\/sports-custom.com\/fftir\/produit\/bermuda-polyester-mizuno-homme-marine-modele-nara\/\"]}]},{\"@type\":\"ImageObject\",\"inLanguage\":\"fr-FR\",\"@id\":\"https:\/\/sports-custom.com\/fftir\/produit\/bermuda-polyester-mizuno-homme-marine-modele-nara\/#primaryimage\",\"url\":\"https:\/\/sports-custom.com\/fftir\/wp-content\/uploads\/sites\/59\/2022\/07\/chiba.jpg\",\"contentUrl\":\"https:\/\/sports-custom.com\/fftir\/wp-content\/uploads\/sites\/59\/2022\/07\/chiba.jpg\",\"width\":1000,\"height\":1000},{\"@type\":\"BreadcrumbList\",\"@id\":\"https:\/\/sports-custom.com\/fftir\/produit\/bermuda-polyester-mizuno-homme-marine-modele-nara\/#breadcrumb\",\"itemListElement\":[{\"@type\":\"ListItem\",\"position\":1,\"name\":\"Accueil\",\"item\":\"https:\/\/sports-custom.com\/fftir\/\"},{\"@type\":\"ListItem\",\"position\":2,\"name\":\"Boutique\",\"item\":\"https:\/\/sports-custom.com\/fftir\/\"},{\"@type\":\"ListItem\",\"position\":3,\"name\":\"Bermuda polyester Mizuno Homme Marine &#8211; mod\u00e8le CHIBA MICRO\"}]},{\"@type\":\"WebSite\",\"@id\":\"https:\/\/sports-custom.com\/fftir\/#website\",\"url\":\"https:\/\/sports-custom.com\/fftir\/\",\"name\":\"FFTIR\",\"description\":\"\",\"publisher\":{\"@id\":\"https:\/\/sports-custom.com\/fftir\/#organization\"},\"potentialAction\":[{\"@type\":\"SearchAction\",\"target\":{\"@type\":\"EntryPoint\",\"urlTemplate\":\"https:\/\/sports-custom.com\/fftir\/?s={search_term_string}\"},\"query-input\":{\"@type\":\"PropertyValueSpecification\",\"valueRequired\":true,\"valueName\":\"search_term_string\"}}],\"inLanguage\":\"fr-FR\"},{\"@type\":\"Organization\",\"@id\":\"https:\/\/sports-custom.com\/fftir\/#organization\",\"name\":\"FFTIR\",\"url\":\"https:\/\/sports-custom.com\/fftir\/\",\"logo\":{\"@type\":\"ImageObject\",\"inLanguage\":\"fr-FR\",\"@id\":\"https:\/\/sports-custom.com\/fftir\/#\/schema\/logo\/image\/\",\"url\":\"https:\/\/sports-custom.com\/fftir\/wp-content\/uploads\/sites\/59\/2022\/09\/fft-1.png\",\"contentUrl\":\"https:\/\/sports-custom.com\/fftir\/wp-content\/uploads\/sites\/59\/2022\/09\/fft-1.png\",\"width\":1772,\"height\":827,\"caption\":\"FFTIR\"},\"image\":{\"@id\":\"https:\/\/sports-custom.com\/fftir\/#\/schema\/logo\/image\/\"}}]}<\/script>\n<!-- \/ Yoast SEO plugin. -->","yoast_head_json":{"title":"Bermuda polyester Mizuno Homme Marine - mod\u00e8le CHIBA MICRO - FFTIR","robots":{"index":"noindex","follow":"follow","max-snippet":"max-snippet:-1","max-image-preview":"max-image-preview:large","max-video-preview":"max-video-preview:-1"},"og_locale":"fr_FR","og_type":"article","og_title":"Bermuda polyester Mizuno Homme Marine - mod\u00e8le CHIBA MICRO - FFTIR","og_description":"100% polyester l\u00e9ger microfibre 100 gr  2 poches lat\u00e9rales zipp\u00e9es  logo FFTIR en silicone 3D","og_url":"https:\/\/sports-custom.com\/fftir\/produit\/bermuda-polyester-mizuno-homme-marine-modele-nara\/","og_site_name":"FFTIR","article_modified_time":"2026-03-19T10:35:38+00:00","og_image":[{"width":1000,"height":1000,"url":"http:\/\/sports-custom.com\/fftir\/wp-content\/uploads\/sites\/59\/2022\/07\/chiba.jpg","type":"image\/jpeg"}],"twitter_card":"summary_large_image","twitter_misc":{"Dur\u00e9e de lecture estim\u00e9e":"1 minute"},"schema":{"@context":"https:\/\/schema.org","@graph":[{"@type":"WebPage","@id":"https:\/\/sports-custom.com\/fftir\/produit\/bermuda-polyester-mizuno-homme-marine-modele-nara\/","url":"https:\/\/sports-custom.com\/fftir\/produit\/bermuda-polyester-mizuno-homme-marine-modele-nara\/","name":"Bermuda polyester Mizuno Homme Marine - mod\u00e8le CHIBA MICRO - FFTIR","isPartOf":{"@id":"https:\/\/sports-custom.com\/fftir\/#website"},"primaryImageOfPage":{"@id":"https:\/\/sports-custom.com\/fftir\/produit\/bermuda-polyester-mizuno-homme-marine-modele-nara\/#primaryimage"},"image":{"@id":"https:\/\/sports-custom.com\/fftir\/produit\/bermuda-polyester-mizuno-homme-marine-modele-nara\/#primaryimage"},"thumbnailUrl":"https:\/\/sports-custom.com\/fftir\/wp-content\/uploads\/sites\/59\/2022\/07\/chiba.jpg","datePublished":"2022-07-11T16:14:05+00:00","dateModified":"2026-03-19T10:35:38+00:00","breadcrumb":{"@id":"https:\/\/sports-custom.com\/fftir\/produit\/bermuda-polyester-mizuno-homme-marine-modele-nara\/#breadcrumb"},"inLanguage":"fr-FR","potentialAction":[{"@type":"ReadAction","target":["https:\/\/sports-custom.com\/fftir\/produit\/bermuda-polyester-mizuno-homme-marine-modele-nara\/"]}]},{"@type":"ImageObject","inLanguage":"fr-FR","@id":"https:\/\/sports-custom.com\/fftir\/produit\/bermuda-polyester-mizuno-homme-marine-modele-nara\/#primaryimage","url":"https:\/\/sports-custom.com\/fftir\/wp-content\/uploads\/sites\/59\/2022\/07\/chiba.jpg","contentUrl":"https:\/\/sports-custom.com\/fftir\/wp-content\/uploads\/sites\/59\/2022\/07\/chiba.jpg","width":1000,"height":1000},{"@type":"BreadcrumbList","@id":"https:\/\/sports-custom.com\/fftir\/produit\/bermuda-polyester-mizuno-homme-marine-modele-nara\/#breadcrumb","itemListElement":[{"@type":"ListItem","position":1,"name":"Accueil","item":"https:\/\/sports-custom.com\/fftir\/"},{"@type":"ListItem","position":2,"name":"Boutique","item":"https:\/\/sports-custom.com\/fftir\/"},{"@type":"ListItem","position":3,"name":"Bermuda polyester Mizuno Homme Marine &#8211; mod\u00e8le CHIBA MICRO"}]},{"@type":"WebSite","@id":"https:\/\/sports-custom.com\/fftir\/#website","url":"https:\/\/sports-custom.com\/fftir\/","name":"FFTIR","description":"","publisher":{"@id":"https:\/\/sports-custom.com\/fftir\/#organization"},"potentialAction":[{"@type":"SearchAction","target":{"@type":"EntryPoint","urlTemplate":"https:\/\/sports-custom.com\/fftir\/?s={search_term_string}"},"query-input":{"@type":"PropertyValueSpecification","valueRequired":true,"valueName":"search_term_string"}}],"inLanguage":"fr-FR"},{"@type":"Organization","@id":"https:\/\/sports-custom.com\/fftir\/#organization","name":"FFTIR","url":"https:\/\/sports-custom.com\/fftir\/","logo":{"@type":"ImageObject","inLanguage":"fr-FR","@id":"https:\/\/sports-custom.com\/fftir\/#\/schema\/logo\/image\/","url":"https:\/\/sports-custom.com\/fftir\/wp-content\/uploads\/sites\/59\/2022\/09\/fft-1.png","contentUrl":"https:\/\/sports-custom.com\/fftir\/wp-content\/uploads\/sites\/59\/2022\/09\/fft-1.png","width":1772,"height":827,"caption":"FFTIR"},"image":{"@id":"https:\/\/sports-custom.com\/fftir\/#\/schema\/logo\/image\/"}}]}},"_links":{"self":[{"href":"https:\/\/sports-custom.com\/fftir\/wp-json\/wp\/v2\/product\/1138","targetHints":{"allow":["GET"]}}],"collection":[{"href":"https:\/\/sports-custom.com\/fftir\/wp-json\/wp\/v2\/product"}],"about":[{"href":"https:\/\/sports-custom.com\/fftir\/wp-json\/wp\/v2\/types\/product"}],"wp:featuredmedia":[{"embeddable":true,"href":"https:\/\/sports-custom.com\/fftir\/wp-json\/wp\/v2\/media\/3449"}],"wp:attachment":[{"href":"https:\/\/sports-custom.com\/fftir\/wp-json\/wp\/v2\/media?parent=1138"}],"wp:term":[{"taxonomy":"product_brand","embeddable":true,"href":"https:\/\/sports-custom.com\/fftir\/wp-json\/wp\/v2\/product_brand?post=1138"},{"taxonomy":"product_cat","embeddable":true,"href":"https:\/\/sports-custom.com\/fftir\/wp-json\/wp\/v2\/product_cat?post=1138"},{"taxonomy":"product_tag","embeddable":true,"href":"https:\/\/sports-custom.com\/fftir\/wp-json\/wp\/v2\/product_tag?post=1138"}],"curies":[{"name":"wp","href":"https:\/\/api.w.org\/{rel}","templated":true}]}}