{"id":1258,"date":"2022-07-13T15:28:12","date_gmt":"2022-07-13T13:28:12","guid":{"rendered":"https:\/\/sports-custom.com\/fftir\/?post_type=product&#038;p=1258"},"modified":"2026-01-08T15:30:29","modified_gmt":"2026-01-08T14:30:29","slug":"casquette-coton-marine-modele-orlando","status":"publish","type":"product","link":"https:\/\/sports-custom.com\/fftir\/produit\/casquette-coton-marine-modele-orlando\/","title":{"rendered":"Casquette coton Marine &#8211; mod\u00e8le ORLANDO"},"content":{"rendered":"","protected":false},"excerpt":{"rendered":"<ul>\n<li>Coton serg\u00e9 bross\u00e9 260 gr \u00e9pais haute qualit\u00e9 pour plus de souplesse et de douceur. Tissage solide et r\u00e9sistant.<\/li>\n<li>Stabilit\u00e9, esth\u00e9tisme et confort gr\u00e2ce \u00e0 la fermeture arri\u00e8re r\u00e9glable par boucle m\u00e9tallique + passant coloris argent.<\/li>\n<li>logo FFTIR brod\u00e9<\/li>\n<\/ul>\n","protected":false},"featured_media":1260,"template":"","meta":[],"product_brand":[],"product_cat":[100,97,90,91],"product_tag":[],"class_list":{"0":"post-1258","1":"product","2":"type-product","3":"status-publish","4":"has-post-thumbnail","6":"product_cat-accessoires-tireur","7":"product_cat-accessoires-coach","8":"product_cat-coach","9":"product_cat-tireur","11":"first","12":"instock","13":"taxable","14":"shipping-taxable","15":"purchasable","16":"product-type-simple"},"yoast_head":"<!-- This site is optimized with the Yoast SEO plugin v26.9 - https:\/\/yoast.com\/product\/yoast-seo-wordpress\/ -->\n<title>Casquette coton Marine - mod\u00e8le ORLANDO - FFTIR<\/title>\n<meta name=\"robots\" content=\"noindex, follow, max-snippet:-1, max-image-preview:large, max-video-preview:-1\" \/>\n<meta property=\"og:locale\" content=\"fr_FR\" \/>\n<meta property=\"og:type\" content=\"article\" \/>\n<meta property=\"og:title\" content=\"Casquette coton Marine - mod\u00e8le ORLANDO - FFTIR\" \/>\n<meta property=\"og:description\" content=\"Coton serg\u00e9 bross\u00e9 260 gr \u00e9pais haute qualit\u00e9 pour plus de souplesse et de douceur. Tissage solide et r\u00e9sistant.  Stabilit\u00e9, esth\u00e9tisme et confort gr\u00e2ce \u00e0 la fermeture arri\u00e8re r\u00e9glable par boucle m\u00e9tallique + passant coloris argent.  logo FFTIR brod\u00e9\" \/>\n<meta property=\"og:url\" content=\"https:\/\/sports-custom.com\/fftir\/produit\/casquette-coton-marine-modele-orlando\/\" \/>\n<meta property=\"og:site_name\" content=\"FFTIR\" \/>\n<meta property=\"article:modified_time\" content=\"2026-01-08T14:30:29+00:00\" \/>\n<meta property=\"og:image\" content=\"http:\/\/sports-custom.com\/fftir\/wp-content\/uploads\/sites\/59\/2022\/07\/orl-m.jpg\" \/>\n\t<meta property=\"og:image:width\" content=\"1000\" \/>\n\t<meta property=\"og:image:height\" content=\"1000\" \/>\n\t<meta property=\"og:image:type\" content=\"image\/jpeg\" \/>\n<meta name=\"twitter:card\" content=\"summary_large_image\" \/>\n<meta name=\"twitter:label1\" content=\"Dur\u00e9e de lecture estim\u00e9e\" \/>\n\t<meta name=\"twitter:data1\" content=\"1 minute\" \/>\n<script type=\"application\/ld+json\" class=\"yoast-schema-graph\">{\"@context\":\"https:\/\/schema.org\",\"@graph\":[{\"@type\":\"WebPage\",\"@id\":\"https:\/\/sports-custom.com\/fftir\/produit\/casquette-coton-marine-modele-orlando\/\",\"url\":\"https:\/\/sports-custom.com\/fftir\/produit\/casquette-coton-marine-modele-orlando\/\",\"name\":\"Casquette coton Marine - mod\u00e8le ORLANDO - FFTIR\",\"isPartOf\":{\"@id\":\"https:\/\/sports-custom.com\/fftir\/#website\"},\"primaryImageOfPage\":{\"@id\":\"https:\/\/sports-custom.com\/fftir\/produit\/casquette-coton-marine-modele-orlando\/#primaryimage\"},\"image\":{\"@id\":\"https:\/\/sports-custom.com\/fftir\/produit\/casquette-coton-marine-modele-orlando\/#primaryimage\"},\"thumbnailUrl\":\"https:\/\/sports-custom.com\/fftir\/wp-content\/uploads\/sites\/59\/2022\/07\/orl-m.jpg\",\"datePublished\":\"2022-07-13T13:28:12+00:00\",\"dateModified\":\"2026-01-08T14:30:29+00:00\",\"breadcrumb\":{\"@id\":\"https:\/\/sports-custom.com\/fftir\/produit\/casquette-coton-marine-modele-orlando\/#breadcrumb\"},\"inLanguage\":\"fr-FR\",\"potentialAction\":[{\"@type\":\"ReadAction\",\"target\":[\"https:\/\/sports-custom.com\/fftir\/produit\/casquette-coton-marine-modele-orlando\/\"]}]},{\"@type\":\"ImageObject\",\"inLanguage\":\"fr-FR\",\"@id\":\"https:\/\/sports-custom.com\/fftir\/produit\/casquette-coton-marine-modele-orlando\/#primaryimage\",\"url\":\"https:\/\/sports-custom.com\/fftir\/wp-content\/uploads\/sites\/59\/2022\/07\/orl-m.jpg\",\"contentUrl\":\"https:\/\/sports-custom.com\/fftir\/wp-content\/uploads\/sites\/59\/2022\/07\/orl-m.jpg\",\"width\":1000,\"height\":1000},{\"@type\":\"BreadcrumbList\",\"@id\":\"https:\/\/sports-custom.com\/fftir\/produit\/casquette-coton-marine-modele-orlando\/#breadcrumb\",\"itemListElement\":[{\"@type\":\"ListItem\",\"position\":1,\"name\":\"Accueil\",\"item\":\"https:\/\/sports-custom.com\/fftir\/\"},{\"@type\":\"ListItem\",\"position\":2,\"name\":\"Boutique\",\"item\":\"https:\/\/sports-custom.com\/fftir\/\"},{\"@type\":\"ListItem\",\"position\":3,\"name\":\"Casquette coton Marine &#8211; mod\u00e8le ORLANDO\"}]},{\"@type\":\"WebSite\",\"@id\":\"https:\/\/sports-custom.com\/fftir\/#website\",\"url\":\"https:\/\/sports-custom.com\/fftir\/\",\"name\":\"FFTIR\",\"description\":\"\",\"publisher\":{\"@id\":\"https:\/\/sports-custom.com\/fftir\/#organization\"},\"potentialAction\":[{\"@type\":\"SearchAction\",\"target\":{\"@type\":\"EntryPoint\",\"urlTemplate\":\"https:\/\/sports-custom.com\/fftir\/?s={search_term_string}\"},\"query-input\":{\"@type\":\"PropertyValueSpecification\",\"valueRequired\":true,\"valueName\":\"search_term_string\"}}],\"inLanguage\":\"fr-FR\"},{\"@type\":\"Organization\",\"@id\":\"https:\/\/sports-custom.com\/fftir\/#organization\",\"name\":\"FFTIR\",\"url\":\"https:\/\/sports-custom.com\/fftir\/\",\"logo\":{\"@type\":\"ImageObject\",\"inLanguage\":\"fr-FR\",\"@id\":\"https:\/\/sports-custom.com\/fftir\/#\/schema\/logo\/image\/\",\"url\":\"https:\/\/sports-custom.com\/fftir\/wp-content\/uploads\/sites\/59\/2022\/09\/fft-1.png\",\"contentUrl\":\"https:\/\/sports-custom.com\/fftir\/wp-content\/uploads\/sites\/59\/2022\/09\/fft-1.png\",\"width\":1772,\"height\":827,\"caption\":\"FFTIR\"},\"image\":{\"@id\":\"https:\/\/sports-custom.com\/fftir\/#\/schema\/logo\/image\/\"}}]}<\/script>\n<!-- \/ Yoast SEO plugin. -->","yoast_head_json":{"title":"Casquette coton Marine - mod\u00e8le ORLANDO - FFTIR","robots":{"index":"noindex","follow":"follow","max-snippet":"max-snippet:-1","max-image-preview":"max-image-preview:large","max-video-preview":"max-video-preview:-1"},"og_locale":"fr_FR","og_type":"article","og_title":"Casquette coton Marine - mod\u00e8le ORLANDO - FFTIR","og_description":"Coton serg\u00e9 bross\u00e9 260 gr \u00e9pais haute qualit\u00e9 pour plus de souplesse et de douceur. Tissage solide et r\u00e9sistant.  Stabilit\u00e9, esth\u00e9tisme et confort gr\u00e2ce \u00e0 la fermeture arri\u00e8re r\u00e9glable par boucle m\u00e9tallique + passant coloris argent.  logo FFTIR brod\u00e9","og_url":"https:\/\/sports-custom.com\/fftir\/produit\/casquette-coton-marine-modele-orlando\/","og_site_name":"FFTIR","article_modified_time":"2026-01-08T14:30:29+00:00","og_image":[{"width":1000,"height":1000,"url":"http:\/\/sports-custom.com\/fftir\/wp-content\/uploads\/sites\/59\/2022\/07\/orl-m.jpg","type":"image\/jpeg"}],"twitter_card":"summary_large_image","twitter_misc":{"Dur\u00e9e de lecture estim\u00e9e":"1 minute"},"schema":{"@context":"https:\/\/schema.org","@graph":[{"@type":"WebPage","@id":"https:\/\/sports-custom.com\/fftir\/produit\/casquette-coton-marine-modele-orlando\/","url":"https:\/\/sports-custom.com\/fftir\/produit\/casquette-coton-marine-modele-orlando\/","name":"Casquette coton Marine - mod\u00e8le ORLANDO - FFTIR","isPartOf":{"@id":"https:\/\/sports-custom.com\/fftir\/#website"},"primaryImageOfPage":{"@id":"https:\/\/sports-custom.com\/fftir\/produit\/casquette-coton-marine-modele-orlando\/#primaryimage"},"image":{"@id":"https:\/\/sports-custom.com\/fftir\/produit\/casquette-coton-marine-modele-orlando\/#primaryimage"},"thumbnailUrl":"https:\/\/sports-custom.com\/fftir\/wp-content\/uploads\/sites\/59\/2022\/07\/orl-m.jpg","datePublished":"2022-07-13T13:28:12+00:00","dateModified":"2026-01-08T14:30:29+00:00","breadcrumb":{"@id":"https:\/\/sports-custom.com\/fftir\/produit\/casquette-coton-marine-modele-orlando\/#breadcrumb"},"inLanguage":"fr-FR","potentialAction":[{"@type":"ReadAction","target":["https:\/\/sports-custom.com\/fftir\/produit\/casquette-coton-marine-modele-orlando\/"]}]},{"@type":"ImageObject","inLanguage":"fr-FR","@id":"https:\/\/sports-custom.com\/fftir\/produit\/casquette-coton-marine-modele-orlando\/#primaryimage","url":"https:\/\/sports-custom.com\/fftir\/wp-content\/uploads\/sites\/59\/2022\/07\/orl-m.jpg","contentUrl":"https:\/\/sports-custom.com\/fftir\/wp-content\/uploads\/sites\/59\/2022\/07\/orl-m.jpg","width":1000,"height":1000},{"@type":"BreadcrumbList","@id":"https:\/\/sports-custom.com\/fftir\/produit\/casquette-coton-marine-modele-orlando\/#breadcrumb","itemListElement":[{"@type":"ListItem","position":1,"name":"Accueil","item":"https:\/\/sports-custom.com\/fftir\/"},{"@type":"ListItem","position":2,"name":"Boutique","item":"https:\/\/sports-custom.com\/fftir\/"},{"@type":"ListItem","position":3,"name":"Casquette coton Marine &#8211; mod\u00e8le ORLANDO"}]},{"@type":"WebSite","@id":"https:\/\/sports-custom.com\/fftir\/#website","url":"https:\/\/sports-custom.com\/fftir\/","name":"FFTIR","description":"","publisher":{"@id":"https:\/\/sports-custom.com\/fftir\/#organization"},"potentialAction":[{"@type":"SearchAction","target":{"@type":"EntryPoint","urlTemplate":"https:\/\/sports-custom.com\/fftir\/?s={search_term_string}"},"query-input":{"@type":"PropertyValueSpecification","valueRequired":true,"valueName":"search_term_string"}}],"inLanguage":"fr-FR"},{"@type":"Organization","@id":"https:\/\/sports-custom.com\/fftir\/#organization","name":"FFTIR","url":"https:\/\/sports-custom.com\/fftir\/","logo":{"@type":"ImageObject","inLanguage":"fr-FR","@id":"https:\/\/sports-custom.com\/fftir\/#\/schema\/logo\/image\/","url":"https:\/\/sports-custom.com\/fftir\/wp-content\/uploads\/sites\/59\/2022\/09\/fft-1.png","contentUrl":"https:\/\/sports-custom.com\/fftir\/wp-content\/uploads\/sites\/59\/2022\/09\/fft-1.png","width":1772,"height":827,"caption":"FFTIR"},"image":{"@id":"https:\/\/sports-custom.com\/fftir\/#\/schema\/logo\/image\/"}}]}},"_links":{"self":[{"href":"https:\/\/sports-custom.com\/fftir\/wp-json\/wp\/v2\/product\/1258","targetHints":{"allow":["GET"]}}],"collection":[{"href":"https:\/\/sports-custom.com\/fftir\/wp-json\/wp\/v2\/product"}],"about":[{"href":"https:\/\/sports-custom.com\/fftir\/wp-json\/wp\/v2\/types\/product"}],"wp:featuredmedia":[{"embeddable":true,"href":"https:\/\/sports-custom.com\/fftir\/wp-json\/wp\/v2\/media\/1260"}],"wp:attachment":[{"href":"https:\/\/sports-custom.com\/fftir\/wp-json\/wp\/v2\/media?parent=1258"}],"wp:term":[{"taxonomy":"product_brand","embeddable":true,"href":"https:\/\/sports-custom.com\/fftir\/wp-json\/wp\/v2\/product_brand?post=1258"},{"taxonomy":"product_cat","embeddable":true,"href":"https:\/\/sports-custom.com\/fftir\/wp-json\/wp\/v2\/product_cat?post=1258"},{"taxonomy":"product_tag","embeddable":true,"href":"https:\/\/sports-custom.com\/fftir\/wp-json\/wp\/v2\/product_tag?post=1258"}],"curies":[{"name":"wp","href":"https:\/\/api.w.org\/{rel}","templated":true}]}}