{"id":1361,"date":"2022-07-13T17:37:09","date_gmt":"2022-07-13T15:37:09","guid":{"rendered":"https:\/\/sports-custom.com\/fftir\/?post_type=product&#038;p=1361"},"modified":"2026-01-06T11:11:14","modified_gmt":"2026-01-06T10:11:14","slug":"chemise-coton-mc-femme-rouge-modele-mc","status":"publish","type":"product","link":"https:\/\/sports-custom.com\/fftir\/produit\/chemise-coton-mc-femme-rouge-modele-mc\/","title":{"rendered":"Chemise coton MC Femme Rouge &#8211; mod\u00e8le MC"},"content":{"rendered":"","protected":false},"excerpt":{"rendered":"<ul>\n<li>100 % coton popeline 125 gr<\/li>\n<li>Traitement easy-care pour un entretien facile<\/li>\n<li>poche plaqu\u00e9e cot\u00e9 coeur<\/li>\n<li>Pointe de col balein\u00e9e<\/li>\n<li>logo FFTIR en broderie<\/li>\n<\/ul>\n","protected":false},"featured_media":964,"template":"","meta":[],"product_brand":[],"product_cat":[89,93],"product_tag":[],"class_list":{"0":"post-1361","1":"product","2":"type-product","3":"status-publish","4":"has-post-thumbnail","6":"product_cat-arbitre","7":"product_cat-femme","9":"first","10":"instock","11":"taxable","12":"shipping-taxable","13":"purchasable","14":"product-type-variable"},"yoast_head":"<!-- This site is optimized with the Yoast SEO plugin v26.9 - https:\/\/yoast.com\/product\/yoast-seo-wordpress\/ -->\n<title>Chemise coton MC Femme Rouge - mod\u00e8le MC - FFTIR<\/title>\n<meta name=\"robots\" content=\"noindex, follow, max-snippet:-1, max-image-preview:large, max-video-preview:-1\" \/>\n<meta property=\"og:locale\" content=\"fr_FR\" \/>\n<meta property=\"og:type\" content=\"article\" \/>\n<meta property=\"og:title\" content=\"Chemise coton MC Femme Rouge - mod\u00e8le MC - FFTIR\" \/>\n<meta property=\"og:description\" content=\"100 % coton popeline 125 gr  Traitement easy-care pour un entretien facile  poche plaqu\u00e9e cot\u00e9 coeur  Pointe de col balein\u00e9e  logo FFTIR en broderie\" \/>\n<meta property=\"og:url\" content=\"https:\/\/sports-custom.com\/fftir\/produit\/chemise-coton-mc-femme-rouge-modele-mc\/\" \/>\n<meta property=\"og:site_name\" content=\"FFTIR\" \/>\n<meta property=\"article:modified_time\" content=\"2026-01-06T10:11:14+00:00\" \/>\n<meta property=\"og:image\" content=\"http:\/\/sports-custom.com\/fftir\/wp-content\/uploads\/sites\/59\/2022\/07\/mc-f.jpg\" \/>\n\t<meta property=\"og:image:width\" content=\"1000\" \/>\n\t<meta property=\"og:image:height\" content=\"1000\" \/>\n\t<meta property=\"og:image:type\" content=\"image\/jpeg\" \/>\n<meta name=\"twitter:card\" content=\"summary_large_image\" \/>\n<meta name=\"twitter:label1\" content=\"Dur\u00e9e de lecture estim\u00e9e\" \/>\n\t<meta name=\"twitter:data1\" content=\"1 minute\" \/>\n<script type=\"application\/ld+json\" class=\"yoast-schema-graph\">{\"@context\":\"https:\/\/schema.org\",\"@graph\":[{\"@type\":\"WebPage\",\"@id\":\"https:\/\/sports-custom.com\/fftir\/produit\/chemise-coton-mc-femme-rouge-modele-mc\/\",\"url\":\"https:\/\/sports-custom.com\/fftir\/produit\/chemise-coton-mc-femme-rouge-modele-mc\/\",\"name\":\"Chemise coton MC Femme Rouge - mod\u00e8le MC - FFTIR\",\"isPartOf\":{\"@id\":\"https:\/\/sports-custom.com\/fftir\/#website\"},\"primaryImageOfPage\":{\"@id\":\"https:\/\/sports-custom.com\/fftir\/produit\/chemise-coton-mc-femme-rouge-modele-mc\/#primaryimage\"},\"image\":{\"@id\":\"https:\/\/sports-custom.com\/fftir\/produit\/chemise-coton-mc-femme-rouge-modele-mc\/#primaryimage\"},\"thumbnailUrl\":\"https:\/\/sports-custom.com\/fftir\/wp-content\/uploads\/sites\/59\/2022\/07\/mc-f.jpg\",\"datePublished\":\"2022-07-13T15:37:09+00:00\",\"dateModified\":\"2026-01-06T10:11:14+00:00\",\"breadcrumb\":{\"@id\":\"https:\/\/sports-custom.com\/fftir\/produit\/chemise-coton-mc-femme-rouge-modele-mc\/#breadcrumb\"},\"inLanguage\":\"fr-FR\",\"potentialAction\":[{\"@type\":\"ReadAction\",\"target\":[\"https:\/\/sports-custom.com\/fftir\/produit\/chemise-coton-mc-femme-rouge-modele-mc\/\"]}]},{\"@type\":\"ImageObject\",\"inLanguage\":\"fr-FR\",\"@id\":\"https:\/\/sports-custom.com\/fftir\/produit\/chemise-coton-mc-femme-rouge-modele-mc\/#primaryimage\",\"url\":\"https:\/\/sports-custom.com\/fftir\/wp-content\/uploads\/sites\/59\/2022\/07\/mc-f.jpg\",\"contentUrl\":\"https:\/\/sports-custom.com\/fftir\/wp-content\/uploads\/sites\/59\/2022\/07\/mc-f.jpg\",\"width\":1000,\"height\":1000},{\"@type\":\"BreadcrumbList\",\"@id\":\"https:\/\/sports-custom.com\/fftir\/produit\/chemise-coton-mc-femme-rouge-modele-mc\/#breadcrumb\",\"itemListElement\":[{\"@type\":\"ListItem\",\"position\":1,\"name\":\"Accueil\",\"item\":\"https:\/\/sports-custom.com\/fftir\/\"},{\"@type\":\"ListItem\",\"position\":2,\"name\":\"Boutique\",\"item\":\"https:\/\/sports-custom.com\/fftir\/\"},{\"@type\":\"ListItem\",\"position\":3,\"name\":\"Chemise coton MC Femme Rouge &#8211; mod\u00e8le MC\"}]},{\"@type\":\"WebSite\",\"@id\":\"https:\/\/sports-custom.com\/fftir\/#website\",\"url\":\"https:\/\/sports-custom.com\/fftir\/\",\"name\":\"FFTIR\",\"description\":\"\",\"publisher\":{\"@id\":\"https:\/\/sports-custom.com\/fftir\/#organization\"},\"potentialAction\":[{\"@type\":\"SearchAction\",\"target\":{\"@type\":\"EntryPoint\",\"urlTemplate\":\"https:\/\/sports-custom.com\/fftir\/?s={search_term_string}\"},\"query-input\":{\"@type\":\"PropertyValueSpecification\",\"valueRequired\":true,\"valueName\":\"search_term_string\"}}],\"inLanguage\":\"fr-FR\"},{\"@type\":\"Organization\",\"@id\":\"https:\/\/sports-custom.com\/fftir\/#organization\",\"name\":\"FFTIR\",\"url\":\"https:\/\/sports-custom.com\/fftir\/\",\"logo\":{\"@type\":\"ImageObject\",\"inLanguage\":\"fr-FR\",\"@id\":\"https:\/\/sports-custom.com\/fftir\/#\/schema\/logo\/image\/\",\"url\":\"https:\/\/sports-custom.com\/fftir\/wp-content\/uploads\/sites\/59\/2022\/09\/fft-1.png\",\"contentUrl\":\"https:\/\/sports-custom.com\/fftir\/wp-content\/uploads\/sites\/59\/2022\/09\/fft-1.png\",\"width\":1772,\"height\":827,\"caption\":\"FFTIR\"},\"image\":{\"@id\":\"https:\/\/sports-custom.com\/fftir\/#\/schema\/logo\/image\/\"}}]}<\/script>\n<!-- \/ Yoast SEO plugin. -->","yoast_head_json":{"title":"Chemise coton MC Femme Rouge - mod\u00e8le MC - FFTIR","robots":{"index":"noindex","follow":"follow","max-snippet":"max-snippet:-1","max-image-preview":"max-image-preview:large","max-video-preview":"max-video-preview:-1"},"og_locale":"fr_FR","og_type":"article","og_title":"Chemise coton MC Femme Rouge - mod\u00e8le MC - FFTIR","og_description":"100 % coton popeline 125 gr  Traitement easy-care pour un entretien facile  poche plaqu\u00e9e cot\u00e9 coeur  Pointe de col balein\u00e9e  logo FFTIR en broderie","og_url":"https:\/\/sports-custom.com\/fftir\/produit\/chemise-coton-mc-femme-rouge-modele-mc\/","og_site_name":"FFTIR","article_modified_time":"2026-01-06T10:11:14+00:00","og_image":[{"width":1000,"height":1000,"url":"http:\/\/sports-custom.com\/fftir\/wp-content\/uploads\/sites\/59\/2022\/07\/mc-f.jpg","type":"image\/jpeg"}],"twitter_card":"summary_large_image","twitter_misc":{"Dur\u00e9e de lecture estim\u00e9e":"1 minute"},"schema":{"@context":"https:\/\/schema.org","@graph":[{"@type":"WebPage","@id":"https:\/\/sports-custom.com\/fftir\/produit\/chemise-coton-mc-femme-rouge-modele-mc\/","url":"https:\/\/sports-custom.com\/fftir\/produit\/chemise-coton-mc-femme-rouge-modele-mc\/","name":"Chemise coton MC Femme Rouge - mod\u00e8le MC - FFTIR","isPartOf":{"@id":"https:\/\/sports-custom.com\/fftir\/#website"},"primaryImageOfPage":{"@id":"https:\/\/sports-custom.com\/fftir\/produit\/chemise-coton-mc-femme-rouge-modele-mc\/#primaryimage"},"image":{"@id":"https:\/\/sports-custom.com\/fftir\/produit\/chemise-coton-mc-femme-rouge-modele-mc\/#primaryimage"},"thumbnailUrl":"https:\/\/sports-custom.com\/fftir\/wp-content\/uploads\/sites\/59\/2022\/07\/mc-f.jpg","datePublished":"2022-07-13T15:37:09+00:00","dateModified":"2026-01-06T10:11:14+00:00","breadcrumb":{"@id":"https:\/\/sports-custom.com\/fftir\/produit\/chemise-coton-mc-femme-rouge-modele-mc\/#breadcrumb"},"inLanguage":"fr-FR","potentialAction":[{"@type":"ReadAction","target":["https:\/\/sports-custom.com\/fftir\/produit\/chemise-coton-mc-femme-rouge-modele-mc\/"]}]},{"@type":"ImageObject","inLanguage":"fr-FR","@id":"https:\/\/sports-custom.com\/fftir\/produit\/chemise-coton-mc-femme-rouge-modele-mc\/#primaryimage","url":"https:\/\/sports-custom.com\/fftir\/wp-content\/uploads\/sites\/59\/2022\/07\/mc-f.jpg","contentUrl":"https:\/\/sports-custom.com\/fftir\/wp-content\/uploads\/sites\/59\/2022\/07\/mc-f.jpg","width":1000,"height":1000},{"@type":"BreadcrumbList","@id":"https:\/\/sports-custom.com\/fftir\/produit\/chemise-coton-mc-femme-rouge-modele-mc\/#breadcrumb","itemListElement":[{"@type":"ListItem","position":1,"name":"Accueil","item":"https:\/\/sports-custom.com\/fftir\/"},{"@type":"ListItem","position":2,"name":"Boutique","item":"https:\/\/sports-custom.com\/fftir\/"},{"@type":"ListItem","position":3,"name":"Chemise coton MC Femme Rouge &#8211; mod\u00e8le MC"}]},{"@type":"WebSite","@id":"https:\/\/sports-custom.com\/fftir\/#website","url":"https:\/\/sports-custom.com\/fftir\/","name":"FFTIR","description":"","publisher":{"@id":"https:\/\/sports-custom.com\/fftir\/#organization"},"potentialAction":[{"@type":"SearchAction","target":{"@type":"EntryPoint","urlTemplate":"https:\/\/sports-custom.com\/fftir\/?s={search_term_string}"},"query-input":{"@type":"PropertyValueSpecification","valueRequired":true,"valueName":"search_term_string"}}],"inLanguage":"fr-FR"},{"@type":"Organization","@id":"https:\/\/sports-custom.com\/fftir\/#organization","name":"FFTIR","url":"https:\/\/sports-custom.com\/fftir\/","logo":{"@type":"ImageObject","inLanguage":"fr-FR","@id":"https:\/\/sports-custom.com\/fftir\/#\/schema\/logo\/image\/","url":"https:\/\/sports-custom.com\/fftir\/wp-content\/uploads\/sites\/59\/2022\/09\/fft-1.png","contentUrl":"https:\/\/sports-custom.com\/fftir\/wp-content\/uploads\/sites\/59\/2022\/09\/fft-1.png","width":1772,"height":827,"caption":"FFTIR"},"image":{"@id":"https:\/\/sports-custom.com\/fftir\/#\/schema\/logo\/image\/"}}]}},"_links":{"self":[{"href":"https:\/\/sports-custom.com\/fftir\/wp-json\/wp\/v2\/product\/1361","targetHints":{"allow":["GET"]}}],"collection":[{"href":"https:\/\/sports-custom.com\/fftir\/wp-json\/wp\/v2\/product"}],"about":[{"href":"https:\/\/sports-custom.com\/fftir\/wp-json\/wp\/v2\/types\/product"}],"wp:featuredmedia":[{"embeddable":true,"href":"https:\/\/sports-custom.com\/fftir\/wp-json\/wp\/v2\/media\/964"}],"wp:attachment":[{"href":"https:\/\/sports-custom.com\/fftir\/wp-json\/wp\/v2\/media?parent=1361"}],"wp:term":[{"taxonomy":"product_brand","embeddable":true,"href":"https:\/\/sports-custom.com\/fftir\/wp-json\/wp\/v2\/product_brand?post=1361"},{"taxonomy":"product_cat","embeddable":true,"href":"https:\/\/sports-custom.com\/fftir\/wp-json\/wp\/v2\/product_cat?post=1361"},{"taxonomy":"product_tag","embeddable":true,"href":"https:\/\/sports-custom.com\/fftir\/wp-json\/wp\/v2\/product_tag?post=1361"}],"curies":[{"name":"wp","href":"https:\/\/api.w.org\/{rel}","templated":true}]}}