{"id":3779,"date":"2026-03-27T12:03:19","date_gmt":"2026-03-27T11:03:19","guid":{"rendered":"https:\/\/sports-custom.com\/fftir\/?post_type=product&#038;p=3779"},"modified":"2026-03-27T14:28:07","modified_gmt":"2026-03-27T13:28:07","slug":"pack-x-2-hoodies-rouge-femme-modele-fz-s","status":"publish","type":"product","link":"https:\/\/sports-custom.com\/fftir\/produit\/pack-x-2-hoodies-rouge-femme-modele-fz-s\/","title":{"rendered":"PACK Mizuno x 2 hoodies Rouge Femme \u2013 mod\u00e8le FZ S"},"content":{"rendered":"","protected":false},"excerpt":{"rendered":"<div class=\"woocommerce-product-details__short-description\">\n<ul>\n<li><em><strong>PACK DE 2 SWEATS CAPUCHE EN TAILLE S<\/strong><\/em><\/li>\n<li>80% coton, 20% polyester<\/li>\n<li>2 poches lat\u00e9rales<\/li>\n<li>logo FFTIR en s\u00e9rigraphie<\/li>\n<\/ul>\n<\/div>\n","protected":false},"featured_media":3780,"template":"","meta":[],"product_brand":[],"product_cat":[109],"product_tag":[],"class_list":{"0":"post-3779","1":"product","2":"type-product","3":"status-publish","4":"has-post-thumbnail","6":"product_cat-packs-pomo","8":"first","9":"instock","10":"sale","11":"taxable","12":"shipping-taxable","13":"purchasable","14":"product-type-simple"},"yoast_head":"<!-- This site is optimized with the Yoast SEO plugin v26.9 - https:\/\/yoast.com\/product\/yoast-seo-wordpress\/ -->\n<title>PACK Mizuno x 2 hoodies Rouge Femme \u2013 mod\u00e8le FZ S - FFTIR<\/title>\n<meta name=\"robots\" content=\"noindex, follow, max-snippet:-1, max-image-preview:large, max-video-preview:-1\" \/>\n<meta property=\"og:locale\" content=\"fr_FR\" \/>\n<meta property=\"og:type\" content=\"article\" \/>\n<meta property=\"og:title\" content=\"PACK Mizuno x 2 hoodies Rouge Femme \u2013 mod\u00e8le FZ S - FFTIR\" \/>\n<meta property=\"og:description\" content=\"PACK DE 2 SWEATS CAPUCHE EN TAILLE S  80% coton, 20% polyester  2 poches lat\u00e9rales  logo FFTIR en s\u00e9rigraphie\" \/>\n<meta property=\"og:url\" content=\"https:\/\/sports-custom.com\/fftir\/produit\/pack-x-2-hoodies-rouge-femme-modele-fz-s\/\" \/>\n<meta property=\"og:site_name\" content=\"FFTIR\" \/>\n<meta property=\"article:modified_time\" content=\"2026-03-27T13:28:07+00:00\" \/>\n<meta property=\"og:image\" content=\"http:\/\/sports-custom.com\/fftir\/wp-content\/uploads\/sites\/59\/2026\/03\/Sans-titre-26.jpg\" \/>\n\t<meta property=\"og:image:width\" content=\"861\" \/>\n\t<meta property=\"og:image:height\" content=\"858\" \/>\n\t<meta property=\"og:image:type\" content=\"image\/jpeg\" \/>\n<meta name=\"twitter:card\" content=\"summary_large_image\" \/>\n<meta name=\"twitter:label1\" content=\"Dur\u00e9e de lecture estim\u00e9e\" \/>\n\t<meta name=\"twitter:data1\" content=\"1 minute\" \/>\n<script type=\"application\/ld+json\" class=\"yoast-schema-graph\">{\"@context\":\"https:\/\/schema.org\",\"@graph\":[{\"@type\":\"WebPage\",\"@id\":\"https:\/\/sports-custom.com\/fftir\/produit\/pack-x-2-hoodies-rouge-femme-modele-fz-s\/\",\"url\":\"https:\/\/sports-custom.com\/fftir\/produit\/pack-x-2-hoodies-rouge-femme-modele-fz-s\/\",\"name\":\"PACK Mizuno x 2 hoodies Rouge Femme \u2013 mod\u00e8le FZ S - FFTIR\",\"isPartOf\":{\"@id\":\"https:\/\/sports-custom.com\/fftir\/#website\"},\"primaryImageOfPage\":{\"@id\":\"https:\/\/sports-custom.com\/fftir\/produit\/pack-x-2-hoodies-rouge-femme-modele-fz-s\/#primaryimage\"},\"image\":{\"@id\":\"https:\/\/sports-custom.com\/fftir\/produit\/pack-x-2-hoodies-rouge-femme-modele-fz-s\/#primaryimage\"},\"thumbnailUrl\":\"https:\/\/sports-custom.com\/fftir\/wp-content\/uploads\/sites\/59\/2026\/03\/Sans-titre-26.jpg\",\"datePublished\":\"2026-03-27T11:03:19+00:00\",\"dateModified\":\"2026-03-27T13:28:07+00:00\",\"breadcrumb\":{\"@id\":\"https:\/\/sports-custom.com\/fftir\/produit\/pack-x-2-hoodies-rouge-femme-modele-fz-s\/#breadcrumb\"},\"inLanguage\":\"fr-FR\",\"potentialAction\":[{\"@type\":\"ReadAction\",\"target\":[\"https:\/\/sports-custom.com\/fftir\/produit\/pack-x-2-hoodies-rouge-femme-modele-fz-s\/\"]}]},{\"@type\":\"ImageObject\",\"inLanguage\":\"fr-FR\",\"@id\":\"https:\/\/sports-custom.com\/fftir\/produit\/pack-x-2-hoodies-rouge-femme-modele-fz-s\/#primaryimage\",\"url\":\"https:\/\/sports-custom.com\/fftir\/wp-content\/uploads\/sites\/59\/2026\/03\/Sans-titre-26.jpg\",\"contentUrl\":\"https:\/\/sports-custom.com\/fftir\/wp-content\/uploads\/sites\/59\/2026\/03\/Sans-titre-26.jpg\",\"width\":861,\"height\":858},{\"@type\":\"BreadcrumbList\",\"@id\":\"https:\/\/sports-custom.com\/fftir\/produit\/pack-x-2-hoodies-rouge-femme-modele-fz-s\/#breadcrumb\",\"itemListElement\":[{\"@type\":\"ListItem\",\"position\":1,\"name\":\"Accueil\",\"item\":\"https:\/\/sports-custom.com\/fftir\/\"},{\"@type\":\"ListItem\",\"position\":2,\"name\":\"Boutique\",\"item\":\"https:\/\/sports-custom.com\/fftir\/\"},{\"@type\":\"ListItem\",\"position\":3,\"name\":\"PACK Mizuno x 2 hoodies Rouge Femme \u2013 mod\u00e8le FZ S\"}]},{\"@type\":\"WebSite\",\"@id\":\"https:\/\/sports-custom.com\/fftir\/#website\",\"url\":\"https:\/\/sports-custom.com\/fftir\/\",\"name\":\"FFTIR\",\"description\":\"\",\"publisher\":{\"@id\":\"https:\/\/sports-custom.com\/fftir\/#organization\"},\"potentialAction\":[{\"@type\":\"SearchAction\",\"target\":{\"@type\":\"EntryPoint\",\"urlTemplate\":\"https:\/\/sports-custom.com\/fftir\/?s={search_term_string}\"},\"query-input\":{\"@type\":\"PropertyValueSpecification\",\"valueRequired\":true,\"valueName\":\"search_term_string\"}}],\"inLanguage\":\"fr-FR\"},{\"@type\":\"Organization\",\"@id\":\"https:\/\/sports-custom.com\/fftir\/#organization\",\"name\":\"FFTIR\",\"url\":\"https:\/\/sports-custom.com\/fftir\/\",\"logo\":{\"@type\":\"ImageObject\",\"inLanguage\":\"fr-FR\",\"@id\":\"https:\/\/sports-custom.com\/fftir\/#\/schema\/logo\/image\/\",\"url\":\"https:\/\/sports-custom.com\/fftir\/wp-content\/uploads\/sites\/59\/2022\/09\/fft-1.png\",\"contentUrl\":\"https:\/\/sports-custom.com\/fftir\/wp-content\/uploads\/sites\/59\/2022\/09\/fft-1.png\",\"width\":1772,\"height\":827,\"caption\":\"FFTIR\"},\"image\":{\"@id\":\"https:\/\/sports-custom.com\/fftir\/#\/schema\/logo\/image\/\"}}]}<\/script>\n<!-- \/ Yoast SEO plugin. -->","yoast_head_json":{"title":"PACK Mizuno x 2 hoodies Rouge Femme \u2013 mod\u00e8le FZ S - FFTIR","robots":{"index":"noindex","follow":"follow","max-snippet":"max-snippet:-1","max-image-preview":"max-image-preview:large","max-video-preview":"max-video-preview:-1"},"og_locale":"fr_FR","og_type":"article","og_title":"PACK Mizuno x 2 hoodies Rouge Femme \u2013 mod\u00e8le FZ S - FFTIR","og_description":"PACK DE 2 SWEATS CAPUCHE EN TAILLE S  80% coton, 20% polyester  2 poches lat\u00e9rales  logo FFTIR en s\u00e9rigraphie","og_url":"https:\/\/sports-custom.com\/fftir\/produit\/pack-x-2-hoodies-rouge-femme-modele-fz-s\/","og_site_name":"FFTIR","article_modified_time":"2026-03-27T13:28:07+00:00","og_image":[{"width":861,"height":858,"url":"http:\/\/sports-custom.com\/fftir\/wp-content\/uploads\/sites\/59\/2026\/03\/Sans-titre-26.jpg","type":"image\/jpeg"}],"twitter_card":"summary_large_image","twitter_misc":{"Dur\u00e9e de lecture estim\u00e9e":"1 minute"},"schema":{"@context":"https:\/\/schema.org","@graph":[{"@type":"WebPage","@id":"https:\/\/sports-custom.com\/fftir\/produit\/pack-x-2-hoodies-rouge-femme-modele-fz-s\/","url":"https:\/\/sports-custom.com\/fftir\/produit\/pack-x-2-hoodies-rouge-femme-modele-fz-s\/","name":"PACK Mizuno x 2 hoodies Rouge Femme \u2013 mod\u00e8le FZ S - FFTIR","isPartOf":{"@id":"https:\/\/sports-custom.com\/fftir\/#website"},"primaryImageOfPage":{"@id":"https:\/\/sports-custom.com\/fftir\/produit\/pack-x-2-hoodies-rouge-femme-modele-fz-s\/#primaryimage"},"image":{"@id":"https:\/\/sports-custom.com\/fftir\/produit\/pack-x-2-hoodies-rouge-femme-modele-fz-s\/#primaryimage"},"thumbnailUrl":"https:\/\/sports-custom.com\/fftir\/wp-content\/uploads\/sites\/59\/2026\/03\/Sans-titre-26.jpg","datePublished":"2026-03-27T11:03:19+00:00","dateModified":"2026-03-27T13:28:07+00:00","breadcrumb":{"@id":"https:\/\/sports-custom.com\/fftir\/produit\/pack-x-2-hoodies-rouge-femme-modele-fz-s\/#breadcrumb"},"inLanguage":"fr-FR","potentialAction":[{"@type":"ReadAction","target":["https:\/\/sports-custom.com\/fftir\/produit\/pack-x-2-hoodies-rouge-femme-modele-fz-s\/"]}]},{"@type":"ImageObject","inLanguage":"fr-FR","@id":"https:\/\/sports-custom.com\/fftir\/produit\/pack-x-2-hoodies-rouge-femme-modele-fz-s\/#primaryimage","url":"https:\/\/sports-custom.com\/fftir\/wp-content\/uploads\/sites\/59\/2026\/03\/Sans-titre-26.jpg","contentUrl":"https:\/\/sports-custom.com\/fftir\/wp-content\/uploads\/sites\/59\/2026\/03\/Sans-titre-26.jpg","width":861,"height":858},{"@type":"BreadcrumbList","@id":"https:\/\/sports-custom.com\/fftir\/produit\/pack-x-2-hoodies-rouge-femme-modele-fz-s\/#breadcrumb","itemListElement":[{"@type":"ListItem","position":1,"name":"Accueil","item":"https:\/\/sports-custom.com\/fftir\/"},{"@type":"ListItem","position":2,"name":"Boutique","item":"https:\/\/sports-custom.com\/fftir\/"},{"@type":"ListItem","position":3,"name":"PACK Mizuno x 2 hoodies Rouge Femme \u2013 mod\u00e8le FZ S"}]},{"@type":"WebSite","@id":"https:\/\/sports-custom.com\/fftir\/#website","url":"https:\/\/sports-custom.com\/fftir\/","name":"FFTIR","description":"","publisher":{"@id":"https:\/\/sports-custom.com\/fftir\/#organization"},"potentialAction":[{"@type":"SearchAction","target":{"@type":"EntryPoint","urlTemplate":"https:\/\/sports-custom.com\/fftir\/?s={search_term_string}"},"query-input":{"@type":"PropertyValueSpecification","valueRequired":true,"valueName":"search_term_string"}}],"inLanguage":"fr-FR"},{"@type":"Organization","@id":"https:\/\/sports-custom.com\/fftir\/#organization","name":"FFTIR","url":"https:\/\/sports-custom.com\/fftir\/","logo":{"@type":"ImageObject","inLanguage":"fr-FR","@id":"https:\/\/sports-custom.com\/fftir\/#\/schema\/logo\/image\/","url":"https:\/\/sports-custom.com\/fftir\/wp-content\/uploads\/sites\/59\/2022\/09\/fft-1.png","contentUrl":"https:\/\/sports-custom.com\/fftir\/wp-content\/uploads\/sites\/59\/2022\/09\/fft-1.png","width":1772,"height":827,"caption":"FFTIR"},"image":{"@id":"https:\/\/sports-custom.com\/fftir\/#\/schema\/logo\/image\/"}}]}},"_links":{"self":[{"href":"https:\/\/sports-custom.com\/fftir\/wp-json\/wp\/v2\/product\/3779","targetHints":{"allow":["GET"]}}],"collection":[{"href":"https:\/\/sports-custom.com\/fftir\/wp-json\/wp\/v2\/product"}],"about":[{"href":"https:\/\/sports-custom.com\/fftir\/wp-json\/wp\/v2\/types\/product"}],"wp:featuredmedia":[{"embeddable":true,"href":"https:\/\/sports-custom.com\/fftir\/wp-json\/wp\/v2\/media\/3780"}],"wp:attachment":[{"href":"https:\/\/sports-custom.com\/fftir\/wp-json\/wp\/v2\/media?parent=3779"}],"wp:term":[{"taxonomy":"product_brand","embeddable":true,"href":"https:\/\/sports-custom.com\/fftir\/wp-json\/wp\/v2\/product_brand?post=3779"},{"taxonomy":"product_cat","embeddable":true,"href":"https:\/\/sports-custom.com\/fftir\/wp-json\/wp\/v2\/product_cat?post=3779"},{"taxonomy":"product_tag","embeddable":true,"href":"https:\/\/sports-custom.com\/fftir\/wp-json\/wp\/v2\/product_tag?post=3779"}],"curies":[{"name":"wp","href":"https:\/\/api.w.org\/{rel}","templated":true}]}}