{"id":135,"date":"2019-03-06T17:54:55","date_gmt":"2019-03-06T16:54:55","guid":{"rendered":"http:\/\/sports-custom.com\/base\/?page_id=135"},"modified":"2025-12-08T17:00:10","modified_gmt":"2025-12-08T16:00:10","slug":"charte-misterugby","status":"publish","type":"page","link":"https:\/\/sports-custom.com\/french-darts-festival\/charte-misterugby\/","title":{"rendered":"Charte Sports Custom"},"content":{"rendered":"<p>&nbsp;<\/p>\n<h2 style=\"text-align: center;\">Pourquoi nous faire confiance ?<\/h2>\n<blockquote>\n<ul>\n<li>Vos achats en ligne sont 100 % s\u00e9curis\u00e9s<\/li>\n<li>Vos donn\u00e9es resteront totalement confidentielles<\/li>\n<li>Professionnel de la vente au d\u00e9tail et en gros depuis 2006<\/li>\n<li>Sp\u00e9cialiste de la personnalisation textile et de sa distribution<\/li>\n<li>Equipementier de plus de 600 clubs de sport et entreprises \u00e0 travers le Monde<\/li>\n<li>Un stock en temps r\u00e9el permettant la disponibilit\u00e9 r\u00e9elle des produits<\/li>\n<li>Satisfaction client garantie et service apr\u00e8s vente de qualit\u00e9<\/li>\n<li>D\u00e9lais de livraison sous 10 jours maximum<\/li>\n<\/ul>\n<p>&nbsp;<\/p><\/blockquote>\n<p>&nbsp;<\/p>\n","protected":false},"excerpt":{"rendered":"<p>&nbsp; Pourquoi nous faire confiance ? Vos achats en ligne sont 100 % s\u00e9curis\u00e9s Vos donn\u00e9es resteront totalement confidentielles Professionnel de la vente au d\u00e9tail et en gros depuis 2006 Sp\u00e9cialiste de la personnalisation textile et de sa distribution Equipementier de plus de 600 clubs de sport et entreprises \u00e0 travers le Monde Un stock [&hellip;]<\/p>\n","protected":false},"author":1,"featured_media":0,"parent":0,"menu_order":0,"comment_status":"closed","ping_status":"closed","template":"template-fullwidth.php","meta":{"footnotes":""},"class_list":["post-135","page","type-page","status-publish","hentry"],"_links":{"self":[{"href":"https:\/\/sports-custom.com\/french-darts-festival\/wp-json\/wp\/v2\/pages\/135","targetHints":{"allow":["GET"]}}],"collection":[{"href":"https:\/\/sports-custom.com\/french-darts-festival\/wp-json\/wp\/v2\/pages"}],"about":[{"href":"https:\/\/sports-custom.com\/french-darts-festival\/wp-json\/wp\/v2\/types\/page"}],"author":[{"embeddable":true,"href":"https:\/\/sports-custom.com\/french-darts-festival\/wp-json\/wp\/v2\/users\/1"}],"replies":[{"embeddable":true,"href":"https:\/\/sports-custom.com\/french-darts-festival\/wp-json\/wp\/v2\/comments?post=135"}],"version-history":[{"count":6,"href":"https:\/\/sports-custom.com\/french-darts-festival\/wp-json\/wp\/v2\/pages\/135\/revisions"}],"predecessor-version":[{"id":1067,"href":"https:\/\/sports-custom.com\/french-darts-festival\/wp-json\/wp\/v2\/pages\/135\/revisions\/1067"}],"wp:attachment":[{"href":"https:\/\/sports-custom.com\/french-darts-festival\/wp-json\/wp\/v2\/media?parent=135"}],"curies":[{"name":"wp","href":"https:\/\/api.w.org\/{rel}","templated":true}]}}