{"id":1119,"date":"2026-01-06T16:36:42","date_gmt":"2026-01-06T15:36:42","guid":{"rendered":"https:\/\/sports-custom.com\/french-darts-festival\/?post_type=product&#038;p=1119"},"modified":"2026-01-09T23:24:24","modified_gmt":"2026-01-09T22:24:24","slug":"tour-de-cible-de-ledition-2025-du-winamax-french-darts-festival","status":"publish","type":"product","link":"https:\/\/sports-custom.com\/french-darts-festival\/produit\/tour-de-cible-de-ledition-2025-du-winamax-french-darts-festival\/","title":{"rendered":"Tour de cible de l\u2019\u00e9dition 2025 du WINAMAX French Darts Festival"},"content":{"rendered":"","protected":false},"excerpt":{"rendered":"<p><strong><i>Pr\u00e9cision importante : le tour de cible vendu est une offre d\u2019occasion. Ils ont \u00e9t\u00e9 utilis\u00e9s lors du tournoi amateurs 2025. Ces produits peuvent comporter des impacts de fl\u00e9chettes. Tout achat est d\u00e9finitif et le client accepte que les produits puissent pr\u00e9senter des impacts.<\/i><\/strong><\/p>\n<p>&nbsp;<\/p>\n","protected":false},"featured_media":1120,"template":"","meta":[],"product_brand":[],"product_cat":[42],"product_tag":[],"class_list":{"0":"post-1119","1":"product","2":"type-product","3":"status-publish","4":"has-post-thumbnail","6":"product_cat-accessoires","8":"first","9":"instock","10":"taxable","11":"shipping-taxable","12":"purchasable","13":"product-type-simple"},"_links":{"self":[{"href":"https:\/\/sports-custom.com\/french-darts-festival\/wp-json\/wp\/v2\/product\/1119","targetHints":{"allow":["GET"]}}],"collection":[{"href":"https:\/\/sports-custom.com\/french-darts-festival\/wp-json\/wp\/v2\/product"}],"about":[{"href":"https:\/\/sports-custom.com\/french-darts-festival\/wp-json\/wp\/v2\/types\/product"}],"wp:featuredmedia":[{"embeddable":true,"href":"https:\/\/sports-custom.com\/french-darts-festival\/wp-json\/wp\/v2\/media\/1120"}],"wp:attachment":[{"href":"https:\/\/sports-custom.com\/french-darts-festival\/wp-json\/wp\/v2\/media?parent=1119"}],"wp:term":[{"taxonomy":"product_brand","embeddable":true,"href":"https:\/\/sports-custom.com\/french-darts-festival\/wp-json\/wp\/v2\/product_brand?post=1119"},{"taxonomy":"product_cat","embeddable":true,"href":"https:\/\/sports-custom.com\/french-darts-festival\/wp-json\/wp\/v2\/product_cat?post=1119"},{"taxonomy":"product_tag","embeddable":true,"href":"https:\/\/sports-custom.com\/french-darts-festival\/wp-json\/wp\/v2\/product_tag?post=1119"}],"curies":[{"name":"wp","href":"https:\/\/api.w.org\/{rel}","templated":true}]}}